{"id":2380,"date":"2020-10-22T17:08:18","date_gmt":"2020-10-22T15:08:18","guid":{"rendered":"https:\/\/www.sime-tek.com\/usato-ricondizionato-e-garantito\/"},"modified":"2022-07-08T11:46:23","modified_gmt":"2022-07-08T09:46:23","slug":"occasion-reconditionne-et-garanti","status":"publish","type":"page","link":"https:\/\/www.sime-tek.com\/fr\/occasion-reconditionne-et-garanti\/","title":{"rendered":"Occasion, reconditionn\u00e9 et garanti"},"content":{"rendered":"<p class=\"p1\">Nous disposons r\u00e9guli\u00e8rement de certains de nos mod\u00e8les d&rsquo;occasion. Dans le<br \/>\nprocessus de reconditionnement, nos techniciens contr\u00f4lent minutieusement toute la machine pour<br \/>\nv\u00e9rifier son bon fonctionnement et l&rsquo;\u00e9tat d&rsquo;usure de chaque composant.<br \/>\nNous effectuons g\u00e9n\u00e9ralement les modifications ou remplacements n\u00e9cessaires et nous offrons la garantie<br \/>\nstandard d&rsquo;1 an sur nos \u00e9quipements d&rsquo;occasion, tout comme<br \/>\nnous le faisons pour les neufs.<\/p>\n","protected":false},"excerpt":{"rendered":"<p>Un produit d&rsquo;occasion et reconditionn\u00e9 est une tr\u00e8s bonne opportunit\u00e9 pour ceux qui<br \/>\nsouhaitent agrandir\u2028le parc machines de leur usine \u00e0 moindre co\u00fbt qu&rsquo;un neuf. Chaque<br \/>\nmachine\u2028reconditionn\u00e9e par Sime-Tek a \u00e9t\u00e9 contr\u00f4l\u00e9e et test\u00e9e, et est couverte par la garantie.<br \/>\n<strong> En savoir plus sur les conditions et les produits disponibles.<\/strong><\/p>\n","protected":false},"author":1,"featured_media":0,"parent":0,"menu_order":0,"comment_status":"closed","ping_status":"closed","template":"page_USATO.php","meta":[],"acf":[],"yoast_head":"<!-- This site is optimized with the Yoast SEO plugin v20.7 - https:\/\/yoast.com\/wordpress\/plugins\/seo\/ -->\n<title>Occasion, reconditionn\u00e9 et garanti - Sime-tek<\/title>\n<meta name=\"robots\" content=\"index, follow, max-snippet:-1, max-image-preview:large, max-video-preview:-1\" \/>\n<link rel=\"canonical\" href=\"https:\/\/www.sime-tek.com\/fr\/occasion-reconditionne-et-garanti\/\" \/>\n<meta property=\"og:locale\" content=\"fr_FR\" \/>\n<meta property=\"og:type\" content=\"article\" \/>\n<meta property=\"og:title\" content=\"Occasion, reconditionn\u00e9 et garanti - Sime-tek\" \/>\n<meta property=\"og:description\" content=\"Un produit d&#039;occasion et reconditionn\u00e9 est une tr\u00e8s bonne opportunit\u00e9 pour ceux qui  souhaitent agrandir\u2028le parc machines de leur usine \u00e0 moindre co\u00fbt qu&#039;un neuf. Chaque  machine\u2028reconditionn\u00e9e par Sime-Tek a \u00e9t\u00e9 contr\u00f4l\u00e9e et test\u00e9e, et est couverte par la garantie.  En savoir plus sur les conditions et les produits disponibles.\" \/>\n<meta property=\"og:url\" content=\"https:\/\/www.sime-tek.com\/fr\/occasion-reconditionne-et-garanti\/\" \/>\n<meta property=\"og:site_name\" content=\"Sime-tek\" \/>\n<meta property=\"article:modified_time\" content=\"2022-07-08T09:46:23+00:00\" \/>\n<meta name=\"twitter:card\" content=\"summary_large_image\" \/>\n<meta name=\"twitter:label1\" content=\"Dur\u00e9e de lecture estim\u00e9e\" \/>\n\t<meta name=\"twitter:data1\" content=\"1 minute\" \/>\n<script type=\"application\/ld+json\" class=\"yoast-schema-graph\">{\"@context\":\"https:\/\/schema.org\",\"@graph\":[{\"@type\":\"WebPage\",\"@id\":\"https:\/\/www.sime-tek.com\/fr\/occasion-reconditionne-et-garanti\/\",\"url\":\"https:\/\/www.sime-tek.com\/fr\/occasion-reconditionne-et-garanti\/\",\"name\":\"Occasion, reconditionn\u00e9 et garanti - Sime-tek\",\"isPartOf\":{\"@id\":\"https:\/\/www.sime-tek.com\/fr\/#website\"},\"datePublished\":\"2020-10-22T15:08:18+00:00\",\"dateModified\":\"2022-07-08T09:46:23+00:00\",\"breadcrumb\":{\"@id\":\"https:\/\/www.sime-tek.com\/fr\/occasion-reconditionne-et-garanti\/#breadcrumb\"},\"inLanguage\":\"fr-FR\",\"potentialAction\":[{\"@type\":\"ReadAction\",\"target\":[\"https:\/\/www.sime-tek.com\/fr\/occasion-reconditionne-et-garanti\/\"]}]},{\"@type\":\"BreadcrumbList\",\"@id\":\"https:\/\/www.sime-tek.com\/fr\/occasion-reconditionne-et-garanti\/#breadcrumb\",\"itemListElement\":[{\"@type\":\"ListItem\",\"position\":1,\"name\":\"Home\",\"item\":\"https:\/\/www.sime-tek.com\/fr\/home\/\"},{\"@type\":\"ListItem\",\"position\":2,\"name\":\"Occasion, reconditionn\u00e9 et garanti\"}]},{\"@type\":\"WebSite\",\"@id\":\"https:\/\/www.sime-tek.com\/fr\/#website\",\"url\":\"https:\/\/www.sime-tek.com\/fr\/\",\"name\":\"Sime-tek\",\"description\":\"\",\"potentialAction\":[{\"@type\":\"SearchAction\",\"target\":{\"@type\":\"EntryPoint\",\"urlTemplate\":\"https:\/\/www.sime-tek.com\/fr\/?s={search_term_string}\"},\"query-input\":\"required name=search_term_string\"}],\"inLanguage\":\"fr-FR\"}]}<\/script>\n<!-- \/ Yoast SEO plugin. -->","yoast_head_json":{"title":"Occasion, reconditionn\u00e9 et garanti - Sime-tek","robots":{"index":"index","follow":"follow","max-snippet":"max-snippet:-1","max-image-preview":"max-image-preview:large","max-video-preview":"max-video-preview:-1"},"canonical":"https:\/\/www.sime-tek.com\/fr\/occasion-reconditionne-et-garanti\/","og_locale":"fr_FR","og_type":"article","og_title":"Occasion, reconditionn\u00e9 et garanti - Sime-tek","og_description":"Un produit d'occasion et reconditionn\u00e9 est une tr\u00e8s bonne opportunit\u00e9 pour ceux qui  souhaitent agrandir\u2028le parc machines de leur usine \u00e0 moindre co\u00fbt qu'un neuf. Chaque  machine\u2028reconditionn\u00e9e par Sime-Tek a \u00e9t\u00e9 contr\u00f4l\u00e9e et test\u00e9e, et est couverte par la garantie.  En savoir plus sur les conditions et les produits disponibles.","og_url":"https:\/\/www.sime-tek.com\/fr\/occasion-reconditionne-et-garanti\/","og_site_name":"Sime-tek","article_modified_time":"2022-07-08T09:46:23+00:00","twitter_card":"summary_large_image","twitter_misc":{"Dur\u00e9e de lecture estim\u00e9e":"1 minute"},"schema":{"@context":"https:\/\/schema.org","@graph":[{"@type":"WebPage","@id":"https:\/\/www.sime-tek.com\/fr\/occasion-reconditionne-et-garanti\/","url":"https:\/\/www.sime-tek.com\/fr\/occasion-reconditionne-et-garanti\/","name":"Occasion, reconditionn\u00e9 et garanti - Sime-tek","isPartOf":{"@id":"https:\/\/www.sime-tek.com\/fr\/#website"},"datePublished":"2020-10-22T15:08:18+00:00","dateModified":"2022-07-08T09:46:23+00:00","breadcrumb":{"@id":"https:\/\/www.sime-tek.com\/fr\/occasion-reconditionne-et-garanti\/#breadcrumb"},"inLanguage":"fr-FR","potentialAction":[{"@type":"ReadAction","target":["https:\/\/www.sime-tek.com\/fr\/occasion-reconditionne-et-garanti\/"]}]},{"@type":"BreadcrumbList","@id":"https:\/\/www.sime-tek.com\/fr\/occasion-reconditionne-et-garanti\/#breadcrumb","itemListElement":[{"@type":"ListItem","position":1,"name":"Home","item":"https:\/\/www.sime-tek.com\/fr\/home\/"},{"@type":"ListItem","position":2,"name":"Occasion, reconditionn\u00e9 et garanti"}]},{"@type":"WebSite","@id":"https:\/\/www.sime-tek.com\/fr\/#website","url":"https:\/\/www.sime-tek.com\/fr\/","name":"Sime-tek","description":"","potentialAction":[{"@type":"SearchAction","target":{"@type":"EntryPoint","urlTemplate":"https:\/\/www.sime-tek.com\/fr\/?s={search_term_string}"},"query-input":"required name=search_term_string"}],"inLanguage":"fr-FR"}]}},"wps_subtitle":"Machines d'occasion certifi\u00e9es","_links":{"self":[{"href":"https:\/\/www.sime-tek.com\/fr\/wp-json\/wp\/v2\/pages\/2380"}],"collection":[{"href":"https:\/\/www.sime-tek.com\/fr\/wp-json\/wp\/v2\/pages"}],"about":[{"href":"https:\/\/www.sime-tek.com\/fr\/wp-json\/wp\/v2\/types\/page"}],"author":[{"embeddable":true,"href":"https:\/\/www.sime-tek.com\/fr\/wp-json\/wp\/v2\/users\/1"}],"replies":[{"embeddable":true,"href":"https:\/\/www.sime-tek.com\/fr\/wp-json\/wp\/v2\/comments?post=2380"}],"version-history":[{"count":5,"href":"https:\/\/www.sime-tek.com\/fr\/wp-json\/wp\/v2\/pages\/2380\/revisions"}],"predecessor-version":[{"id":3588,"href":"https:\/\/www.sime-tek.com\/fr\/wp-json\/wp\/v2\/pages\/2380\/revisions\/3588"}],"wp:attachment":[{"href":"https:\/\/www.sime-tek.com\/fr\/wp-json\/wp\/v2\/media?parent=2380"}],"curies":[{"name":"wp","href":"https:\/\/api.w.org\/{rel}","templated":true}]}}