{"id":2372,"date":"2020-10-19T13:00:05","date_gmt":"2020-10-19T11:00:05","guid":{"rendered":"https:\/\/www.sime-tek.com\/tecnologia\/"},"modified":"2021-05-25T10:02:46","modified_gmt":"2021-05-25T08:02:46","slug":"technologie","status":"publish","type":"page","link":"https:\/\/www.sime-tek.com\/fr\/technologie\/","title":{"rendered":"Technologie"},"content":{"rendered":"<p class=\"p1\">Le syst\u00e8me d&rsquo;exploitation Sime-Tek est n\u00e9 directement de l&rsquo;exp\u00e9rience acquise dans le secteur textile<br \/>\njusqu&rsquo;en 1995, avant d&rsquo;entrer dans le monde des \u0153ufs.<\/p>\n<p class=\"p1\">Comme dans l&rsquo;industrie textile, les syst\u00e8mes de production de l&rsquo;industrie avicole doivent assurer une production continue<br \/>\net sans interruptions, pour <b>maximiser les investissements et r\u00e9duire les co\u00fbts<\/b> de main-d&rsquo;\u0153uvre.<\/p>\n<p class=\"p1\">Et c&rsquo;est selon cette philosophie de travail que les machines Sime-Tek se sont av\u00e9r\u00e9es <b>uniques sur le march\u00e9<\/b><br \/>\n<b>en termes d&rsquo;efficacit\u00e9 de production et de facilit\u00e9 d&rsquo;utilisation.<\/b><\/p>\n<p class=\"p1\">Gr\u00e2ce \u00e0 des <b>composants simplifi\u00e9s<\/b> et un <b>processus de travail<\/b> extr\u00eamement <b>intuitif<\/b>, les machines Sime-Tek<br \/>\nconviennent \u00e9galement aux nouveaux venus dans le monde de l&rsquo;aviculture.<\/p>\n","protected":false},"excerpt":{"rendered":"<p>Le syst\u00e8me d&rsquo;exploitation Sime-Tek est n\u00e9 directement de l&rsquo;exp\u00e9rience acquise dans le secteur textile jusqu&rsquo;en 1995, avant d&rsquo;entrer dans le monde des \u0153ufs. Comme dans l&rsquo;industrie textile, les syst\u00e8mes de production de l&rsquo;industrie avicole doivent assurer une production continue et sans interruptions, pour maximiser les investissements et r\u00e9duire les co\u00fbts de main-d&rsquo;\u0153uvre. Et c&rsquo;est selon [&hellip;]<\/p>\n","protected":false},"author":1,"featured_media":2373,"parent":0,"menu_order":0,"comment_status":"closed","ping_status":"closed","template":"page_TECNOLOGIA.php","meta":[],"acf":[],"yoast_head":"<!-- This site is optimized with the Yoast SEO plugin v20.7 - https:\/\/yoast.com\/wordpress\/plugins\/seo\/ -->\n<title>Syst\u00e8mes automatiques de vision, accessoires pour la production d&#039;\u0153ufs, syst\u00e8mes de contr\u00f4le des \u0153ufs | Sime-Tek<\/title>\n<meta name=\"description\" content=\"Nos syst\u00e8mes de production garantissent une production continue et sans interruptions, pour maximiser les investissements et r\u00e9duire les co\u00fbts de production.\" \/>\n<meta name=\"robots\" content=\"index, follow, max-snippet:-1, max-image-preview:large, max-video-preview:-1\" \/>\n<link rel=\"canonical\" href=\"https:\/\/www.sime-tek.com\/fr\/technologie\/\" \/>\n<meta property=\"og:locale\" content=\"fr_FR\" \/>\n<meta property=\"og:type\" content=\"article\" \/>\n<meta property=\"og:title\" content=\"Syst\u00e8mes automatiques de vision, accessoires pour la production d&#039;\u0153ufs, syst\u00e8mes de contr\u00f4le des \u0153ufs | Sime-Tek\" \/>\n<meta property=\"og:description\" content=\"Nos syst\u00e8mes de production garantissent une production continue et sans interruptions, pour maximiser les investissements et r\u00e9duire les co\u00fbts de production.\" \/>\n<meta property=\"og:url\" content=\"https:\/\/www.sime-tek.com\/fr\/technologie\/\" \/>\n<meta property=\"og:site_name\" content=\"Sime-tek\" \/>\n<meta property=\"article:modified_time\" content=\"2021-05-25T08:02:46+00:00\" \/>\n<meta property=\"og:image\" content=\"https:\/\/www.sime-tek.com\/wp-content\/uploads\/2020\/10\/tecnologia.jpg\" \/>\n\t<meta property=\"og:image:width\" content=\"1920\" \/>\n\t<meta property=\"og:image:height\" content=\"1327\" \/>\n\t<meta property=\"og:image:type\" content=\"image\/jpeg\" \/>\n<meta name=\"twitter:card\" content=\"summary_large_image\" \/>\n<meta name=\"twitter:label1\" content=\"Dur\u00e9e de lecture estim\u00e9e\" \/>\n\t<meta name=\"twitter:data1\" content=\"1 minute\" \/>\n<script type=\"application\/ld+json\" class=\"yoast-schema-graph\">{\"@context\":\"https:\/\/schema.org\",\"@graph\":[{\"@type\":\"WebPage\",\"@id\":\"https:\/\/www.sime-tek.com\/fr\/technologie\/\",\"url\":\"https:\/\/www.sime-tek.com\/fr\/technologie\/\",\"name\":\"Syst\u00e8mes automatiques de vision, accessoires pour la production d'\u0153ufs, syst\u00e8mes de contr\u00f4le des \u0153ufs | Sime-Tek\",\"isPartOf\":{\"@id\":\"https:\/\/www.sime-tek.com\/fr\/#website\"},\"datePublished\":\"2020-10-19T11:00:05+00:00\",\"dateModified\":\"2021-05-25T08:02:46+00:00\",\"description\":\"Nos syst\u00e8mes de production garantissent une production continue et sans interruptions, pour maximiser les investissements et r\u00e9duire les co\u00fbts de production.\",\"breadcrumb\":{\"@id\":\"https:\/\/www.sime-tek.com\/fr\/technologie\/#breadcrumb\"},\"inLanguage\":\"fr-FR\",\"potentialAction\":[{\"@type\":\"ReadAction\",\"target\":[\"https:\/\/www.sime-tek.com\/fr\/technologie\/\"]}]},{\"@type\":\"BreadcrumbList\",\"@id\":\"https:\/\/www.sime-tek.com\/fr\/technologie\/#breadcrumb\",\"itemListElement\":[{\"@type\":\"ListItem\",\"position\":1,\"name\":\"Home\",\"item\":\"https:\/\/www.sime-tek.com\/fr\/home\/\"},{\"@type\":\"ListItem\",\"position\":2,\"name\":\"Technologie\"}]},{\"@type\":\"WebSite\",\"@id\":\"https:\/\/www.sime-tek.com\/fr\/#website\",\"url\":\"https:\/\/www.sime-tek.com\/fr\/\",\"name\":\"Sime-tek\",\"description\":\"\",\"potentialAction\":[{\"@type\":\"SearchAction\",\"target\":{\"@type\":\"EntryPoint\",\"urlTemplate\":\"https:\/\/www.sime-tek.com\/fr\/?s={search_term_string}\"},\"query-input\":\"required name=search_term_string\"}],\"inLanguage\":\"fr-FR\"}]}<\/script>\n<!-- \/ Yoast SEO plugin. -->","yoast_head_json":{"title":"Syst\u00e8mes automatiques de vision, accessoires pour la production d'\u0153ufs, syst\u00e8mes de contr\u00f4le des \u0153ufs | Sime-Tek","description":"Nos syst\u00e8mes de production garantissent une production continue et sans interruptions, pour maximiser les investissements et r\u00e9duire les co\u00fbts de production.","robots":{"index":"index","follow":"follow","max-snippet":"max-snippet:-1","max-image-preview":"max-image-preview:large","max-video-preview":"max-video-preview:-1"},"canonical":"https:\/\/www.sime-tek.com\/fr\/technologie\/","og_locale":"fr_FR","og_type":"article","og_title":"Syst\u00e8mes automatiques de vision, accessoires pour la production d'\u0153ufs, syst\u00e8mes de contr\u00f4le des \u0153ufs | Sime-Tek","og_description":"Nos syst\u00e8mes de production garantissent une production continue et sans interruptions, pour maximiser les investissements et r\u00e9duire les co\u00fbts de production.","og_url":"https:\/\/www.sime-tek.com\/fr\/technologie\/","og_site_name":"Sime-tek","article_modified_time":"2021-05-25T08:02:46+00:00","og_image":[{"width":1920,"height":1327,"url":"https:\/\/www.sime-tek.com\/wp-content\/uploads\/2020\/10\/tecnologia.jpg","type":"image\/jpeg"}],"twitter_card":"summary_large_image","twitter_misc":{"Dur\u00e9e de lecture estim\u00e9e":"1 minute"},"schema":{"@context":"https:\/\/schema.org","@graph":[{"@type":"WebPage","@id":"https:\/\/www.sime-tek.com\/fr\/technologie\/","url":"https:\/\/www.sime-tek.com\/fr\/technologie\/","name":"Syst\u00e8mes automatiques de vision, accessoires pour la production d'\u0153ufs, syst\u00e8mes de contr\u00f4le des \u0153ufs | Sime-Tek","isPartOf":{"@id":"https:\/\/www.sime-tek.com\/fr\/#website"},"datePublished":"2020-10-19T11:00:05+00:00","dateModified":"2021-05-25T08:02:46+00:00","description":"Nos syst\u00e8mes de production garantissent une production continue et sans interruptions, pour maximiser les investissements et r\u00e9duire les co\u00fbts de production.","breadcrumb":{"@id":"https:\/\/www.sime-tek.com\/fr\/technologie\/#breadcrumb"},"inLanguage":"fr-FR","potentialAction":[{"@type":"ReadAction","target":["https:\/\/www.sime-tek.com\/fr\/technologie\/"]}]},{"@type":"BreadcrumbList","@id":"https:\/\/www.sime-tek.com\/fr\/technologie\/#breadcrumb","itemListElement":[{"@type":"ListItem","position":1,"name":"Home","item":"https:\/\/www.sime-tek.com\/fr\/home\/"},{"@type":"ListItem","position":2,"name":"Technologie"}]},{"@type":"WebSite","@id":"https:\/\/www.sime-tek.com\/fr\/#website","url":"https:\/\/www.sime-tek.com\/fr\/","name":"Sime-tek","description":"","potentialAction":[{"@type":"SearchAction","target":{"@type":"EntryPoint","urlTemplate":"https:\/\/www.sime-tek.com\/fr\/?s={search_term_string}"},"query-input":"required name=search_term_string"}],"inLanguage":"fr-FR"}]}},"wps_subtitle":"La technologie Sime-Tek","_links":{"self":[{"href":"https:\/\/www.sime-tek.com\/fr\/wp-json\/wp\/v2\/pages\/2372"}],"collection":[{"href":"https:\/\/www.sime-tek.com\/fr\/wp-json\/wp\/v2\/pages"}],"about":[{"href":"https:\/\/www.sime-tek.com\/fr\/wp-json\/wp\/v2\/types\/page"}],"author":[{"embeddable":true,"href":"https:\/\/www.sime-tek.com\/fr\/wp-json\/wp\/v2\/users\/1"}],"replies":[{"embeddable":true,"href":"https:\/\/www.sime-tek.com\/fr\/wp-json\/wp\/v2\/comments?post=2372"}],"version-history":[{"count":3,"href":"https:\/\/www.sime-tek.com\/fr\/wp-json\/wp\/v2\/pages\/2372\/revisions"}],"predecessor-version":[{"id":3228,"href":"https:\/\/www.sime-tek.com\/fr\/wp-json\/wp\/v2\/pages\/2372\/revisions\/3228"}],"wp:featuredmedia":[{"embeddable":true,"href":"https:\/\/www.sime-tek.com\/fr\/wp-json\/wp\/v2\/media\/2373"}],"wp:attachment":[{"href":"https:\/\/www.sime-tek.com\/fr\/wp-json\/wp\/v2\/media?parent=2372"}],"curies":[{"name":"wp","href":"https:\/\/api.w.org\/{rel}","templated":true}]}}