{"id":2344,"date":"2020-10-21T16:48:49","date_gmt":"2020-10-21T14:48:49","guid":{"rendered":"https:\/\/www.sime-tek.com\/prodotti\/imballatrici\/idrapack-re\/"},"modified":"2026-02-25T11:18:57","modified_gmt":"2026-02-25T10:18:57","slug":"idrapack-re","status":"publish","type":"page","link":"https:\/\/www.sime-tek.com\/fr\/produits\/emballeuses\/idrapack-re\/","title":{"rendered":"Idrapack-re"},"content":{"rendered":"<p class=\"p1\">Si la pes\u00e9e n&rsquo;est pas obligatoire ou ne fait pas partie de votre exploitation,<br \/>\nIDRAPACK-RE peut <b>automatiser <\/b>le processus de collecte et de conditionnement des<br \/>\n\u0153ufs dans les emballages pour le consommateur final, avec une \u00e9conomie de temps cons\u00e9quente,<br \/>\nune <b>qualit\u00e9 majeure<\/b> du produit final et une fiabilit\u00e9 de fonctionnement maximale.<br \/>\nCeci vous permettra d&rsquo;<b>optimiser les co\u00fbts de production<\/b>, tout en maintenant<br \/>\nl&rsquo;investissement initial bas.<\/p>\n","protected":false},"excerpt":{"rendered":"<p>Emballeuse Sime-Tek<br \/>\nd&rsquo;une capacit\u00e9 de 25 000 \u0153ufs\/heure.<\/p>\n","protected":false},"author":1,"featured_media":2345,"parent":2304,"menu_order":4,"comment_status":"closed","ping_status":"closed","template":"page_SCHEDA_PRODOTTO.php","meta":[],"acf":[],"yoast_head":"<!-- This site is optimized with the Yoast SEO plugin v20.7 - https:\/\/yoast.com\/wordpress\/plugins\/seo\/ -->\n<title>Idrapack-Re - Conditionneuse d&#039;\u0153ufs - 25 000 \u0153ufs\/heure | Sime-Tek<\/title>\n<meta name=\"description\" content=\"Cette conditionneuse permet un emballage s\u00fbr et fiable des \u0153ufs d\u00e9j\u00e0 s\u00e9lectionn\u00e9s, o\u00f9 le calibrage n&#039;est pas obligatoire, ou dans les exploitations avicoles BIO.\" \/>\n<meta name=\"robots\" content=\"index, follow, max-snippet:-1, max-image-preview:large, max-video-preview:-1\" \/>\n<link rel=\"canonical\" href=\"https:\/\/www.sime-tek.com\/fr\/produits\/emballeuses\/idrapack-re\/\" \/>\n<meta property=\"og:locale\" content=\"fr_FR\" \/>\n<meta property=\"og:type\" content=\"article\" \/>\n<meta property=\"og:title\" content=\"Idrapack-Re - Conditionneuse d&#039;\u0153ufs - 25 000 \u0153ufs\/heure | Sime-Tek\" \/>\n<meta property=\"og:description\" content=\"Cette conditionneuse permet un emballage s\u00fbr et fiable des \u0153ufs d\u00e9j\u00e0 s\u00e9lectionn\u00e9s, o\u00f9 le calibrage n&#039;est pas obligatoire, ou dans les exploitations avicoles BIO.\" \/>\n<meta property=\"og:url\" content=\"https:\/\/www.sime-tek.com\/fr\/produits\/emballeuses\/idrapack-re\/\" \/>\n<meta property=\"og:site_name\" content=\"Sime-tek\" \/>\n<meta property=\"article:modified_time\" content=\"2026-02-25T10:18:57+00:00\" \/>\n<meta property=\"og:image\" content=\"https:\/\/www.sime-tek.com\/wp-content\/uploads\/2021\/01\/idrapackre.png\" \/>\n\t<meta property=\"og:image:width\" content=\"1200\" \/>\n\t<meta property=\"og:image:height\" content=\"616\" \/>\n\t<meta property=\"og:image:type\" content=\"image\/png\" \/>\n<meta name=\"twitter:card\" content=\"summary_large_image\" \/>\n<meta name=\"twitter:label1\" content=\"Dur\u00e9e de lecture estim\u00e9e\" \/>\n\t<meta name=\"twitter:data1\" content=\"1 minute\" \/>\n<script type=\"application\/ld+json\" class=\"yoast-schema-graph\">{\"@context\":\"https:\/\/schema.org\",\"@graph\":[{\"@type\":\"WebPage\",\"@id\":\"https:\/\/www.sime-tek.com\/fr\/produits\/emballeuses\/idrapack-re\/\",\"url\":\"https:\/\/www.sime-tek.com\/fr\/produits\/emballeuses\/idrapack-re\/\",\"name\":\"Idrapack-Re - Conditionneuse d'\u0153ufs - 25 000 \u0153ufs\/heure | Sime-Tek\",\"isPartOf\":{\"@id\":\"https:\/\/www.sime-tek.com\/fr\/#website\"},\"datePublished\":\"2020-10-21T14:48:49+00:00\",\"dateModified\":\"2026-02-25T10:18:57+00:00\",\"description\":\"Cette conditionneuse permet un emballage s\u00fbr et fiable des \u0153ufs d\u00e9j\u00e0 s\u00e9lectionn\u00e9s, o\u00f9 le calibrage n'est pas obligatoire, ou dans les exploitations avicoles BIO.\",\"breadcrumb\":{\"@id\":\"https:\/\/www.sime-tek.com\/fr\/produits\/emballeuses\/idrapack-re\/#breadcrumb\"},\"inLanguage\":\"fr-FR\",\"potentialAction\":[{\"@type\":\"ReadAction\",\"target\":[\"https:\/\/www.sime-tek.com\/fr\/produits\/emballeuses\/idrapack-re\/\"]}]},{\"@type\":\"BreadcrumbList\",\"@id\":\"https:\/\/www.sime-tek.com\/fr\/produits\/emballeuses\/idrapack-re\/#breadcrumb\",\"itemListElement\":[{\"@type\":\"ListItem\",\"position\":1,\"name\":\"Home\",\"item\":\"https:\/\/www.sime-tek.com\/fr\/home\/\"},{\"@type\":\"ListItem\",\"position\":2,\"name\":\"Produits\",\"item\":\"https:\/\/www.sime-tek.com\/fr\/produits\/\"},{\"@type\":\"ListItem\",\"position\":3,\"name\":\"Emballeuses\",\"item\":\"https:\/\/www.sime-tek.com\/fr\/produits\/emballeuses\/\"},{\"@type\":\"ListItem\",\"position\":4,\"name\":\"Idrapack-re\"}]},{\"@type\":\"WebSite\",\"@id\":\"https:\/\/www.sime-tek.com\/fr\/#website\",\"url\":\"https:\/\/www.sime-tek.com\/fr\/\",\"name\":\"Sime-tek\",\"description\":\"\",\"potentialAction\":[{\"@type\":\"SearchAction\",\"target\":{\"@type\":\"EntryPoint\",\"urlTemplate\":\"https:\/\/www.sime-tek.com\/fr\/?s={search_term_string}\"},\"query-input\":\"required name=search_term_string\"}],\"inLanguage\":\"fr-FR\"}]}<\/script>\n<!-- \/ Yoast SEO plugin. -->","yoast_head_json":{"title":"Idrapack-Re - Conditionneuse d'\u0153ufs - 25 000 \u0153ufs\/heure | Sime-Tek","description":"Cette conditionneuse permet un emballage s\u00fbr et fiable des \u0153ufs d\u00e9j\u00e0 s\u00e9lectionn\u00e9s, o\u00f9 le calibrage n'est pas obligatoire, ou dans les exploitations avicoles BIO.","robots":{"index":"index","follow":"follow","max-snippet":"max-snippet:-1","max-image-preview":"max-image-preview:large","max-video-preview":"max-video-preview:-1"},"canonical":"https:\/\/www.sime-tek.com\/fr\/produits\/emballeuses\/idrapack-re\/","og_locale":"fr_FR","og_type":"article","og_title":"Idrapack-Re - Conditionneuse d'\u0153ufs - 25 000 \u0153ufs\/heure | Sime-Tek","og_description":"Cette conditionneuse permet un emballage s\u00fbr et fiable des \u0153ufs d\u00e9j\u00e0 s\u00e9lectionn\u00e9s, o\u00f9 le calibrage n'est pas obligatoire, ou dans les exploitations avicoles BIO.","og_url":"https:\/\/www.sime-tek.com\/fr\/produits\/emballeuses\/idrapack-re\/","og_site_name":"Sime-tek","article_modified_time":"2026-02-25T10:18:57+00:00","og_image":[{"width":1200,"height":616,"url":"https:\/\/www.sime-tek.com\/wp-content\/uploads\/2021\/01\/idrapackre.png","type":"image\/png"}],"twitter_card":"summary_large_image","twitter_misc":{"Dur\u00e9e de lecture estim\u00e9e":"1 minute"},"schema":{"@context":"https:\/\/schema.org","@graph":[{"@type":"WebPage","@id":"https:\/\/www.sime-tek.com\/fr\/produits\/emballeuses\/idrapack-re\/","url":"https:\/\/www.sime-tek.com\/fr\/produits\/emballeuses\/idrapack-re\/","name":"Idrapack-Re - Conditionneuse d'\u0153ufs - 25 000 \u0153ufs\/heure | Sime-Tek","isPartOf":{"@id":"https:\/\/www.sime-tek.com\/fr\/#website"},"datePublished":"2020-10-21T14:48:49+00:00","dateModified":"2026-02-25T10:18:57+00:00","description":"Cette conditionneuse permet un emballage s\u00fbr et fiable des \u0153ufs d\u00e9j\u00e0 s\u00e9lectionn\u00e9s, o\u00f9 le calibrage n'est pas obligatoire, ou dans les exploitations avicoles BIO.","breadcrumb":{"@id":"https:\/\/www.sime-tek.com\/fr\/produits\/emballeuses\/idrapack-re\/#breadcrumb"},"inLanguage":"fr-FR","potentialAction":[{"@type":"ReadAction","target":["https:\/\/www.sime-tek.com\/fr\/produits\/emballeuses\/idrapack-re\/"]}]},{"@type":"BreadcrumbList","@id":"https:\/\/www.sime-tek.com\/fr\/produits\/emballeuses\/idrapack-re\/#breadcrumb","itemListElement":[{"@type":"ListItem","position":1,"name":"Home","item":"https:\/\/www.sime-tek.com\/fr\/home\/"},{"@type":"ListItem","position":2,"name":"Produits","item":"https:\/\/www.sime-tek.com\/fr\/produits\/"},{"@type":"ListItem","position":3,"name":"Emballeuses","item":"https:\/\/www.sime-tek.com\/fr\/produits\/emballeuses\/"},{"@type":"ListItem","position":4,"name":"Idrapack-re"}]},{"@type":"WebSite","@id":"https:\/\/www.sime-tek.com\/fr\/#website","url":"https:\/\/www.sime-tek.com\/fr\/","name":"Sime-tek","description":"","potentialAction":[{"@type":"SearchAction","target":{"@type":"EntryPoint","urlTemplate":"https:\/\/www.sime-tek.com\/fr\/?s={search_term_string}"},"query-input":"required name=search_term_string"}],"inLanguage":"fr-FR"}]}},"wps_subtitle":"JUSQU'\u00c0 25 000 \u0152UFS\/HEURE","_links":{"self":[{"href":"https:\/\/www.sime-tek.com\/fr\/wp-json\/wp\/v2\/pages\/2344"}],"collection":[{"href":"https:\/\/www.sime-tek.com\/fr\/wp-json\/wp\/v2\/pages"}],"about":[{"href":"https:\/\/www.sime-tek.com\/fr\/wp-json\/wp\/v2\/types\/page"}],"author":[{"embeddable":true,"href":"https:\/\/www.sime-tek.com\/fr\/wp-json\/wp\/v2\/users\/1"}],"replies":[{"embeddable":true,"href":"https:\/\/www.sime-tek.com\/fr\/wp-json\/wp\/v2\/comments?post=2344"}],"version-history":[{"count":4,"href":"https:\/\/www.sime-tek.com\/fr\/wp-json\/wp\/v2\/pages\/2344\/revisions"}],"predecessor-version":[{"id":4245,"href":"https:\/\/www.sime-tek.com\/fr\/wp-json\/wp\/v2\/pages\/2344\/revisions\/4245"}],"up":[{"embeddable":true,"href":"https:\/\/www.sime-tek.com\/fr\/wp-json\/wp\/v2\/pages\/2304"}],"wp:featuredmedia":[{"embeddable":true,"href":"https:\/\/www.sime-tek.com\/fr\/wp-json\/wp\/v2\/media\/2345"}],"wp:attachment":[{"href":"https:\/\/www.sime-tek.com\/fr\/wp-json\/wp\/v2\/media?parent=2344"}],"curies":[{"name":"wp","href":"https:\/\/api.w.org\/{rel}","templated":true}]}}