{"id":2336,"date":"2020-10-21T16:48:30","date_gmt":"2020-10-21T14:48:30","guid":{"rendered":"https:\/\/www.sime-tek.com\/prodotti\/imballatrici\/flashpack\/"},"modified":"2026-02-25T11:23:33","modified_gmt":"2026-02-25T10:23:33","slug":"flashpack","status":"publish","type":"page","link":"https:\/\/www.sime-tek.com\/fr\/produits\/emballeuses\/flashpack\/","title":{"rendered":"Flashpack"},"content":{"rendered":"<p class=\"p1\">L&#8217;emballeuse phare de la ligne Sime-Tek avec la capacit\u00e9 maximale de cat\u00e9gorie,<br \/>\npour les <b>centres de collecte<\/b> les plus <b>automatis\u00e9s.<\/b>\u00a0Avec une <b>fiabilit\u00e9<\/b>,<br \/>\nune modularit\u00e9 et un potentiel de <b>personnalisation <\/b>majeurs, FLASHPACK (da 40 a 80 000 oeufs\/heure)<br \/>\nautomatise le processus de collecte pour les exploitations les plus grandes, en garantissant les <b>co\u00fbts<\/b><br \/>\n<b>d&rsquo;exploitation les plus bas<\/b> du march\u00e9.\u00a0Dans la version 80, le concept de la <b>double t\u00eate d&#8217;emballage<\/b> garantit<br \/>\nun fonctionnement continu et une efficacit\u00e9 maximale, en \u00e9liminant les temps d&rsquo;arr\u00eat.<\/p>\n<p class=\"p1\">Avec des accessoires comme\u00a0<b>Syst\u00e8me automatique de Vision\u00a0<\/b>ou Robot de palettisation,<br \/>\nelle garantit un fonctionnement compl\u00e8tement automatis\u00e9 jusqu&rsquo;\u00e0 80 000 \u0153ufs\/heure.<\/p>\n","protected":false},"excerpt":{"rendered":"<p>Le syst\u00e8me d&#8217;emballage Flashpack<br \/>\n(pr\u00e9sent sur les calibreuses Sirio) est<br \/>\nle fleuron de l&rsquo;ing\u00e9niosit\u00e9 Sime-Tek.<\/p>\n","protected":false},"author":1,"featured_media":2337,"parent":2304,"menu_order":3,"comment_status":"closed","ping_status":"closed","template":"page_SCHEDA_PRODOTTO.php","meta":[],"acf":[],"yoast_head":"<!-- This site is optimized with the Yoast SEO plugin v20.7 - https:\/\/yoast.com\/wordpress\/plugins\/seo\/ -->\n<title>FLASHPACK - Emballeuse Automatique - 40\/80 000 \u0153ufs\/heure | Sime-Tek<\/title>\n<meta name=\"description\" content=\"Farmpacker avec d\u00e9tection automatique des \u0153ufs sales et cass\u00e9s. Les \u0153ufs sales et cass\u00e9s sont \u00e9limin\u00e9s par le syst\u00e8me d\u00e8s qu&#039;ils sont d\u00e9tect\u00e9s.\" \/>\n<meta name=\"robots\" content=\"index, follow, max-snippet:-1, max-image-preview:large, max-video-preview:-1\" \/>\n<link rel=\"canonical\" href=\"https:\/\/www.sime-tek.com\/fr\/produits\/emballeuses\/flashpack\/\" \/>\n<meta property=\"og:locale\" content=\"fr_FR\" \/>\n<meta property=\"og:type\" content=\"article\" \/>\n<meta property=\"og:title\" content=\"FLASHPACK - Emballeuse Automatique - 40\/80 000 \u0153ufs\/heure | Sime-Tek\" \/>\n<meta property=\"og:description\" content=\"Farmpacker avec d\u00e9tection automatique des \u0153ufs sales et cass\u00e9s. Les \u0153ufs sales et cass\u00e9s sont \u00e9limin\u00e9s par le syst\u00e8me d\u00e8s qu&#039;ils sont d\u00e9tect\u00e9s.\" \/>\n<meta property=\"og:url\" content=\"https:\/\/www.sime-tek.com\/fr\/produits\/emballeuses\/flashpack\/\" \/>\n<meta property=\"og:site_name\" content=\"Sime-tek\" \/>\n<meta property=\"article:modified_time\" content=\"2026-02-25T10:23:33+00:00\" \/>\n<meta property=\"og:image\" content=\"https:\/\/www.sime-tek.com\/wp-content\/uploads\/2021\/01\/flash.png\" \/>\n\t<meta property=\"og:image:width\" content=\"1200\" \/>\n\t<meta property=\"og:image:height\" content=\"919\" \/>\n\t<meta property=\"og:image:type\" content=\"image\/png\" \/>\n<meta name=\"twitter:card\" content=\"summary_large_image\" \/>\n<meta name=\"twitter:label1\" content=\"Dur\u00e9e de lecture estim\u00e9e\" \/>\n\t<meta name=\"twitter:data1\" content=\"1 minute\" \/>\n<script type=\"application\/ld+json\" class=\"yoast-schema-graph\">{\"@context\":\"https:\/\/schema.org\",\"@graph\":[{\"@type\":\"WebPage\",\"@id\":\"https:\/\/www.sime-tek.com\/fr\/produits\/emballeuses\/flashpack\/\",\"url\":\"https:\/\/www.sime-tek.com\/fr\/produits\/emballeuses\/flashpack\/\",\"name\":\"FLASHPACK - Emballeuse Automatique - 40\/80 000 \u0153ufs\/heure | Sime-Tek\",\"isPartOf\":{\"@id\":\"https:\/\/www.sime-tek.com\/fr\/#website\"},\"datePublished\":\"2020-10-21T14:48:30+00:00\",\"dateModified\":\"2026-02-25T10:23:33+00:00\",\"description\":\"Farmpacker avec d\u00e9tection automatique des \u0153ufs sales et cass\u00e9s. Les \u0153ufs sales et cass\u00e9s sont \u00e9limin\u00e9s par le syst\u00e8me d\u00e8s qu'ils sont d\u00e9tect\u00e9s.\",\"breadcrumb\":{\"@id\":\"https:\/\/www.sime-tek.com\/fr\/produits\/emballeuses\/flashpack\/#breadcrumb\"},\"inLanguage\":\"fr-FR\",\"potentialAction\":[{\"@type\":\"ReadAction\",\"target\":[\"https:\/\/www.sime-tek.com\/fr\/produits\/emballeuses\/flashpack\/\"]}]},{\"@type\":\"BreadcrumbList\",\"@id\":\"https:\/\/www.sime-tek.com\/fr\/produits\/emballeuses\/flashpack\/#breadcrumb\",\"itemListElement\":[{\"@type\":\"ListItem\",\"position\":1,\"name\":\"Home\",\"item\":\"https:\/\/www.sime-tek.com\/fr\/home\/\"},{\"@type\":\"ListItem\",\"position\":2,\"name\":\"Produits\",\"item\":\"https:\/\/www.sime-tek.com\/fr\/produits\/\"},{\"@type\":\"ListItem\",\"position\":3,\"name\":\"Emballeuses\",\"item\":\"https:\/\/www.sime-tek.com\/fr\/produits\/emballeuses\/\"},{\"@type\":\"ListItem\",\"position\":4,\"name\":\"Flashpack\"}]},{\"@type\":\"WebSite\",\"@id\":\"https:\/\/www.sime-tek.com\/fr\/#website\",\"url\":\"https:\/\/www.sime-tek.com\/fr\/\",\"name\":\"Sime-tek\",\"description\":\"\",\"potentialAction\":[{\"@type\":\"SearchAction\",\"target\":{\"@type\":\"EntryPoint\",\"urlTemplate\":\"https:\/\/www.sime-tek.com\/fr\/?s={search_term_string}\"},\"query-input\":\"required name=search_term_string\"}],\"inLanguage\":\"fr-FR\"}]}<\/script>\n<!-- \/ Yoast SEO plugin. -->","yoast_head_json":{"title":"FLASHPACK - Emballeuse Automatique - 40\/80 000 \u0153ufs\/heure | Sime-Tek","description":"Farmpacker avec d\u00e9tection automatique des \u0153ufs sales et cass\u00e9s. Les \u0153ufs sales et cass\u00e9s sont \u00e9limin\u00e9s par le syst\u00e8me d\u00e8s qu'ils sont d\u00e9tect\u00e9s.","robots":{"index":"index","follow":"follow","max-snippet":"max-snippet:-1","max-image-preview":"max-image-preview:large","max-video-preview":"max-video-preview:-1"},"canonical":"https:\/\/www.sime-tek.com\/fr\/produits\/emballeuses\/flashpack\/","og_locale":"fr_FR","og_type":"article","og_title":"FLASHPACK - Emballeuse Automatique - 40\/80 000 \u0153ufs\/heure | Sime-Tek","og_description":"Farmpacker avec d\u00e9tection automatique des \u0153ufs sales et cass\u00e9s. Les \u0153ufs sales et cass\u00e9s sont \u00e9limin\u00e9s par le syst\u00e8me d\u00e8s qu'ils sont d\u00e9tect\u00e9s.","og_url":"https:\/\/www.sime-tek.com\/fr\/produits\/emballeuses\/flashpack\/","og_site_name":"Sime-tek","article_modified_time":"2026-02-25T10:23:33+00:00","og_image":[{"width":1200,"height":919,"url":"https:\/\/www.sime-tek.com\/wp-content\/uploads\/2021\/01\/flash.png","type":"image\/png"}],"twitter_card":"summary_large_image","twitter_misc":{"Dur\u00e9e de lecture estim\u00e9e":"1 minute"},"schema":{"@context":"https:\/\/schema.org","@graph":[{"@type":"WebPage","@id":"https:\/\/www.sime-tek.com\/fr\/produits\/emballeuses\/flashpack\/","url":"https:\/\/www.sime-tek.com\/fr\/produits\/emballeuses\/flashpack\/","name":"FLASHPACK - Emballeuse Automatique - 40\/80 000 \u0153ufs\/heure | Sime-Tek","isPartOf":{"@id":"https:\/\/www.sime-tek.com\/fr\/#website"},"datePublished":"2020-10-21T14:48:30+00:00","dateModified":"2026-02-25T10:23:33+00:00","description":"Farmpacker avec d\u00e9tection automatique des \u0153ufs sales et cass\u00e9s. Les \u0153ufs sales et cass\u00e9s sont \u00e9limin\u00e9s par le syst\u00e8me d\u00e8s qu'ils sont d\u00e9tect\u00e9s.","breadcrumb":{"@id":"https:\/\/www.sime-tek.com\/fr\/produits\/emballeuses\/flashpack\/#breadcrumb"},"inLanguage":"fr-FR","potentialAction":[{"@type":"ReadAction","target":["https:\/\/www.sime-tek.com\/fr\/produits\/emballeuses\/flashpack\/"]}]},{"@type":"BreadcrumbList","@id":"https:\/\/www.sime-tek.com\/fr\/produits\/emballeuses\/flashpack\/#breadcrumb","itemListElement":[{"@type":"ListItem","position":1,"name":"Home","item":"https:\/\/www.sime-tek.com\/fr\/home\/"},{"@type":"ListItem","position":2,"name":"Produits","item":"https:\/\/www.sime-tek.com\/fr\/produits\/"},{"@type":"ListItem","position":3,"name":"Emballeuses","item":"https:\/\/www.sime-tek.com\/fr\/produits\/emballeuses\/"},{"@type":"ListItem","position":4,"name":"Flashpack"}]},{"@type":"WebSite","@id":"https:\/\/www.sime-tek.com\/fr\/#website","url":"https:\/\/www.sime-tek.com\/fr\/","name":"Sime-tek","description":"","potentialAction":[{"@type":"SearchAction","target":{"@type":"EntryPoint","urlTemplate":"https:\/\/www.sime-tek.com\/fr\/?s={search_term_string}"},"query-input":"required name=search_term_string"}],"inLanguage":"fr-FR"}]}},"wps_subtitle":"DE 40.000 \u00c0 80.000 \u0152UFS\/H","_links":{"self":[{"href":"https:\/\/www.sime-tek.com\/fr\/wp-json\/wp\/v2\/pages\/2336"}],"collection":[{"href":"https:\/\/www.sime-tek.com\/fr\/wp-json\/wp\/v2\/pages"}],"about":[{"href":"https:\/\/www.sime-tek.com\/fr\/wp-json\/wp\/v2\/types\/page"}],"author":[{"embeddable":true,"href":"https:\/\/www.sime-tek.com\/fr\/wp-json\/wp\/v2\/users\/1"}],"replies":[{"embeddable":true,"href":"https:\/\/www.sime-tek.com\/fr\/wp-json\/wp\/v2\/comments?post=2336"}],"version-history":[{"count":6,"href":"https:\/\/www.sime-tek.com\/fr\/wp-json\/wp\/v2\/pages\/2336\/revisions"}],"predecessor-version":[{"id":4250,"href":"https:\/\/www.sime-tek.com\/fr\/wp-json\/wp\/v2\/pages\/2336\/revisions\/4250"}],"up":[{"embeddable":true,"href":"https:\/\/www.sime-tek.com\/fr\/wp-json\/wp\/v2\/pages\/2304"}],"wp:featuredmedia":[{"embeddable":true,"href":"https:\/\/www.sime-tek.com\/fr\/wp-json\/wp\/v2\/media\/2337"}],"wp:attachment":[{"href":"https:\/\/www.sime-tek.com\/fr\/wp-json\/wp\/v2\/media?parent=2336"}],"curies":[{"name":"wp","href":"https:\/\/api.w.org\/{rel}","templated":true}]}}