{"id":2328,"date":"2021-01-27T12:38:26","date_gmt":"2021-01-27T11:38:26","guid":{"rendered":"https:\/\/www.sime-tek.com\/prodotti\/imballatrici\/idrapack\/"},"modified":"2026-03-18T14:46:00","modified_gmt":"2026-03-18T13:46:00","slug":"idrapack","status":"publish","type":"page","link":"https:\/\/www.sime-tek.com\/fr\/produits\/emballeuses\/idrapack\/","title":{"rendered":"Idrapack"},"content":{"rendered":"<p class=\"p1\">L&rsquo;\u00e9tape suivante pour votre production et une machine capable de <b>s&rsquo;adapter<\/b> \u00e0 la<br \/>\ncroissance de votre entreprise.\u00a0IDRAPACK vous offre une modularit\u00e9 des capacit\u00e9s (30 000 oeufs\/heure)<br \/>\navec la m\u00eame <b>simplicit\u00e9<\/b> de conception et de construction, permettant ainsi d&rsquo;acc\u00e9l\u00e9rer<br \/>\nle processus de collecte, sans compromettre la <b>qualit\u00e9<\/b> et sans augmenter vos co\u00fbts d&rsquo;entretien.<\/p>\n","protected":false},"excerpt":{"rendered":"<p>Polyvalente, compacte et dot\u00e9e d&rsquo;une capacit\u00e9<br \/>\nde production \u00e9lev\u00e9e, cette machine est id\u00e9ale<br \/>\npour la r\u00e9colte des \u0153ufs dans les exploitations<br \/>\nde taille moyenne.<\/p>\n","protected":false},"author":1,"featured_media":2329,"parent":2304,"menu_order":2,"comment_status":"closed","ping_status":"closed","template":"page_SCHEDA_PRODOTTO.php","meta":[],"acf":[],"yoast_head":"<!-- This site is optimized with the Yoast SEO plugin v20.7 - https:\/\/yoast.com\/wordpress\/plugins\/seo\/ -->\n<title>Idrapack 30 - Emballeuse Automatique - 30 000 \u0153ufs\/heure | Sime-Tek<\/title>\n<meta name=\"description\" content=\"Farmpacker polyvalente et compacte. Id\u00e9ale pour la collecte des \u0153ufs d&#039;exploitations de taille moyenne. Connexion \u00e0 tout type de cha\u00eene provenant directement des hangars.\" \/>\n<meta name=\"robots\" content=\"index, follow, max-snippet:-1, max-image-preview:large, max-video-preview:-1\" \/>\n<link rel=\"canonical\" href=\"https:\/\/www.sime-tek.com\/fr\/produits\/emballeuses\/idrapack\/\" \/>\n<meta property=\"og:locale\" content=\"fr_FR\" \/>\n<meta property=\"og:type\" content=\"article\" \/>\n<meta property=\"og:title\" content=\"Idrapack 30 - Emballeuse Automatique - 30 000 \u0153ufs\/heure | Sime-Tek\" \/>\n<meta property=\"og:description\" content=\"Farmpacker polyvalente et compacte. Id\u00e9ale pour la collecte des \u0153ufs d&#039;exploitations de taille moyenne. Connexion \u00e0 tout type de cha\u00eene provenant directement des hangars.\" \/>\n<meta property=\"og:url\" content=\"https:\/\/www.sime-tek.com\/fr\/produits\/emballeuses\/idrapack\/\" \/>\n<meta property=\"og:site_name\" content=\"Sime-tek\" \/>\n<meta property=\"article:modified_time\" content=\"2026-03-18T13:46:00+00:00\" \/>\n<meta property=\"og:image\" content=\"https:\/\/www.sime-tek.com\/wp-content\/uploads\/2021\/01\/idrapack.png\" \/>\n\t<meta property=\"og:image:width\" content=\"1200\" \/>\n\t<meta property=\"og:image:height\" content=\"784\" \/>\n\t<meta property=\"og:image:type\" content=\"image\/png\" \/>\n<meta name=\"twitter:card\" content=\"summary_large_image\" \/>\n<meta name=\"twitter:label1\" content=\"Dur\u00e9e de lecture estim\u00e9e\" \/>\n\t<meta name=\"twitter:data1\" content=\"1 minute\" \/>\n<script type=\"application\/ld+json\" class=\"yoast-schema-graph\">{\"@context\":\"https:\/\/schema.org\",\"@graph\":[{\"@type\":\"WebPage\",\"@id\":\"https:\/\/www.sime-tek.com\/fr\/produits\/emballeuses\/idrapack\/\",\"url\":\"https:\/\/www.sime-tek.com\/fr\/produits\/emballeuses\/idrapack\/\",\"name\":\"Idrapack 30 - Emballeuse Automatique - 30 000 \u0153ufs\/heure | Sime-Tek\",\"isPartOf\":{\"@id\":\"https:\/\/www.sime-tek.com\/fr\/#website\"},\"datePublished\":\"2021-01-27T11:38:26+00:00\",\"dateModified\":\"2026-03-18T13:46:00+00:00\",\"description\":\"Farmpacker polyvalente et compacte. Id\u00e9ale pour la collecte des \u0153ufs d'exploitations de taille moyenne. Connexion \u00e0 tout type de cha\u00eene provenant directement des hangars.\",\"breadcrumb\":{\"@id\":\"https:\/\/www.sime-tek.com\/fr\/produits\/emballeuses\/idrapack\/#breadcrumb\"},\"inLanguage\":\"fr-FR\",\"potentialAction\":[{\"@type\":\"ReadAction\",\"target\":[\"https:\/\/www.sime-tek.com\/fr\/produits\/emballeuses\/idrapack\/\"]}]},{\"@type\":\"BreadcrumbList\",\"@id\":\"https:\/\/www.sime-tek.com\/fr\/produits\/emballeuses\/idrapack\/#breadcrumb\",\"itemListElement\":[{\"@type\":\"ListItem\",\"position\":1,\"name\":\"Home\",\"item\":\"https:\/\/www.sime-tek.com\/fr\/home\/\"},{\"@type\":\"ListItem\",\"position\":2,\"name\":\"Produits\",\"item\":\"https:\/\/www.sime-tek.com\/fr\/produits\/\"},{\"@type\":\"ListItem\",\"position\":3,\"name\":\"Emballeuses\",\"item\":\"https:\/\/www.sime-tek.com\/fr\/produits\/emballeuses\/\"},{\"@type\":\"ListItem\",\"position\":4,\"name\":\"Idrapack\"}]},{\"@type\":\"WebSite\",\"@id\":\"https:\/\/www.sime-tek.com\/fr\/#website\",\"url\":\"https:\/\/www.sime-tek.com\/fr\/\",\"name\":\"Sime-tek\",\"description\":\"\",\"potentialAction\":[{\"@type\":\"SearchAction\",\"target\":{\"@type\":\"EntryPoint\",\"urlTemplate\":\"https:\/\/www.sime-tek.com\/fr\/?s={search_term_string}\"},\"query-input\":\"required name=search_term_string\"}],\"inLanguage\":\"fr-FR\"}]}<\/script>\n<!-- \/ Yoast SEO plugin. -->","yoast_head_json":{"title":"Idrapack 30 - Emballeuse Automatique - 30 000 \u0153ufs\/heure | Sime-Tek","description":"Farmpacker polyvalente et compacte. Id\u00e9ale pour la collecte des \u0153ufs d'exploitations de taille moyenne. Connexion \u00e0 tout type de cha\u00eene provenant directement des hangars.","robots":{"index":"index","follow":"follow","max-snippet":"max-snippet:-1","max-image-preview":"max-image-preview:large","max-video-preview":"max-video-preview:-1"},"canonical":"https:\/\/www.sime-tek.com\/fr\/produits\/emballeuses\/idrapack\/","og_locale":"fr_FR","og_type":"article","og_title":"Idrapack 30 - Emballeuse Automatique - 30 000 \u0153ufs\/heure | Sime-Tek","og_description":"Farmpacker polyvalente et compacte. Id\u00e9ale pour la collecte des \u0153ufs d'exploitations de taille moyenne. Connexion \u00e0 tout type de cha\u00eene provenant directement des hangars.","og_url":"https:\/\/www.sime-tek.com\/fr\/produits\/emballeuses\/idrapack\/","og_site_name":"Sime-tek","article_modified_time":"2026-03-18T13:46:00+00:00","og_image":[{"width":1200,"height":784,"url":"https:\/\/www.sime-tek.com\/wp-content\/uploads\/2021\/01\/idrapack.png","type":"image\/png"}],"twitter_card":"summary_large_image","twitter_misc":{"Dur\u00e9e de lecture estim\u00e9e":"1 minute"},"schema":{"@context":"https:\/\/schema.org","@graph":[{"@type":"WebPage","@id":"https:\/\/www.sime-tek.com\/fr\/produits\/emballeuses\/idrapack\/","url":"https:\/\/www.sime-tek.com\/fr\/produits\/emballeuses\/idrapack\/","name":"Idrapack 30 - Emballeuse Automatique - 30 000 \u0153ufs\/heure | Sime-Tek","isPartOf":{"@id":"https:\/\/www.sime-tek.com\/fr\/#website"},"datePublished":"2021-01-27T11:38:26+00:00","dateModified":"2026-03-18T13:46:00+00:00","description":"Farmpacker polyvalente et compacte. Id\u00e9ale pour la collecte des \u0153ufs d'exploitations de taille moyenne. Connexion \u00e0 tout type de cha\u00eene provenant directement des hangars.","breadcrumb":{"@id":"https:\/\/www.sime-tek.com\/fr\/produits\/emballeuses\/idrapack\/#breadcrumb"},"inLanguage":"fr-FR","potentialAction":[{"@type":"ReadAction","target":["https:\/\/www.sime-tek.com\/fr\/produits\/emballeuses\/idrapack\/"]}]},{"@type":"BreadcrumbList","@id":"https:\/\/www.sime-tek.com\/fr\/produits\/emballeuses\/idrapack\/#breadcrumb","itemListElement":[{"@type":"ListItem","position":1,"name":"Home","item":"https:\/\/www.sime-tek.com\/fr\/home\/"},{"@type":"ListItem","position":2,"name":"Produits","item":"https:\/\/www.sime-tek.com\/fr\/produits\/"},{"@type":"ListItem","position":3,"name":"Emballeuses","item":"https:\/\/www.sime-tek.com\/fr\/produits\/emballeuses\/"},{"@type":"ListItem","position":4,"name":"Idrapack"}]},{"@type":"WebSite","@id":"https:\/\/www.sime-tek.com\/fr\/#website","url":"https:\/\/www.sime-tek.com\/fr\/","name":"Sime-tek","description":"","potentialAction":[{"@type":"SearchAction","target":{"@type":"EntryPoint","urlTemplate":"https:\/\/www.sime-tek.com\/fr\/?s={search_term_string}"},"query-input":"required name=search_term_string"}],"inLanguage":"fr-FR"}]}},"wps_subtitle":"30 000\u00a0\u0152UFS\/H","_links":{"self":[{"href":"https:\/\/www.sime-tek.com\/fr\/wp-json\/wp\/v2\/pages\/2328"}],"collection":[{"href":"https:\/\/www.sime-tek.com\/fr\/wp-json\/wp\/v2\/pages"}],"about":[{"href":"https:\/\/www.sime-tek.com\/fr\/wp-json\/wp\/v2\/types\/page"}],"author":[{"embeddable":true,"href":"https:\/\/www.sime-tek.com\/fr\/wp-json\/wp\/v2\/users\/1"}],"replies":[{"embeddable":true,"href":"https:\/\/www.sime-tek.com\/fr\/wp-json\/wp\/v2\/comments?post=2328"}],"version-history":[{"count":5,"href":"https:\/\/www.sime-tek.com\/fr\/wp-json\/wp\/v2\/pages\/2328\/revisions"}],"predecessor-version":[{"id":4273,"href":"https:\/\/www.sime-tek.com\/fr\/wp-json\/wp\/v2\/pages\/2328\/revisions\/4273"}],"up":[{"embeddable":true,"href":"https:\/\/www.sime-tek.com\/fr\/wp-json\/wp\/v2\/pages\/2304"}],"wp:featuredmedia":[{"embeddable":true,"href":"https:\/\/www.sime-tek.com\/fr\/wp-json\/wp\/v2\/media\/2329"}],"wp:attachment":[{"href":"https:\/\/www.sime-tek.com\/fr\/wp-json\/wp\/v2\/media?parent=2328"}],"curies":[{"name":"wp","href":"https:\/\/api.w.org\/{rel}","templated":true}]}}