{"id":2296,"date":"2020-11-13T18:10:41","date_gmt":"2020-11-13T17:10:41","guid":{"rendered":"https:\/\/www.sime-tek.com\/prodotti\/caricatori-uova\/loaders\/"},"modified":"2026-02-25T11:38:50","modified_gmt":"2026-02-25T10:38:50","slug":"loaders","status":"publish","type":"page","link":"https:\/\/www.sime-tek.com\/fr\/produits\/chargeurs\/loaders\/","title":{"rendered":"Loaders"},"content":{"rendered":"<p class=\"p1\">Capacit\u00e9 de <b>30 000 \u00e0 60 000 \u0153ufs par heure<\/b>, avec des plans de chargement<br \/>\nadaptables aux espaces existants ou aux besoins de travail. Avec des bras de<br \/>\nchargement simples ou doubles, pouvant \u00eatre interfac\u00e9s les uns avec les autres<br \/>\npour cr\u00e9er la meilleure configuration pour le client. Voici les concepts de base de Sime-Tek,<br \/>\nqui garantissent une efficacit\u00e9, une s\u00e9curit\u00e9 et une adaptabilit\u00e9 maximales, \u00e0 un prix r\u00e9duit.<\/p>\n","protected":false},"excerpt":{"rendered":"<p>Capacit\u00e9 de 30 000 \u00e0 60 000 \u0153ufs<br \/>\npar heure, avec des plans de chargement<br \/>\nadaptables aux espaces existants<br \/>\nou aux besoins de travail. <\/p>\n","protected":false},"author":1,"featured_media":2297,"parent":2288,"menu_order":1,"comment_status":"closed","ping_status":"closed","template":"page_SCHEDA_PRODOTTO.php","meta":[],"acf":[],"yoast_head":"<!-- This site is optimized with the Yoast SEO plugin v20.7 - https:\/\/yoast.com\/wordpress\/plugins\/seo\/ -->\n<title>Chargeurs d&#039;\u0153ufs - jusqu&#039;\u00e0 60 000 \u0153ufs\/h | Sime-Tek<\/title>\n<meta name=\"description\" content=\"Avec un chargeur simple ou double, nos chargeurs d&#039;\u0153ufs peuvent \u00eatre raccord\u00e9s les uns aux autres pour obtenir la configuration parfaite pour le client.\" \/>\n<meta name=\"robots\" content=\"index, follow, max-snippet:-1, max-image-preview:large, max-video-preview:-1\" \/>\n<link rel=\"canonical\" href=\"https:\/\/www.sime-tek.com\/fr\/produits\/chargeurs\/loaders\/\" \/>\n<meta property=\"og:locale\" content=\"fr_FR\" \/>\n<meta property=\"og:type\" content=\"article\" \/>\n<meta property=\"og:title\" content=\"Chargeurs d&#039;\u0153ufs - jusqu&#039;\u00e0 60 000 \u0153ufs\/h | Sime-Tek\" \/>\n<meta property=\"og:description\" content=\"Avec un chargeur simple ou double, nos chargeurs d&#039;\u0153ufs peuvent \u00eatre raccord\u00e9s les uns aux autres pour obtenir la configuration parfaite pour le client.\" \/>\n<meta property=\"og:url\" content=\"https:\/\/www.sime-tek.com\/fr\/produits\/chargeurs\/loaders\/\" \/>\n<meta property=\"og:site_name\" content=\"Sime-tek\" \/>\n<meta property=\"article:modified_time\" content=\"2026-02-25T10:38:50+00:00\" \/>\n<meta property=\"og:image\" content=\"https:\/\/www.sime-tek.com\/wp-content\/uploads\/2021\/01\/Loaders-B.png\" \/>\n\t<meta property=\"og:image:width\" content=\"1200\" \/>\n\t<meta property=\"og:image:height\" content=\"675\" \/>\n\t<meta property=\"og:image:type\" content=\"image\/png\" \/>\n<meta name=\"twitter:card\" content=\"summary_large_image\" \/>\n<meta name=\"twitter:label1\" content=\"Dur\u00e9e de lecture estim\u00e9e\" \/>\n\t<meta name=\"twitter:data1\" content=\"1 minute\" \/>\n<script type=\"application\/ld+json\" class=\"yoast-schema-graph\">{\"@context\":\"https:\/\/schema.org\",\"@graph\":[{\"@type\":\"WebPage\",\"@id\":\"https:\/\/www.sime-tek.com\/fr\/produits\/chargeurs\/loaders\/\",\"url\":\"https:\/\/www.sime-tek.com\/fr\/produits\/chargeurs\/loaders\/\",\"name\":\"Chargeurs d'\u0153ufs - jusqu'\u00e0 60 000 \u0153ufs\/h | Sime-Tek\",\"isPartOf\":{\"@id\":\"https:\/\/www.sime-tek.com\/fr\/#website\"},\"datePublished\":\"2020-11-13T17:10:41+00:00\",\"dateModified\":\"2026-02-25T10:38:50+00:00\",\"description\":\"Avec un chargeur simple ou double, nos chargeurs d'\u0153ufs peuvent \u00eatre raccord\u00e9s les uns aux autres pour obtenir la configuration parfaite pour le client.\",\"breadcrumb\":{\"@id\":\"https:\/\/www.sime-tek.com\/fr\/produits\/chargeurs\/loaders\/#breadcrumb\"},\"inLanguage\":\"fr-FR\",\"potentialAction\":[{\"@type\":\"ReadAction\",\"target\":[\"https:\/\/www.sime-tek.com\/fr\/produits\/chargeurs\/loaders\/\"]}]},{\"@type\":\"BreadcrumbList\",\"@id\":\"https:\/\/www.sime-tek.com\/fr\/produits\/chargeurs\/loaders\/#breadcrumb\",\"itemListElement\":[{\"@type\":\"ListItem\",\"position\":1,\"name\":\"Home\",\"item\":\"https:\/\/www.sime-tek.com\/fr\/home\/\"},{\"@type\":\"ListItem\",\"position\":2,\"name\":\"Produits\",\"item\":\"https:\/\/www.sime-tek.com\/fr\/produits\/\"},{\"@type\":\"ListItem\",\"position\":3,\"name\":\"Chargeurs\",\"item\":\"https:\/\/www.sime-tek.com\/fr\/produits\/chargeurs\/\"},{\"@type\":\"ListItem\",\"position\":4,\"name\":\"Loaders\"}]},{\"@type\":\"WebSite\",\"@id\":\"https:\/\/www.sime-tek.com\/fr\/#website\",\"url\":\"https:\/\/www.sime-tek.com\/fr\/\",\"name\":\"Sime-tek\",\"description\":\"\",\"potentialAction\":[{\"@type\":\"SearchAction\",\"target\":{\"@type\":\"EntryPoint\",\"urlTemplate\":\"https:\/\/www.sime-tek.com\/fr\/?s={search_term_string}\"},\"query-input\":\"required name=search_term_string\"}],\"inLanguage\":\"fr-FR\"}]}<\/script>\n<!-- \/ Yoast SEO plugin. -->","yoast_head_json":{"title":"Chargeurs d'\u0153ufs - jusqu'\u00e0 60 000 \u0153ufs\/h | Sime-Tek","description":"Avec un chargeur simple ou double, nos chargeurs d'\u0153ufs peuvent \u00eatre raccord\u00e9s les uns aux autres pour obtenir la configuration parfaite pour le client.","robots":{"index":"index","follow":"follow","max-snippet":"max-snippet:-1","max-image-preview":"max-image-preview:large","max-video-preview":"max-video-preview:-1"},"canonical":"https:\/\/www.sime-tek.com\/fr\/produits\/chargeurs\/loaders\/","og_locale":"fr_FR","og_type":"article","og_title":"Chargeurs d'\u0153ufs - jusqu'\u00e0 60 000 \u0153ufs\/h | Sime-Tek","og_description":"Avec un chargeur simple ou double, nos chargeurs d'\u0153ufs peuvent \u00eatre raccord\u00e9s les uns aux autres pour obtenir la configuration parfaite pour le client.","og_url":"https:\/\/www.sime-tek.com\/fr\/produits\/chargeurs\/loaders\/","og_site_name":"Sime-tek","article_modified_time":"2026-02-25T10:38:50+00:00","og_image":[{"width":1200,"height":675,"url":"https:\/\/www.sime-tek.com\/wp-content\/uploads\/2021\/01\/Loaders-B.png","type":"image\/png"}],"twitter_card":"summary_large_image","twitter_misc":{"Dur\u00e9e de lecture estim\u00e9e":"1 minute"},"schema":{"@context":"https:\/\/schema.org","@graph":[{"@type":"WebPage","@id":"https:\/\/www.sime-tek.com\/fr\/produits\/chargeurs\/loaders\/","url":"https:\/\/www.sime-tek.com\/fr\/produits\/chargeurs\/loaders\/","name":"Chargeurs d'\u0153ufs - jusqu'\u00e0 60 000 \u0153ufs\/h | Sime-Tek","isPartOf":{"@id":"https:\/\/www.sime-tek.com\/fr\/#website"},"datePublished":"2020-11-13T17:10:41+00:00","dateModified":"2026-02-25T10:38:50+00:00","description":"Avec un chargeur simple ou double, nos chargeurs d'\u0153ufs peuvent \u00eatre raccord\u00e9s les uns aux autres pour obtenir la configuration parfaite pour le client.","breadcrumb":{"@id":"https:\/\/www.sime-tek.com\/fr\/produits\/chargeurs\/loaders\/#breadcrumb"},"inLanguage":"fr-FR","potentialAction":[{"@type":"ReadAction","target":["https:\/\/www.sime-tek.com\/fr\/produits\/chargeurs\/loaders\/"]}]},{"@type":"BreadcrumbList","@id":"https:\/\/www.sime-tek.com\/fr\/produits\/chargeurs\/loaders\/#breadcrumb","itemListElement":[{"@type":"ListItem","position":1,"name":"Home","item":"https:\/\/www.sime-tek.com\/fr\/home\/"},{"@type":"ListItem","position":2,"name":"Produits","item":"https:\/\/www.sime-tek.com\/fr\/produits\/"},{"@type":"ListItem","position":3,"name":"Chargeurs","item":"https:\/\/www.sime-tek.com\/fr\/produits\/chargeurs\/"},{"@type":"ListItem","position":4,"name":"Loaders"}]},{"@type":"WebSite","@id":"https:\/\/www.sime-tek.com\/fr\/#website","url":"https:\/\/www.sime-tek.com\/fr\/","name":"Sime-tek","description":"","potentialAction":[{"@type":"SearchAction","target":{"@type":"EntryPoint","urlTemplate":"https:\/\/www.sime-tek.com\/fr\/?s={search_term_string}"},"query-input":"required name=search_term_string"}],"inLanguage":"fr-FR"}]}},"wps_subtitle":"DE 30.000 \u00c0 60.000 \u0152UFS\/H","_links":{"self":[{"href":"https:\/\/www.sime-tek.com\/fr\/wp-json\/wp\/v2\/pages\/2296"}],"collection":[{"href":"https:\/\/www.sime-tek.com\/fr\/wp-json\/wp\/v2\/pages"}],"about":[{"href":"https:\/\/www.sime-tek.com\/fr\/wp-json\/wp\/v2\/types\/page"}],"author":[{"embeddable":true,"href":"https:\/\/www.sime-tek.com\/fr\/wp-json\/wp\/v2\/users\/1"}],"replies":[{"embeddable":true,"href":"https:\/\/www.sime-tek.com\/fr\/wp-json\/wp\/v2\/comments?post=2296"}],"version-history":[{"count":4,"href":"https:\/\/www.sime-tek.com\/fr\/wp-json\/wp\/v2\/pages\/2296\/revisions"}],"predecessor-version":[{"id":4266,"href":"https:\/\/www.sime-tek.com\/fr\/wp-json\/wp\/v2\/pages\/2296\/revisions\/4266"}],"up":[{"embeddable":true,"href":"https:\/\/www.sime-tek.com\/fr\/wp-json\/wp\/v2\/pages\/2288"}],"wp:featuredmedia":[{"embeddable":true,"href":"https:\/\/www.sime-tek.com\/fr\/wp-json\/wp\/v2\/media\/2297"}],"wp:attachment":[{"href":"https:\/\/www.sime-tek.com\/fr\/wp-json\/wp\/v2\/media?parent=2296"}],"curies":[{"name":"wp","href":"https:\/\/api.w.org\/{rel}","templated":true}]}}