{"id":2288,"date":"2020-10-20T10:17:24","date_gmt":"2020-10-20T08:17:24","guid":{"rendered":"https:\/\/www.sime-tek.com\/prodotti\/caricatori-uova\/"},"modified":"2021-06-01T12:11:34","modified_gmt":"2021-06-01T10:11:34","slug":"chargeurs","status":"publish","type":"page","link":"https:\/\/www.sime-tek.com\/fr\/produits\/chargeurs\/","title":{"rendered":"Chargeurs"},"content":{"rendered":"<p class=\"p1\">Les chargeurs Sime-Tek offrent le meilleur rapport qualit\u00e9-prix du<br \/>\nmarch\u00e9 et une polyvalence d&rsquo;utilisation maximale.<\/p>\n<p class=\"p1\">Caract\u00e9ris\u00e9s par le plus large choix de configurations pour s&rsquo;adapter<br \/>\naux besoins d&rsquo;espace, de l&rsquo;adaptabilit\u00e9 maximale aux diff\u00e9rents types de<br \/>\nplateaux (cellulose et plastique), et disponibles dans diff\u00e9rentes options<br \/>\n(semi-automatique, automatique, pour un seul plateau, pour une pile de 6 plateaux).<\/p>\n<p class=\"p1\">Ils permettent aux petites, moyennes et grandes exploitations agricoles<br \/>\nd&rsquo;automatiser le chargement des \u0153ufs de mani\u00e8re s\u00fbre, fiable<br \/>\net \u00e9conomique.<\/p>\n","protected":false},"excerpt":{"rendered":"<p>Les chargeurs Sime-Tek offrent le meilleur<br \/>\nrapport qualit\u00e9-prix du\u2028march\u00e9 et une<br \/>\npolyvalence d&rsquo;utilisation maximale.<\/p>\n","protected":false},"author":1,"featured_media":2205,"parent":2200,"menu_order":1,"comment_status":"closed","ping_status":"closed","template":"page_CATEGORIA_PRODOTTO.php","meta":[],"acf":[],"yoast_head":"<!-- This site is optimized with the Yoast SEO plugin v20.7 - https:\/\/yoast.com\/wordpress\/plugins\/seo\/ -->\n<title>Chargeurs d&#039;\u0153ufs - Machines pour le chargement des \u0153ufs | Sime-Tek<\/title>\n<meta name=\"description\" content=\"Les chargeurs d&#039;\u0153ufs avec le meilleur rapport qualit\u00e9\/prix. Adaptable \u00e0 tout type de plateau, p\u00e2te et plastique, et disponible avec diff\u00e9rentes options, semi-automatique ou automatique.\" \/>\n<meta name=\"robots\" content=\"index, follow, max-snippet:-1, max-image-preview:large, max-video-preview:-1\" \/>\n<link rel=\"canonical\" href=\"https:\/\/www.sime-tek.com\/fr\/produits\/chargeurs\/\" \/>\n<meta property=\"og:locale\" content=\"fr_FR\" \/>\n<meta property=\"og:type\" content=\"article\" \/>\n<meta property=\"og:title\" content=\"Chargeurs d&#039;\u0153ufs - Machines pour le chargement des \u0153ufs | Sime-Tek\" \/>\n<meta property=\"og:description\" content=\"Les chargeurs d&#039;\u0153ufs avec le meilleur rapport qualit\u00e9\/prix. Adaptable \u00e0 tout type de plateau, p\u00e2te et plastique, et disponible avec diff\u00e9rentes options, semi-automatique ou automatique.\" \/>\n<meta property=\"og:url\" content=\"https:\/\/www.sime-tek.com\/fr\/produits\/chargeurs\/\" \/>\n<meta property=\"og:site_name\" content=\"Sime-tek\" \/>\n<meta property=\"article:modified_time\" content=\"2021-06-01T10:11:34+00:00\" \/>\n<meta property=\"og:image\" content=\"https:\/\/www.sime-tek.com\/wp-content\/uploads\/2020\/10\/caricatori-uova-1.jpg\" \/>\n\t<meta property=\"og:image:width\" content=\"1244\" \/>\n\t<meta property=\"og:image:height\" content=\"440\" \/>\n\t<meta property=\"og:image:type\" content=\"image\/jpeg\" \/>\n<meta name=\"twitter:card\" content=\"summary_large_image\" \/>\n<meta name=\"twitter:label1\" content=\"Dur\u00e9e de lecture estim\u00e9e\" \/>\n\t<meta name=\"twitter:data1\" content=\"1 minute\" \/>\n<script type=\"application\/ld+json\" class=\"yoast-schema-graph\">{\"@context\":\"https:\/\/schema.org\",\"@graph\":[{\"@type\":\"WebPage\",\"@id\":\"https:\/\/www.sime-tek.com\/fr\/produits\/chargeurs\/\",\"url\":\"https:\/\/www.sime-tek.com\/fr\/produits\/chargeurs\/\",\"name\":\"Chargeurs d'\u0153ufs - Machines pour le chargement des \u0153ufs | Sime-Tek\",\"isPartOf\":{\"@id\":\"https:\/\/www.sime-tek.com\/fr\/#website\"},\"datePublished\":\"2020-10-20T08:17:24+00:00\",\"dateModified\":\"2021-06-01T10:11:34+00:00\",\"description\":\"Les chargeurs d'\u0153ufs avec le meilleur rapport qualit\u00e9\/prix. Adaptable \u00e0 tout type de plateau, p\u00e2te et plastique, et disponible avec diff\u00e9rentes options, semi-automatique ou automatique.\",\"breadcrumb\":{\"@id\":\"https:\/\/www.sime-tek.com\/fr\/produits\/chargeurs\/#breadcrumb\"},\"inLanguage\":\"fr-FR\",\"potentialAction\":[{\"@type\":\"ReadAction\",\"target\":[\"https:\/\/www.sime-tek.com\/fr\/produits\/chargeurs\/\"]}]},{\"@type\":\"BreadcrumbList\",\"@id\":\"https:\/\/www.sime-tek.com\/fr\/produits\/chargeurs\/#breadcrumb\",\"itemListElement\":[{\"@type\":\"ListItem\",\"position\":1,\"name\":\"Home\",\"item\":\"https:\/\/www.sime-tek.com\/fr\/home\/\"},{\"@type\":\"ListItem\",\"position\":2,\"name\":\"Produits\",\"item\":\"https:\/\/www.sime-tek.com\/fr\/produits\/\"},{\"@type\":\"ListItem\",\"position\":3,\"name\":\"Chargeurs\"}]},{\"@type\":\"WebSite\",\"@id\":\"https:\/\/www.sime-tek.com\/fr\/#website\",\"url\":\"https:\/\/www.sime-tek.com\/fr\/\",\"name\":\"Sime-tek\",\"description\":\"\",\"potentialAction\":[{\"@type\":\"SearchAction\",\"target\":{\"@type\":\"EntryPoint\",\"urlTemplate\":\"https:\/\/www.sime-tek.com\/fr\/?s={search_term_string}\"},\"query-input\":\"required name=search_term_string\"}],\"inLanguage\":\"fr-FR\"}]}<\/script>\n<!-- \/ Yoast SEO plugin. -->","yoast_head_json":{"title":"Chargeurs d'\u0153ufs - Machines pour le chargement des \u0153ufs | Sime-Tek","description":"Les chargeurs d'\u0153ufs avec le meilleur rapport qualit\u00e9\/prix. Adaptable \u00e0 tout type de plateau, p\u00e2te et plastique, et disponible avec diff\u00e9rentes options, semi-automatique ou automatique.","robots":{"index":"index","follow":"follow","max-snippet":"max-snippet:-1","max-image-preview":"max-image-preview:large","max-video-preview":"max-video-preview:-1"},"canonical":"https:\/\/www.sime-tek.com\/fr\/produits\/chargeurs\/","og_locale":"fr_FR","og_type":"article","og_title":"Chargeurs d'\u0153ufs - Machines pour le chargement des \u0153ufs | Sime-Tek","og_description":"Les chargeurs d'\u0153ufs avec le meilleur rapport qualit\u00e9\/prix. Adaptable \u00e0 tout type de plateau, p\u00e2te et plastique, et disponible avec diff\u00e9rentes options, semi-automatique ou automatique.","og_url":"https:\/\/www.sime-tek.com\/fr\/produits\/chargeurs\/","og_site_name":"Sime-tek","article_modified_time":"2021-06-01T10:11:34+00:00","og_image":[{"width":1244,"height":440,"url":"https:\/\/www.sime-tek.com\/wp-content\/uploads\/2020\/10\/caricatori-uova-1.jpg","type":"image\/jpeg"}],"twitter_card":"summary_large_image","twitter_misc":{"Dur\u00e9e de lecture estim\u00e9e":"1 minute"},"schema":{"@context":"https:\/\/schema.org","@graph":[{"@type":"WebPage","@id":"https:\/\/www.sime-tek.com\/fr\/produits\/chargeurs\/","url":"https:\/\/www.sime-tek.com\/fr\/produits\/chargeurs\/","name":"Chargeurs d'\u0153ufs - Machines pour le chargement des \u0153ufs | Sime-Tek","isPartOf":{"@id":"https:\/\/www.sime-tek.com\/fr\/#website"},"datePublished":"2020-10-20T08:17:24+00:00","dateModified":"2021-06-01T10:11:34+00:00","description":"Les chargeurs d'\u0153ufs avec le meilleur rapport qualit\u00e9\/prix. Adaptable \u00e0 tout type de plateau, p\u00e2te et plastique, et disponible avec diff\u00e9rentes options, semi-automatique ou automatique.","breadcrumb":{"@id":"https:\/\/www.sime-tek.com\/fr\/produits\/chargeurs\/#breadcrumb"},"inLanguage":"fr-FR","potentialAction":[{"@type":"ReadAction","target":["https:\/\/www.sime-tek.com\/fr\/produits\/chargeurs\/"]}]},{"@type":"BreadcrumbList","@id":"https:\/\/www.sime-tek.com\/fr\/produits\/chargeurs\/#breadcrumb","itemListElement":[{"@type":"ListItem","position":1,"name":"Home","item":"https:\/\/www.sime-tek.com\/fr\/home\/"},{"@type":"ListItem","position":2,"name":"Produits","item":"https:\/\/www.sime-tek.com\/fr\/produits\/"},{"@type":"ListItem","position":3,"name":"Chargeurs"}]},{"@type":"WebSite","@id":"https:\/\/www.sime-tek.com\/fr\/#website","url":"https:\/\/www.sime-tek.com\/fr\/","name":"Sime-tek","description":"","potentialAction":[{"@type":"SearchAction","target":{"@type":"EntryPoint","urlTemplate":"https:\/\/www.sime-tek.com\/fr\/?s={search_term_string}"},"query-input":"required name=search_term_string"}],"inLanguage":"fr-FR"}]}},"wps_subtitle":"","_links":{"self":[{"href":"https:\/\/www.sime-tek.com\/fr\/wp-json\/wp\/v2\/pages\/2288"}],"collection":[{"href":"https:\/\/www.sime-tek.com\/fr\/wp-json\/wp\/v2\/pages"}],"about":[{"href":"https:\/\/www.sime-tek.com\/fr\/wp-json\/wp\/v2\/types\/page"}],"author":[{"embeddable":true,"href":"https:\/\/www.sime-tek.com\/fr\/wp-json\/wp\/v2\/users\/1"}],"replies":[{"embeddable":true,"href":"https:\/\/www.sime-tek.com\/fr\/wp-json\/wp\/v2\/comments?post=2288"}],"version-history":[{"count":3,"href":"https:\/\/www.sime-tek.com\/fr\/wp-json\/wp\/v2\/pages\/2288\/revisions"}],"predecessor-version":[{"id":3321,"href":"https:\/\/www.sime-tek.com\/fr\/wp-json\/wp\/v2\/pages\/2288\/revisions\/3321"}],"up":[{"embeddable":true,"href":"https:\/\/www.sime-tek.com\/fr\/wp-json\/wp\/v2\/pages\/2200"}],"wp:featuredmedia":[{"embeddable":true,"href":"https:\/\/www.sime-tek.com\/fr\/wp-json\/wp\/v2\/media\/2205"}],"wp:attachment":[{"href":"https:\/\/www.sime-tek.com\/fr\/wp-json\/wp\/v2\/media?parent=2288"}],"curies":[{"name":"wp","href":"https:\/\/api.w.org\/{rel}","templated":true}]}}