{"id":2264,"date":"2020-11-12T17:18:07","date_gmt":"2020-11-12T16:18:07","guid":{"rendered":"https:\/\/www.sime-tek.com\/prodotti\/selezionatrici-per-uova\/orion\/"},"modified":"2026-02-25T10:32:13","modified_gmt":"2026-02-25T09:32:13","slug":"orion","status":"publish","type":"page","link":"https:\/\/www.sime-tek.com\/fr\/produits\/calibreuses\/orion\/","title":{"rendered":"Orion"},"content":{"rendered":"<p class=\"p1\">La calibreuse \u00e0 \u0153ufs la plus <b>polyvalente<\/b> de sa cat\u00e9gorie\u00a0; gr\u00e2ce \u00e0 son <b>concept modulaire<\/b><br \/>\net \u00e0 sa vaste gamme d&rsquo;options et d&rsquo;accessoires, le mod\u00e8le Orion a une capacit\u00e9 parfaite<br \/>\n(25 &#8211; 30 000 \u0153ufs par heure) pour servir un large \u00e9ventail de clients et \u00eatre pr\u00eat \u00e0 \u00e9voluer avec<br \/>\neux au fur et \u00e0 mesure que leur production ou le march\u00e9 progresse.\u00a0Comme les autres mod\u00e8les, il peut \u00eatre<br \/>\n<b>personnalis\u00e9<\/b> pour satisfaire tout besoin d&rsquo;espace ou de production\u00a0:<br \/>\nl&rsquo;espace entre les lignes d&#8217;emballage peut \u00eatre \u00e9largi pour un meilleur nettoyage<br \/>\nou pour la configuration de l&rsquo;endroit\u00a0; il peut fonctionner<b> simultan\u00e9ment<\/b><br \/>\navec un <b>chargeur automatique<\/b>, et avec un accumulateur provenant des hangars,<br \/>\net bien plus encore.<\/p>\n","protected":false},"excerpt":{"rendered":"<p>Calibreuse polyvalente, facile \u00e0 entretenir,<br \/>\nadaptable \u00e0 n&rsquo;importe quel environnement<br \/>\ngr\u00e2ce \u00e0 sa construction modulaire.<\/p>\n","protected":false},"author":1,"featured_media":2266,"parent":2204,"menu_order":4,"comment_status":"closed","ping_status":"closed","template":"page_SCHEDA_PRODOTTO.php","meta":[],"acf":[],"yoast_head":"<!-- This site is optimized with the Yoast SEO plugin v20.7 - https:\/\/yoast.com\/wordpress\/plugins\/seo\/ -->\n<title>Orion - Calibreuse \u00e0 \u0153ufs jusqu&#039;\u00e0 30 000 \u0153ufs\/h | Sime-Tek<\/title>\n<meta name=\"description\" content=\"Cette calibreuse \u00e9lectronique a une capacit\u00e9 de 25 000 - 30 000 \u0153ufs\/heure et le processus complet (du chargement \u00e0 la s\u00e9lection, \u00e0 la distribution, \u00e0 l&#039;emballage) est enti\u00e8rement automatique.\" \/>\n<meta name=\"robots\" content=\"index, follow, max-snippet:-1, max-image-preview:large, max-video-preview:-1\" \/>\n<link rel=\"canonical\" href=\"https:\/\/www.sime-tek.com\/fr\/produits\/calibreuses\/orion\/\" \/>\n<meta property=\"og:locale\" content=\"fr_FR\" \/>\n<meta property=\"og:type\" content=\"article\" \/>\n<meta property=\"og:title\" content=\"Orion - Calibreuse \u00e0 \u0153ufs jusqu&#039;\u00e0 30 000 \u0153ufs\/h | Sime-Tek\" \/>\n<meta property=\"og:description\" content=\"Cette calibreuse \u00e9lectronique a une capacit\u00e9 de 25 000 - 30 000 \u0153ufs\/heure et le processus complet (du chargement \u00e0 la s\u00e9lection, \u00e0 la distribution, \u00e0 l&#039;emballage) est enti\u00e8rement automatique.\" \/>\n<meta property=\"og:url\" content=\"https:\/\/www.sime-tek.com\/fr\/produits\/calibreuses\/orion\/\" \/>\n<meta property=\"og:site_name\" content=\"Sime-tek\" \/>\n<meta property=\"article:modified_time\" content=\"2026-02-25T09:32:13+00:00\" \/>\n<meta property=\"og:image\" content=\"https:\/\/www.sime-tek.com\/wp-content\/uploads\/2021\/01\/orion.png\" \/>\n\t<meta property=\"og:image:width\" content=\"1200\" \/>\n\t<meta property=\"og:image:height\" content=\"771\" \/>\n\t<meta property=\"og:image:type\" content=\"image\/png\" \/>\n<meta name=\"twitter:card\" content=\"summary_large_image\" \/>\n<meta name=\"twitter:label1\" content=\"Dur\u00e9e de lecture estim\u00e9e\" \/>\n\t<meta name=\"twitter:data1\" content=\"1 minute\" \/>\n<script type=\"application\/ld+json\" class=\"yoast-schema-graph\">{\"@context\":\"https:\/\/schema.org\",\"@graph\":[{\"@type\":\"WebPage\",\"@id\":\"https:\/\/www.sime-tek.com\/fr\/produits\/calibreuses\/orion\/\",\"url\":\"https:\/\/www.sime-tek.com\/fr\/produits\/calibreuses\/orion\/\",\"name\":\"Orion - Calibreuse \u00e0 \u0153ufs jusqu'\u00e0 30 000 \u0153ufs\/h | Sime-Tek\",\"isPartOf\":{\"@id\":\"https:\/\/www.sime-tek.com\/fr\/#website\"},\"datePublished\":\"2020-11-12T16:18:07+00:00\",\"dateModified\":\"2026-02-25T09:32:13+00:00\",\"description\":\"Cette calibreuse \u00e9lectronique a une capacit\u00e9 de 25 000 - 30 000 \u0153ufs\/heure et le processus complet (du chargement \u00e0 la s\u00e9lection, \u00e0 la distribution, \u00e0 l'emballage) est enti\u00e8rement automatique.\",\"breadcrumb\":{\"@id\":\"https:\/\/www.sime-tek.com\/fr\/produits\/calibreuses\/orion\/#breadcrumb\"},\"inLanguage\":\"fr-FR\",\"potentialAction\":[{\"@type\":\"ReadAction\",\"target\":[\"https:\/\/www.sime-tek.com\/fr\/produits\/calibreuses\/orion\/\"]}]},{\"@type\":\"BreadcrumbList\",\"@id\":\"https:\/\/www.sime-tek.com\/fr\/produits\/calibreuses\/orion\/#breadcrumb\",\"itemListElement\":[{\"@type\":\"ListItem\",\"position\":1,\"name\":\"Home\",\"item\":\"https:\/\/www.sime-tek.com\/fr\/home\/\"},{\"@type\":\"ListItem\",\"position\":2,\"name\":\"Produits\",\"item\":\"https:\/\/www.sime-tek.com\/fr\/produits\/\"},{\"@type\":\"ListItem\",\"position\":3,\"name\":\"Calibreuses\",\"item\":\"https:\/\/www.sime-tek.com\/fr\/produits\/calibreuses\/\"},{\"@type\":\"ListItem\",\"position\":4,\"name\":\"Orion\"}]},{\"@type\":\"WebSite\",\"@id\":\"https:\/\/www.sime-tek.com\/fr\/#website\",\"url\":\"https:\/\/www.sime-tek.com\/fr\/\",\"name\":\"Sime-tek\",\"description\":\"\",\"potentialAction\":[{\"@type\":\"SearchAction\",\"target\":{\"@type\":\"EntryPoint\",\"urlTemplate\":\"https:\/\/www.sime-tek.com\/fr\/?s={search_term_string}\"},\"query-input\":\"required name=search_term_string\"}],\"inLanguage\":\"fr-FR\"}]}<\/script>\n<!-- \/ Yoast SEO plugin. -->","yoast_head_json":{"title":"Orion - Calibreuse \u00e0 \u0153ufs jusqu'\u00e0 30 000 \u0153ufs\/h | Sime-Tek","description":"Cette calibreuse \u00e9lectronique a une capacit\u00e9 de 25 000 - 30 000 \u0153ufs\/heure et le processus complet (du chargement \u00e0 la s\u00e9lection, \u00e0 la distribution, \u00e0 l'emballage) est enti\u00e8rement automatique.","robots":{"index":"index","follow":"follow","max-snippet":"max-snippet:-1","max-image-preview":"max-image-preview:large","max-video-preview":"max-video-preview:-1"},"canonical":"https:\/\/www.sime-tek.com\/fr\/produits\/calibreuses\/orion\/","og_locale":"fr_FR","og_type":"article","og_title":"Orion - Calibreuse \u00e0 \u0153ufs jusqu'\u00e0 30 000 \u0153ufs\/h | Sime-Tek","og_description":"Cette calibreuse \u00e9lectronique a une capacit\u00e9 de 25 000 - 30 000 \u0153ufs\/heure et le processus complet (du chargement \u00e0 la s\u00e9lection, \u00e0 la distribution, \u00e0 l'emballage) est enti\u00e8rement automatique.","og_url":"https:\/\/www.sime-tek.com\/fr\/produits\/calibreuses\/orion\/","og_site_name":"Sime-tek","article_modified_time":"2026-02-25T09:32:13+00:00","og_image":[{"width":1200,"height":771,"url":"https:\/\/www.sime-tek.com\/wp-content\/uploads\/2021\/01\/orion.png","type":"image\/png"}],"twitter_card":"summary_large_image","twitter_misc":{"Dur\u00e9e de lecture estim\u00e9e":"1 minute"},"schema":{"@context":"https:\/\/schema.org","@graph":[{"@type":"WebPage","@id":"https:\/\/www.sime-tek.com\/fr\/produits\/calibreuses\/orion\/","url":"https:\/\/www.sime-tek.com\/fr\/produits\/calibreuses\/orion\/","name":"Orion - Calibreuse \u00e0 \u0153ufs jusqu'\u00e0 30 000 \u0153ufs\/h | Sime-Tek","isPartOf":{"@id":"https:\/\/www.sime-tek.com\/fr\/#website"},"datePublished":"2020-11-12T16:18:07+00:00","dateModified":"2026-02-25T09:32:13+00:00","description":"Cette calibreuse \u00e9lectronique a une capacit\u00e9 de 25 000 - 30 000 \u0153ufs\/heure et le processus complet (du chargement \u00e0 la s\u00e9lection, \u00e0 la distribution, \u00e0 l'emballage) est enti\u00e8rement automatique.","breadcrumb":{"@id":"https:\/\/www.sime-tek.com\/fr\/produits\/calibreuses\/orion\/#breadcrumb"},"inLanguage":"fr-FR","potentialAction":[{"@type":"ReadAction","target":["https:\/\/www.sime-tek.com\/fr\/produits\/calibreuses\/orion\/"]}]},{"@type":"BreadcrumbList","@id":"https:\/\/www.sime-tek.com\/fr\/produits\/calibreuses\/orion\/#breadcrumb","itemListElement":[{"@type":"ListItem","position":1,"name":"Home","item":"https:\/\/www.sime-tek.com\/fr\/home\/"},{"@type":"ListItem","position":2,"name":"Produits","item":"https:\/\/www.sime-tek.com\/fr\/produits\/"},{"@type":"ListItem","position":3,"name":"Calibreuses","item":"https:\/\/www.sime-tek.com\/fr\/produits\/calibreuses\/"},{"@type":"ListItem","position":4,"name":"Orion"}]},{"@type":"WebSite","@id":"https:\/\/www.sime-tek.com\/fr\/#website","url":"https:\/\/www.sime-tek.com\/fr\/","name":"Sime-tek","description":"","potentialAction":[{"@type":"SearchAction","target":{"@type":"EntryPoint","urlTemplate":"https:\/\/www.sime-tek.com\/fr\/?s={search_term_string}"},"query-input":"required name=search_term_string"}],"inLanguage":"fr-FR"}]}},"wps_subtitle":"DE 25 \u00c0 36 000\u00a0\u0152UFS\/H","_links":{"self":[{"href":"https:\/\/www.sime-tek.com\/fr\/wp-json\/wp\/v2\/pages\/2264"}],"collection":[{"href":"https:\/\/www.sime-tek.com\/fr\/wp-json\/wp\/v2\/pages"}],"about":[{"href":"https:\/\/www.sime-tek.com\/fr\/wp-json\/wp\/v2\/types\/page"}],"author":[{"embeddable":true,"href":"https:\/\/www.sime-tek.com\/fr\/wp-json\/wp\/v2\/users\/1"}],"replies":[{"embeddable":true,"href":"https:\/\/www.sime-tek.com\/fr\/wp-json\/wp\/v2\/comments?post=2264"}],"version-history":[{"count":5,"href":"https:\/\/www.sime-tek.com\/fr\/wp-json\/wp\/v2\/pages\/2264\/revisions"}],"predecessor-version":[{"id":4225,"href":"https:\/\/www.sime-tek.com\/fr\/wp-json\/wp\/v2\/pages\/2264\/revisions\/4225"}],"up":[{"embeddable":true,"href":"https:\/\/www.sime-tek.com\/fr\/wp-json\/wp\/v2\/pages\/2204"}],"wp:featuredmedia":[{"embeddable":true,"href":"https:\/\/www.sime-tek.com\/fr\/wp-json\/wp\/v2\/media\/2266"}],"wp:attachment":[{"href":"https:\/\/www.sime-tek.com\/fr\/wp-json\/wp\/v2\/media?parent=2264"}],"curies":[{"name":"wp","href":"https:\/\/api.w.org\/{rel}","templated":true}]}}