{"id":2252,"date":"2020-11-12T17:02:33","date_gmt":"2020-11-12T16:02:33","guid":{"rendered":"https:\/\/www.sime-tek.com\/prodotti\/selezionatrici-per-uova\/vega-plus\/"},"modified":"2026-02-25T10:44:29","modified_gmt":"2026-02-25T09:44:29","slug":"vega-plus","status":"publish","type":"page","link":"https:\/\/www.sime-tek.com\/fr\/produits\/calibreuses\/vega-plus\/","title":{"rendered":"Vega Plus"},"content":{"rendered":"<p class=\"p1\">M\u00eame structure que le mod\u00e8le Vega, avec en PLUS un autre niveau d&rsquo;<b>automatisation<\/b> et jusqu&rsquo;\u00e0 4<br \/>\nlignes d&#8217;emballage automatiques.\u00a0Ce mod\u00e8le, descendant direct de la premi\u00e8re<br \/>\nmachine produite, a permis \u00e0 Sime-Tek de devenir leader sur le march\u00e9 europ\u00e9en.<br \/>\nAujourd&rsquo;hui, apr\u00e8s de nombreuses ann\u00e9es, ce mod\u00e8le reste l&rsquo;un des <b>best-sellers<\/b> de la gamme Sime-Tek\u00a0;<br \/>\navec son concept modulaire, sa capacit\u00e9 <b>moyenne<\/b> (16 000 &#8211; 20 000 \u0153ufs par heure) et une vari\u00e9t\u00e9<br \/>\nd&rsquo;options et d&rsquo;accessoires, le mod\u00e8le Vega Plus reste l&rsquo;une des calibreuses les plus<br \/>\npolyvalentes de notre gamme.<\/p>\n","protected":false},"excerpt":{"rendered":"<p>Corps et praticit\u00e9 de Vega, robustesse et<br \/>\nadaptabilit\u00e9 d&rsquo;une grande calibreuse Sime-Tek.<\/p>\n","protected":false},"author":1,"featured_media":2254,"parent":2204,"menu_order":3,"comment_status":"closed","ping_status":"closed","template":"page_SCHEDA_PRODOTTO.php","meta":[],"acf":[],"yoast_head":"<!-- This site is optimized with the Yoast SEO plugin v20.7 - https:\/\/yoast.com\/wordpress\/plugins\/seo\/ -->\n<title>Vega Plus - Calibreuse \u00e0 \u0153ufs - jusqu&#039;\u00e0 20 000 \u0153ufs\/h | Sime-Tek<\/title>\n<meta name=\"description\" content=\"La capacit\u00e9 et les caract\u00e9ristiques techniques sont identiques \u00e0 celles du mod\u00e8le Vega, avec l&#039;avantage d&#039;\u00eatre dot\u00e9e de 1 \u00e0 4 lignes d&#039;emballage automatique et une ou plusieurs sorties manuelles.\" \/>\n<meta name=\"robots\" content=\"index, follow, max-snippet:-1, max-image-preview:large, max-video-preview:-1\" \/>\n<link rel=\"canonical\" href=\"https:\/\/www.sime-tek.com\/fr\/produits\/calibreuses\/vega-plus\/\" \/>\n<meta property=\"og:locale\" content=\"fr_FR\" \/>\n<meta property=\"og:type\" content=\"article\" \/>\n<meta property=\"og:title\" content=\"Vega Plus - Calibreuse \u00e0 \u0153ufs - jusqu&#039;\u00e0 20 000 \u0153ufs\/h | Sime-Tek\" \/>\n<meta property=\"og:description\" content=\"La capacit\u00e9 et les caract\u00e9ristiques techniques sont identiques \u00e0 celles du mod\u00e8le Vega, avec l&#039;avantage d&#039;\u00eatre dot\u00e9e de 1 \u00e0 4 lignes d&#039;emballage automatique et une ou plusieurs sorties manuelles.\" \/>\n<meta property=\"og:url\" content=\"https:\/\/www.sime-tek.com\/fr\/produits\/calibreuses\/vega-plus\/\" \/>\n<meta property=\"og:site_name\" content=\"Sime-tek\" \/>\n<meta property=\"article:modified_time\" content=\"2026-02-25T09:44:29+00:00\" \/>\n<meta property=\"og:image\" content=\"https:\/\/www.sime-tek.com\/wp-content\/uploads\/2021\/01\/vega-plus.png\" \/>\n\t<meta property=\"og:image:width\" content=\"1155\" \/>\n\t<meta property=\"og:image:height\" content=\"595\" \/>\n\t<meta property=\"og:image:type\" content=\"image\/png\" \/>\n<meta name=\"twitter:card\" content=\"summary_large_image\" \/>\n<meta name=\"twitter:label1\" content=\"Dur\u00e9e de lecture estim\u00e9e\" \/>\n\t<meta name=\"twitter:data1\" content=\"1 minute\" \/>\n<script type=\"application\/ld+json\" class=\"yoast-schema-graph\">{\"@context\":\"https:\/\/schema.org\",\"@graph\":[{\"@type\":\"WebPage\",\"@id\":\"https:\/\/www.sime-tek.com\/fr\/produits\/calibreuses\/vega-plus\/\",\"url\":\"https:\/\/www.sime-tek.com\/fr\/produits\/calibreuses\/vega-plus\/\",\"name\":\"Vega Plus - Calibreuse \u00e0 \u0153ufs - jusqu'\u00e0 20 000 \u0153ufs\/h | Sime-Tek\",\"isPartOf\":{\"@id\":\"https:\/\/www.sime-tek.com\/fr\/#website\"},\"datePublished\":\"2020-11-12T16:02:33+00:00\",\"dateModified\":\"2026-02-25T09:44:29+00:00\",\"description\":\"La capacit\u00e9 et les caract\u00e9ristiques techniques sont identiques \u00e0 celles du mod\u00e8le Vega, avec l'avantage d'\u00eatre dot\u00e9e de 1 \u00e0 4 lignes d'emballage automatique et une ou plusieurs sorties manuelles.\",\"breadcrumb\":{\"@id\":\"https:\/\/www.sime-tek.com\/fr\/produits\/calibreuses\/vega-plus\/#breadcrumb\"},\"inLanguage\":\"fr-FR\",\"potentialAction\":[{\"@type\":\"ReadAction\",\"target\":[\"https:\/\/www.sime-tek.com\/fr\/produits\/calibreuses\/vega-plus\/\"]}]},{\"@type\":\"BreadcrumbList\",\"@id\":\"https:\/\/www.sime-tek.com\/fr\/produits\/calibreuses\/vega-plus\/#breadcrumb\",\"itemListElement\":[{\"@type\":\"ListItem\",\"position\":1,\"name\":\"Home\",\"item\":\"https:\/\/www.sime-tek.com\/fr\/home\/\"},{\"@type\":\"ListItem\",\"position\":2,\"name\":\"Produits\",\"item\":\"https:\/\/www.sime-tek.com\/fr\/produits\/\"},{\"@type\":\"ListItem\",\"position\":3,\"name\":\"Calibreuses\",\"item\":\"https:\/\/www.sime-tek.com\/fr\/produits\/calibreuses\/\"},{\"@type\":\"ListItem\",\"position\":4,\"name\":\"Vega Plus\"}]},{\"@type\":\"WebSite\",\"@id\":\"https:\/\/www.sime-tek.com\/fr\/#website\",\"url\":\"https:\/\/www.sime-tek.com\/fr\/\",\"name\":\"Sime-tek\",\"description\":\"\",\"potentialAction\":[{\"@type\":\"SearchAction\",\"target\":{\"@type\":\"EntryPoint\",\"urlTemplate\":\"https:\/\/www.sime-tek.com\/fr\/?s={search_term_string}\"},\"query-input\":\"required name=search_term_string\"}],\"inLanguage\":\"fr-FR\"}]}<\/script>\n<!-- \/ Yoast SEO plugin. -->","yoast_head_json":{"title":"Vega Plus - Calibreuse \u00e0 \u0153ufs - jusqu'\u00e0 20 000 \u0153ufs\/h | Sime-Tek","description":"La capacit\u00e9 et les caract\u00e9ristiques techniques sont identiques \u00e0 celles du mod\u00e8le Vega, avec l'avantage d'\u00eatre dot\u00e9e de 1 \u00e0 4 lignes d'emballage automatique et une ou plusieurs sorties manuelles.","robots":{"index":"index","follow":"follow","max-snippet":"max-snippet:-1","max-image-preview":"max-image-preview:large","max-video-preview":"max-video-preview:-1"},"canonical":"https:\/\/www.sime-tek.com\/fr\/produits\/calibreuses\/vega-plus\/","og_locale":"fr_FR","og_type":"article","og_title":"Vega Plus - Calibreuse \u00e0 \u0153ufs - jusqu'\u00e0 20 000 \u0153ufs\/h | Sime-Tek","og_description":"La capacit\u00e9 et les caract\u00e9ristiques techniques sont identiques \u00e0 celles du mod\u00e8le Vega, avec l'avantage d'\u00eatre dot\u00e9e de 1 \u00e0 4 lignes d'emballage automatique et une ou plusieurs sorties manuelles.","og_url":"https:\/\/www.sime-tek.com\/fr\/produits\/calibreuses\/vega-plus\/","og_site_name":"Sime-tek","article_modified_time":"2026-02-25T09:44:29+00:00","og_image":[{"width":1155,"height":595,"url":"https:\/\/www.sime-tek.com\/wp-content\/uploads\/2021\/01\/vega-plus.png","type":"image\/png"}],"twitter_card":"summary_large_image","twitter_misc":{"Dur\u00e9e de lecture estim\u00e9e":"1 minute"},"schema":{"@context":"https:\/\/schema.org","@graph":[{"@type":"WebPage","@id":"https:\/\/www.sime-tek.com\/fr\/produits\/calibreuses\/vega-plus\/","url":"https:\/\/www.sime-tek.com\/fr\/produits\/calibreuses\/vega-plus\/","name":"Vega Plus - Calibreuse \u00e0 \u0153ufs - jusqu'\u00e0 20 000 \u0153ufs\/h | Sime-Tek","isPartOf":{"@id":"https:\/\/www.sime-tek.com\/fr\/#website"},"datePublished":"2020-11-12T16:02:33+00:00","dateModified":"2026-02-25T09:44:29+00:00","description":"La capacit\u00e9 et les caract\u00e9ristiques techniques sont identiques \u00e0 celles du mod\u00e8le Vega, avec l'avantage d'\u00eatre dot\u00e9e de 1 \u00e0 4 lignes d'emballage automatique et une ou plusieurs sorties manuelles.","breadcrumb":{"@id":"https:\/\/www.sime-tek.com\/fr\/produits\/calibreuses\/vega-plus\/#breadcrumb"},"inLanguage":"fr-FR","potentialAction":[{"@type":"ReadAction","target":["https:\/\/www.sime-tek.com\/fr\/produits\/calibreuses\/vega-plus\/"]}]},{"@type":"BreadcrumbList","@id":"https:\/\/www.sime-tek.com\/fr\/produits\/calibreuses\/vega-plus\/#breadcrumb","itemListElement":[{"@type":"ListItem","position":1,"name":"Home","item":"https:\/\/www.sime-tek.com\/fr\/home\/"},{"@type":"ListItem","position":2,"name":"Produits","item":"https:\/\/www.sime-tek.com\/fr\/produits\/"},{"@type":"ListItem","position":3,"name":"Calibreuses","item":"https:\/\/www.sime-tek.com\/fr\/produits\/calibreuses\/"},{"@type":"ListItem","position":4,"name":"Vega Plus"}]},{"@type":"WebSite","@id":"https:\/\/www.sime-tek.com\/fr\/#website","url":"https:\/\/www.sime-tek.com\/fr\/","name":"Sime-tek","description":"","potentialAction":[{"@type":"SearchAction","target":{"@type":"EntryPoint","urlTemplate":"https:\/\/www.sime-tek.com\/fr\/?s={search_term_string}"},"query-input":"required name=search_term_string"}],"inLanguage":"fr-FR"}]}},"wps_subtitle":"De 16 000 \u00c0 20 000\u00a0\u0152UFS\/H","_links":{"self":[{"href":"https:\/\/www.sime-tek.com\/fr\/wp-json\/wp\/v2\/pages\/2252"}],"collection":[{"href":"https:\/\/www.sime-tek.com\/fr\/wp-json\/wp\/v2\/pages"}],"about":[{"href":"https:\/\/www.sime-tek.com\/fr\/wp-json\/wp\/v2\/types\/page"}],"author":[{"embeddable":true,"href":"https:\/\/www.sime-tek.com\/fr\/wp-json\/wp\/v2\/users\/1"}],"replies":[{"embeddable":true,"href":"https:\/\/www.sime-tek.com\/fr\/wp-json\/wp\/v2\/comments?post=2252"}],"version-history":[{"count":6,"href":"https:\/\/www.sime-tek.com\/fr\/wp-json\/wp\/v2\/pages\/2252\/revisions"}],"predecessor-version":[{"id":4230,"href":"https:\/\/www.sime-tek.com\/fr\/wp-json\/wp\/v2\/pages\/2252\/revisions\/4230"}],"up":[{"embeddable":true,"href":"https:\/\/www.sime-tek.com\/fr\/wp-json\/wp\/v2\/pages\/2204"}],"wp:featuredmedia":[{"embeddable":true,"href":"https:\/\/www.sime-tek.com\/fr\/wp-json\/wp\/v2\/media\/2254"}],"wp:attachment":[{"href":"https:\/\/www.sime-tek.com\/fr\/wp-json\/wp\/v2\/media?parent=2252"}],"curies":[{"name":"wp","href":"https:\/\/api.w.org\/{rel}","templated":true}]}}