{"id":2240,"date":"2020-11-12T16:41:12","date_gmt":"2020-11-12T15:41:12","guid":{"rendered":"https:\/\/www.sime-tek.com\/prodotti\/selezionatrici-per-uova\/vega\/"},"modified":"2026-02-25T10:50:11","modified_gmt":"2026-02-25T09:50:11","slug":"vega","status":"publish","type":"page","link":"https:\/\/www.sime-tek.com\/fr\/produits\/calibreuses\/vega\/","title":{"rendered":"Vega"},"content":{"rendered":"<p class=\"p1\">Une calibreuse de moyennes dimensions, <b>simple<\/b> mais <b>compl\u00e8te.<\/b>\u00a0Structure en<br \/>\nacier inox, pesage \u00e9lectronique, fonctionnement extr\u00eamement intuitif, collecte manuelle.<br \/>\n<b>Faible investissement<\/b> pour une efficacit\u00e9 maximale, l\u00e0 o\u00f9 les co\u00fbts de main-d&rsquo;\u0153uvre ne<br \/>\nsont pas \u00e9lev\u00e9s et o\u00f9 l&rsquo;automatisation n&rsquo;est pas n\u00e9cessaire.\u00a0Elle est con\u00e7ue avec des mat\u00e9riaux<br \/>\nde premi\u00e8re qualit\u00e9 et <b>durables<\/b>, caract\u00e9ristique de Sime-Tek, avec un bas niveau<br \/>\nd&rsquo;automatisation pour une excellente collaboration Homme-Machine.<\/p>\n<p>&nbsp;<\/p>\n","protected":false},"excerpt":{"rendered":"<p>Calibreuse \u00e9lectronique avec<br \/>\ncollecte manuelle et capacit\u00e9<br \/>\nde production de 16 000<br \/>\nou 20 000 \u0153ufs\/heure.<\/p>\n","protected":false},"author":1,"featured_media":2242,"parent":2204,"menu_order":2,"comment_status":"closed","ping_status":"closed","template":"page_SCHEDA_PRODOTTO.php","meta":[],"acf":[],"yoast_head":"<!-- This site is optimized with the Yoast SEO plugin v20.7 - https:\/\/yoast.com\/wordpress\/plugins\/seo\/ -->\n<title>Vega - Calibreuse \u00e0 \u0153ufs Manuelle - jusqu&#039;\u00e0 20 000 \u0153ufs\/h | Sime-Tek<\/title>\n<meta name=\"description\" content=\"Pes\u00e9e \u00e9lectronique, sorties manuelles, capacit\u00e9 de 16 000 - 20 000 \u0153ufs\/heure. Construction extr\u00eamement compacte, mat\u00e9riaux r\u00e9sistants pour un entretien tr\u00e8s rapide et facile.\" \/>\n<meta name=\"robots\" content=\"index, follow, max-snippet:-1, max-image-preview:large, max-video-preview:-1\" \/>\n<link rel=\"canonical\" href=\"https:\/\/www.sime-tek.com\/fr\/produits\/calibreuses\/vega\/\" \/>\n<meta property=\"og:locale\" content=\"fr_FR\" \/>\n<meta property=\"og:type\" content=\"article\" \/>\n<meta property=\"og:title\" content=\"Vega - Calibreuse \u00e0 \u0153ufs Manuelle - jusqu&#039;\u00e0 20 000 \u0153ufs\/h | Sime-Tek\" \/>\n<meta property=\"og:description\" content=\"Pes\u00e9e \u00e9lectronique, sorties manuelles, capacit\u00e9 de 16 000 - 20 000 \u0153ufs\/heure. Construction extr\u00eamement compacte, mat\u00e9riaux r\u00e9sistants pour un entretien tr\u00e8s rapide et facile.\" \/>\n<meta property=\"og:url\" content=\"https:\/\/www.sime-tek.com\/fr\/produits\/calibreuses\/vega\/\" \/>\n<meta property=\"og:site_name\" content=\"Sime-tek\" \/>\n<meta property=\"article:modified_time\" content=\"2026-02-25T09:50:11+00:00\" \/>\n<meta property=\"og:image\" content=\"https:\/\/www.sime-tek.com\/wp-content\/uploads\/2021\/01\/vega.png\" \/>\n\t<meta property=\"og:image:width\" content=\"1200\" \/>\n\t<meta property=\"og:image:height\" content=\"704\" \/>\n\t<meta property=\"og:image:type\" content=\"image\/png\" \/>\n<meta name=\"twitter:card\" content=\"summary_large_image\" \/>\n<meta name=\"twitter:label1\" content=\"Dur\u00e9e de lecture estim\u00e9e\" \/>\n\t<meta name=\"twitter:data1\" content=\"1 minute\" \/>\n<script type=\"application\/ld+json\" class=\"yoast-schema-graph\">{\"@context\":\"https:\/\/schema.org\",\"@graph\":[{\"@type\":\"WebPage\",\"@id\":\"https:\/\/www.sime-tek.com\/fr\/produits\/calibreuses\/vega\/\",\"url\":\"https:\/\/www.sime-tek.com\/fr\/produits\/calibreuses\/vega\/\",\"name\":\"Vega - Calibreuse \u00e0 \u0153ufs Manuelle - jusqu'\u00e0 20 000 \u0153ufs\/h | Sime-Tek\",\"isPartOf\":{\"@id\":\"https:\/\/www.sime-tek.com\/fr\/#website\"},\"datePublished\":\"2020-11-12T15:41:12+00:00\",\"dateModified\":\"2026-02-25T09:50:11+00:00\",\"description\":\"Pes\u00e9e \u00e9lectronique, sorties manuelles, capacit\u00e9 de 16 000 - 20 000 \u0153ufs\/heure. Construction extr\u00eamement compacte, mat\u00e9riaux r\u00e9sistants pour un entretien tr\u00e8s rapide et facile.\",\"breadcrumb\":{\"@id\":\"https:\/\/www.sime-tek.com\/fr\/produits\/calibreuses\/vega\/#breadcrumb\"},\"inLanguage\":\"fr-FR\",\"potentialAction\":[{\"@type\":\"ReadAction\",\"target\":[\"https:\/\/www.sime-tek.com\/fr\/produits\/calibreuses\/vega\/\"]}]},{\"@type\":\"BreadcrumbList\",\"@id\":\"https:\/\/www.sime-tek.com\/fr\/produits\/calibreuses\/vega\/#breadcrumb\",\"itemListElement\":[{\"@type\":\"ListItem\",\"position\":1,\"name\":\"Home\",\"item\":\"https:\/\/www.sime-tek.com\/fr\/home\/\"},{\"@type\":\"ListItem\",\"position\":2,\"name\":\"Produits\",\"item\":\"https:\/\/www.sime-tek.com\/fr\/produits\/\"},{\"@type\":\"ListItem\",\"position\":3,\"name\":\"Calibreuses\",\"item\":\"https:\/\/www.sime-tek.com\/fr\/produits\/calibreuses\/\"},{\"@type\":\"ListItem\",\"position\":4,\"name\":\"Vega\"}]},{\"@type\":\"WebSite\",\"@id\":\"https:\/\/www.sime-tek.com\/fr\/#website\",\"url\":\"https:\/\/www.sime-tek.com\/fr\/\",\"name\":\"Sime-tek\",\"description\":\"\",\"potentialAction\":[{\"@type\":\"SearchAction\",\"target\":{\"@type\":\"EntryPoint\",\"urlTemplate\":\"https:\/\/www.sime-tek.com\/fr\/?s={search_term_string}\"},\"query-input\":\"required name=search_term_string\"}],\"inLanguage\":\"fr-FR\"}]}<\/script>\n<!-- \/ Yoast SEO plugin. -->","yoast_head_json":{"title":"Vega - Calibreuse \u00e0 \u0153ufs Manuelle - jusqu'\u00e0 20 000 \u0153ufs\/h | Sime-Tek","description":"Pes\u00e9e \u00e9lectronique, sorties manuelles, capacit\u00e9 de 16 000 - 20 000 \u0153ufs\/heure. Construction extr\u00eamement compacte, mat\u00e9riaux r\u00e9sistants pour un entretien tr\u00e8s rapide et facile.","robots":{"index":"index","follow":"follow","max-snippet":"max-snippet:-1","max-image-preview":"max-image-preview:large","max-video-preview":"max-video-preview:-1"},"canonical":"https:\/\/www.sime-tek.com\/fr\/produits\/calibreuses\/vega\/","og_locale":"fr_FR","og_type":"article","og_title":"Vega - Calibreuse \u00e0 \u0153ufs Manuelle - jusqu'\u00e0 20 000 \u0153ufs\/h | Sime-Tek","og_description":"Pes\u00e9e \u00e9lectronique, sorties manuelles, capacit\u00e9 de 16 000 - 20 000 \u0153ufs\/heure. Construction extr\u00eamement compacte, mat\u00e9riaux r\u00e9sistants pour un entretien tr\u00e8s rapide et facile.","og_url":"https:\/\/www.sime-tek.com\/fr\/produits\/calibreuses\/vega\/","og_site_name":"Sime-tek","article_modified_time":"2026-02-25T09:50:11+00:00","og_image":[{"width":1200,"height":704,"url":"https:\/\/www.sime-tek.com\/wp-content\/uploads\/2021\/01\/vega.png","type":"image\/png"}],"twitter_card":"summary_large_image","twitter_misc":{"Dur\u00e9e de lecture estim\u00e9e":"1 minute"},"schema":{"@context":"https:\/\/schema.org","@graph":[{"@type":"WebPage","@id":"https:\/\/www.sime-tek.com\/fr\/produits\/calibreuses\/vega\/","url":"https:\/\/www.sime-tek.com\/fr\/produits\/calibreuses\/vega\/","name":"Vega - Calibreuse \u00e0 \u0153ufs Manuelle - jusqu'\u00e0 20 000 \u0153ufs\/h | Sime-Tek","isPartOf":{"@id":"https:\/\/www.sime-tek.com\/fr\/#website"},"datePublished":"2020-11-12T15:41:12+00:00","dateModified":"2026-02-25T09:50:11+00:00","description":"Pes\u00e9e \u00e9lectronique, sorties manuelles, capacit\u00e9 de 16 000 - 20 000 \u0153ufs\/heure. Construction extr\u00eamement compacte, mat\u00e9riaux r\u00e9sistants pour un entretien tr\u00e8s rapide et facile.","breadcrumb":{"@id":"https:\/\/www.sime-tek.com\/fr\/produits\/calibreuses\/vega\/#breadcrumb"},"inLanguage":"fr-FR","potentialAction":[{"@type":"ReadAction","target":["https:\/\/www.sime-tek.com\/fr\/produits\/calibreuses\/vega\/"]}]},{"@type":"BreadcrumbList","@id":"https:\/\/www.sime-tek.com\/fr\/produits\/calibreuses\/vega\/#breadcrumb","itemListElement":[{"@type":"ListItem","position":1,"name":"Home","item":"https:\/\/www.sime-tek.com\/fr\/home\/"},{"@type":"ListItem","position":2,"name":"Produits","item":"https:\/\/www.sime-tek.com\/fr\/produits\/"},{"@type":"ListItem","position":3,"name":"Calibreuses","item":"https:\/\/www.sime-tek.com\/fr\/produits\/calibreuses\/"},{"@type":"ListItem","position":4,"name":"Vega"}]},{"@type":"WebSite","@id":"https:\/\/www.sime-tek.com\/fr\/#website","url":"https:\/\/www.sime-tek.com\/fr\/","name":"Sime-tek","description":"","potentialAction":[{"@type":"SearchAction","target":{"@type":"EntryPoint","urlTemplate":"https:\/\/www.sime-tek.com\/fr\/?s={search_term_string}"},"query-input":"required name=search_term_string"}],"inLanguage":"fr-FR"}]}},"wps_subtitle":"De 16 000 \u00c0 20 000\u00a0\u0152UFS\/H","_links":{"self":[{"href":"https:\/\/www.sime-tek.com\/fr\/wp-json\/wp\/v2\/pages\/2240"}],"collection":[{"href":"https:\/\/www.sime-tek.com\/fr\/wp-json\/wp\/v2\/pages"}],"about":[{"href":"https:\/\/www.sime-tek.com\/fr\/wp-json\/wp\/v2\/types\/page"}],"author":[{"embeddable":true,"href":"https:\/\/www.sime-tek.com\/fr\/wp-json\/wp\/v2\/users\/1"}],"replies":[{"embeddable":true,"href":"https:\/\/www.sime-tek.com\/fr\/wp-json\/wp\/v2\/comments?post=2240"}],"version-history":[{"count":7,"href":"https:\/\/www.sime-tek.com\/fr\/wp-json\/wp\/v2\/pages\/2240\/revisions"}],"predecessor-version":[{"id":4235,"href":"https:\/\/www.sime-tek.com\/fr\/wp-json\/wp\/v2\/pages\/2240\/revisions\/4235"}],"up":[{"embeddable":true,"href":"https:\/\/www.sime-tek.com\/fr\/wp-json\/wp\/v2\/pages\/2204"}],"wp:featuredmedia":[{"embeddable":true,"href":"https:\/\/www.sime-tek.com\/fr\/wp-json\/wp\/v2\/media\/2242"}],"wp:attachment":[{"href":"https:\/\/www.sime-tek.com\/fr\/wp-json\/wp\/v2\/media?parent=2240"}],"curies":[{"name":"wp","href":"https:\/\/api.w.org\/{rel}","templated":true}]}}