{"id":2228,"date":"2021-02-11T11:58:04","date_gmt":"2021-02-11T10:58:04","guid":{"rendered":"https:\/\/www.sime-tek.com\/prodotti\/selezionatrici-per-uova\/minigrad-6-5\/"},"modified":"2024-01-19T12:39:16","modified_gmt":"2024-01-19T11:39:16","slug":"minigrad-6-5","status":"publish","type":"page","link":"https:\/\/www.sime-tek.com\/fr\/produits\/calibreuses\/minigrad-6-5\/","title":{"rendered":"Minigrad 6.5"},"content":{"rendered":"<p class=\"p1\">La premi\u00e8re calibreuse \u00e9lectronique <b>\u00e0 installer soi-m\u00eame<\/b>\u00a0; avec Minigrad 6.5,<br \/>\nSime-Tek a \u00e9tabli de nouveaux standards pour le tri des \u0153ufs \u00e0 petite \u00e9chelle.<br \/>\nUne capacit\u00e9 de production de 6 500 \u0153ufs par heure, la possibilit\u00e9 d&rsquo;ajouter 1 <b>ligne<\/b><br \/>\n<b>d&#8217;emballage automatique<\/b> et toute la technologie des grandes calibreuses, comme<br \/>\n<b>la connexion Wifi<\/b>, l&rsquo;interface d&rsquo;impression, <b>la gestion \u00e0 \u00e9cran tactile<\/b>,<br \/>\nle rapport de production, et bien plus encore&#8230;<\/p>\n","protected":false},"excerpt":{"rendered":"<p>La premi\u00e8re calibreuse \u00e9lectronique<br \/>\n\u00e0 installer soi-m\u00eame, Sime-Tek a<br \/>\n\u00e9tabli de nouveaux standards pour<br \/>\nle tri des \u0153ufs \u00e0 petite \u00e9chelle.<\/p>\n","protected":false},"author":1,"featured_media":2230,"parent":2204,"menu_order":0,"comment_status":"closed","ping_status":"closed","template":"page_SCHEDA_PRODOTTO.php","meta":[],"acf":[],"yoast_head":"<!-- This site is optimized with the Yoast SEO plugin v20.7 - https:\/\/yoast.com\/wordpress\/plugins\/seo\/ -->\n<title>Minigrad 6.5 - Calibreuse \u00c9lectronique - 6 500 \u0153ufs\/heure | Sime-Tek<\/title>\n<meta name=\"description\" content=\"La plus petite calibreuse Sime-Tek, dot\u00e9e de toute la technologie des grandes calibreuses, parfaite pour des installations au sol.\" \/>\n<meta name=\"robots\" content=\"index, follow, max-snippet:-1, max-image-preview:large, max-video-preview:-1\" \/>\n<link rel=\"canonical\" href=\"https:\/\/www.sime-tek.com\/fr\/produits\/calibreuses\/minigrad-6-5\/\" \/>\n<meta property=\"og:locale\" content=\"fr_FR\" \/>\n<meta property=\"og:type\" content=\"article\" \/>\n<meta property=\"og:title\" content=\"Minigrad 6.5 - Calibreuse \u00c9lectronique - 6 500 \u0153ufs\/heure | Sime-Tek\" \/>\n<meta property=\"og:description\" content=\"La plus petite calibreuse Sime-Tek, dot\u00e9e de toute la technologie des grandes calibreuses, parfaite pour des installations au sol.\" \/>\n<meta property=\"og:url\" content=\"https:\/\/www.sime-tek.com\/fr\/produits\/calibreuses\/minigrad-6-5\/\" \/>\n<meta property=\"og:site_name\" content=\"Sime-tek\" \/>\n<meta property=\"article:modified_time\" content=\"2024-01-19T11:39:16+00:00\" \/>\n<meta property=\"og:image\" content=\"https:\/\/www.sime-tek.com\/wp-content\/uploads\/2021\/02\/minigrad-6-5.png\" \/>\n\t<meta property=\"og:image:width\" content=\"1440\" \/>\n\t<meta property=\"og:image:height\" content=\"696\" \/>\n\t<meta property=\"og:image:type\" content=\"image\/png\" \/>\n<meta name=\"twitter:card\" content=\"summary_large_image\" \/>\n<meta name=\"twitter:label1\" content=\"Dur\u00e9e de lecture estim\u00e9e\" \/>\n\t<meta name=\"twitter:data1\" content=\"1 minute\" \/>\n<script type=\"application\/ld+json\" class=\"yoast-schema-graph\">{\"@context\":\"https:\/\/schema.org\",\"@graph\":[{\"@type\":\"WebPage\",\"@id\":\"https:\/\/www.sime-tek.com\/fr\/produits\/calibreuses\/minigrad-6-5\/\",\"url\":\"https:\/\/www.sime-tek.com\/fr\/produits\/calibreuses\/minigrad-6-5\/\",\"name\":\"Minigrad 6.5 - Calibreuse \u00c9lectronique - 6 500 \u0153ufs\/heure | Sime-Tek\",\"isPartOf\":{\"@id\":\"https:\/\/www.sime-tek.com\/fr\/#website\"},\"datePublished\":\"2021-02-11T10:58:04+00:00\",\"dateModified\":\"2024-01-19T11:39:16+00:00\",\"description\":\"La plus petite calibreuse Sime-Tek, dot\u00e9e de toute la technologie des grandes calibreuses, parfaite pour des installations au sol.\",\"breadcrumb\":{\"@id\":\"https:\/\/www.sime-tek.com\/fr\/produits\/calibreuses\/minigrad-6-5\/#breadcrumb\"},\"inLanguage\":\"fr-FR\",\"potentialAction\":[{\"@type\":\"ReadAction\",\"target\":[\"https:\/\/www.sime-tek.com\/fr\/produits\/calibreuses\/minigrad-6-5\/\"]}]},{\"@type\":\"BreadcrumbList\",\"@id\":\"https:\/\/www.sime-tek.com\/fr\/produits\/calibreuses\/minigrad-6-5\/#breadcrumb\",\"itemListElement\":[{\"@type\":\"ListItem\",\"position\":1,\"name\":\"Home\",\"item\":\"https:\/\/www.sime-tek.com\/fr\/home\/\"},{\"@type\":\"ListItem\",\"position\":2,\"name\":\"Produits\",\"item\":\"https:\/\/www.sime-tek.com\/fr\/produits\/\"},{\"@type\":\"ListItem\",\"position\":3,\"name\":\"Calibreuses\",\"item\":\"https:\/\/www.sime-tek.com\/fr\/produits\/calibreuses\/\"},{\"@type\":\"ListItem\",\"position\":4,\"name\":\"Minigrad 6.5\"}]},{\"@type\":\"WebSite\",\"@id\":\"https:\/\/www.sime-tek.com\/fr\/#website\",\"url\":\"https:\/\/www.sime-tek.com\/fr\/\",\"name\":\"Sime-tek\",\"description\":\"\",\"potentialAction\":[{\"@type\":\"SearchAction\",\"target\":{\"@type\":\"EntryPoint\",\"urlTemplate\":\"https:\/\/www.sime-tek.com\/fr\/?s={search_term_string}\"},\"query-input\":\"required name=search_term_string\"}],\"inLanguage\":\"fr-FR\"}]}<\/script>\n<!-- \/ Yoast SEO plugin. -->","yoast_head_json":{"title":"Minigrad 6.5 - Calibreuse \u00c9lectronique - 6 500 \u0153ufs\/heure | Sime-Tek","description":"La plus petite calibreuse Sime-Tek, dot\u00e9e de toute la technologie des grandes calibreuses, parfaite pour des installations au sol.","robots":{"index":"index","follow":"follow","max-snippet":"max-snippet:-1","max-image-preview":"max-image-preview:large","max-video-preview":"max-video-preview:-1"},"canonical":"https:\/\/www.sime-tek.com\/fr\/produits\/calibreuses\/minigrad-6-5\/","og_locale":"fr_FR","og_type":"article","og_title":"Minigrad 6.5 - Calibreuse \u00c9lectronique - 6 500 \u0153ufs\/heure | Sime-Tek","og_description":"La plus petite calibreuse Sime-Tek, dot\u00e9e de toute la technologie des grandes calibreuses, parfaite pour des installations au sol.","og_url":"https:\/\/www.sime-tek.com\/fr\/produits\/calibreuses\/minigrad-6-5\/","og_site_name":"Sime-tek","article_modified_time":"2024-01-19T11:39:16+00:00","og_image":[{"width":1440,"height":696,"url":"https:\/\/www.sime-tek.com\/wp-content\/uploads\/2021\/02\/minigrad-6-5.png","type":"image\/png"}],"twitter_card":"summary_large_image","twitter_misc":{"Dur\u00e9e de lecture estim\u00e9e":"1 minute"},"schema":{"@context":"https:\/\/schema.org","@graph":[{"@type":"WebPage","@id":"https:\/\/www.sime-tek.com\/fr\/produits\/calibreuses\/minigrad-6-5\/","url":"https:\/\/www.sime-tek.com\/fr\/produits\/calibreuses\/minigrad-6-5\/","name":"Minigrad 6.5 - Calibreuse \u00c9lectronique - 6 500 \u0153ufs\/heure | Sime-Tek","isPartOf":{"@id":"https:\/\/www.sime-tek.com\/fr\/#website"},"datePublished":"2021-02-11T10:58:04+00:00","dateModified":"2024-01-19T11:39:16+00:00","description":"La plus petite calibreuse Sime-Tek, dot\u00e9e de toute la technologie des grandes calibreuses, parfaite pour des installations au sol.","breadcrumb":{"@id":"https:\/\/www.sime-tek.com\/fr\/produits\/calibreuses\/minigrad-6-5\/#breadcrumb"},"inLanguage":"fr-FR","potentialAction":[{"@type":"ReadAction","target":["https:\/\/www.sime-tek.com\/fr\/produits\/calibreuses\/minigrad-6-5\/"]}]},{"@type":"BreadcrumbList","@id":"https:\/\/www.sime-tek.com\/fr\/produits\/calibreuses\/minigrad-6-5\/#breadcrumb","itemListElement":[{"@type":"ListItem","position":1,"name":"Home","item":"https:\/\/www.sime-tek.com\/fr\/home\/"},{"@type":"ListItem","position":2,"name":"Produits","item":"https:\/\/www.sime-tek.com\/fr\/produits\/"},{"@type":"ListItem","position":3,"name":"Calibreuses","item":"https:\/\/www.sime-tek.com\/fr\/produits\/calibreuses\/"},{"@type":"ListItem","position":4,"name":"Minigrad 6.5"}]},{"@type":"WebSite","@id":"https:\/\/www.sime-tek.com\/fr\/#website","url":"https:\/\/www.sime-tek.com\/fr\/","name":"Sime-tek","description":"","potentialAction":[{"@type":"SearchAction","target":{"@type":"EntryPoint","urlTemplate":"https:\/\/www.sime-tek.com\/fr\/?s={search_term_string}"},"query-input":"required name=search_term_string"}],"inLanguage":"fr-FR"}]}},"wps_subtitle":"JUSQU'\u00c0 6.500 \u0152UFS\/HEURE","_links":{"self":[{"href":"https:\/\/www.sime-tek.com\/fr\/wp-json\/wp\/v2\/pages\/2228"}],"collection":[{"href":"https:\/\/www.sime-tek.com\/fr\/wp-json\/wp\/v2\/pages"}],"about":[{"href":"https:\/\/www.sime-tek.com\/fr\/wp-json\/wp\/v2\/types\/page"}],"author":[{"embeddable":true,"href":"https:\/\/www.sime-tek.com\/fr\/wp-json\/wp\/v2\/users\/1"}],"replies":[{"embeddable":true,"href":"https:\/\/www.sime-tek.com\/fr\/wp-json\/wp\/v2\/comments?post=2228"}],"version-history":[{"count":5,"href":"https:\/\/www.sime-tek.com\/fr\/wp-json\/wp\/v2\/pages\/2228\/revisions"}],"predecessor-version":[{"id":3869,"href":"https:\/\/www.sime-tek.com\/fr\/wp-json\/wp\/v2\/pages\/2228\/revisions\/3869"}],"up":[{"embeddable":true,"href":"https:\/\/www.sime-tek.com\/fr\/wp-json\/wp\/v2\/pages\/2204"}],"wp:featuredmedia":[{"embeddable":true,"href":"https:\/\/www.sime-tek.com\/fr\/wp-json\/wp\/v2\/media\/2230"}],"wp:attachment":[{"href":"https:\/\/www.sime-tek.com\/fr\/wp-json\/wp\/v2\/media?parent=2228"}],"curies":[{"name":"wp","href":"https:\/\/api.w.org\/{rel}","templated":true}]}}