{"id":2216,"date":"2020-10-21T16:49:21","date_gmt":"2020-10-21T14:49:21","guid":{"rendered":"https:\/\/www.sime-tek.com\/prodotti\/selezionatrici-per-uova\/minigrad-10\/"},"modified":"2026-02-25T10:57:10","modified_gmt":"2026-02-25T09:57:10","slug":"minigrad-10","status":"publish","type":"page","link":"https:\/\/www.sime-tek.com\/fr\/produits\/calibreuses\/minigrad-10\/","title":{"rendered":"Minigrad 10"},"content":{"rendered":"<p class=\"p1\">Minigrad est la machine qui a r\u00e9volutionn\u00e9 le monde des calibreuses \u00e0 \u0153ufs \u00e0 petite<br \/>\n\u00e9chelle.\u00a0Ces derni\u00e8res ann\u00e9es, l&rsquo;\u00e9volution du secteur avicole a pouss\u00e9 les producteurs \u00e0 s&rsquo;orienter<br \/>\nvers des mod\u00e8les commerciaux plus durables, ax\u00e9s sur le <b>bien-\u00eatre des animaux<\/b> et la <b>sant\u00e9<\/b><br \/>\n<b>des consommateurs<\/b>. Cela a conduit \u00e0 des \u00e9volutions techniques des \u00e9quipements, et surtout \u00e0<br \/>\nun changement dans l&rsquo;esprit du consommateur et par cons\u00e9quent sur le march\u00e9.<br \/>\nC&rsquo;est alors que Sime-Tek a introduit Minigrad 10\u00a0; avec une capacit\u00e9 de 10 000 \u0153ufs par heure,<br \/>\ncette machine incarne toute l&rsquo;<b>innovation<\/b>\u00a0Sime-Tek d\u00e9velopp\u00e9e au fil des ans aux c\u00f4t\u00e9s<br \/>\ndes petits et moyens exploitants, et r\u00e9pond parfaitement \u00e0 l&rsquo;\u00e9volution du march\u00e9 de ces derni\u00e8res ann\u00e9es.<\/p>\n","protected":false},"excerpt":{"rendered":"<p>Calibreuse Sime-Teck de petite taille<br \/>\nmais r\u00e9volutionnaire, petite en termes<br \/>\nd&rsquo;encombrement, mais r\u00e9volutionnaire<br \/>\npar sa technologie de grande calibreuse.<\/p>\n","protected":false},"author":1,"featured_media":2218,"parent":2204,"menu_order":1,"comment_status":"closed","ping_status":"closed","template":"page_SCHEDA_PRODOTTO.php","meta":[],"acf":[],"yoast_head":"<!-- This site is optimized with the Yoast SEO plugin v20.7 - https:\/\/yoast.com\/wordpress\/plugins\/seo\/ -->\n<title>Minigrad 10 - Calibreuse - 10 000 oeufs\/heure | Sime-Tek<\/title>\n<meta name=\"description\" content=\"La calibreuse r\u00e9volutionnaire Sime-Tek, petite par sa taille mais avec toute la technologie des plus grandes calibreuses. Parfaite pour les exploitations en plein air.\" \/>\n<meta name=\"robots\" content=\"index, follow, max-snippet:-1, max-image-preview:large, max-video-preview:-1\" \/>\n<link rel=\"canonical\" href=\"https:\/\/www.sime-tek.com\/fr\/produits\/calibreuses\/minigrad-10\/\" \/>\n<meta property=\"og:locale\" content=\"fr_FR\" \/>\n<meta property=\"og:type\" content=\"article\" \/>\n<meta property=\"og:title\" content=\"Minigrad 10 - Calibreuse - 10 000 oeufs\/heure | Sime-Tek\" \/>\n<meta property=\"og:description\" content=\"La calibreuse r\u00e9volutionnaire Sime-Tek, petite par sa taille mais avec toute la technologie des plus grandes calibreuses. Parfaite pour les exploitations en plein air.\" \/>\n<meta property=\"og:url\" content=\"https:\/\/www.sime-tek.com\/fr\/produits\/calibreuses\/minigrad-10\/\" \/>\n<meta property=\"og:site_name\" content=\"Sime-tek\" \/>\n<meta property=\"article:modified_time\" content=\"2026-02-25T09:57:10+00:00\" \/>\n<meta property=\"og:image\" content=\"https:\/\/www.sime-tek.com\/wp-content\/uploads\/2020\/11\/minigrad10-e1605289501540.png\" \/>\n\t<meta property=\"og:image:width\" content=\"1176\" \/>\n\t<meta property=\"og:image:height\" content=\"405\" \/>\n\t<meta property=\"og:image:type\" content=\"image\/png\" \/>\n<meta name=\"twitter:card\" content=\"summary_large_image\" \/>\n<meta name=\"twitter:label1\" content=\"Dur\u00e9e de lecture estim\u00e9e\" \/>\n\t<meta name=\"twitter:data1\" content=\"1 minute\" \/>\n<script type=\"application\/ld+json\" class=\"yoast-schema-graph\">{\"@context\":\"https:\/\/schema.org\",\"@graph\":[{\"@type\":\"WebPage\",\"@id\":\"https:\/\/www.sime-tek.com\/fr\/produits\/calibreuses\/minigrad-10\/\",\"url\":\"https:\/\/www.sime-tek.com\/fr\/produits\/calibreuses\/minigrad-10\/\",\"name\":\"Minigrad 10 - Calibreuse - 10 000 oeufs\/heure | Sime-Tek\",\"isPartOf\":{\"@id\":\"https:\/\/www.sime-tek.com\/fr\/#website\"},\"datePublished\":\"2020-10-21T14:49:21+00:00\",\"dateModified\":\"2026-02-25T09:57:10+00:00\",\"description\":\"La calibreuse r\u00e9volutionnaire Sime-Tek, petite par sa taille mais avec toute la technologie des plus grandes calibreuses. Parfaite pour les exploitations en plein air.\",\"breadcrumb\":{\"@id\":\"https:\/\/www.sime-tek.com\/fr\/produits\/calibreuses\/minigrad-10\/#breadcrumb\"},\"inLanguage\":\"fr-FR\",\"potentialAction\":[{\"@type\":\"ReadAction\",\"target\":[\"https:\/\/www.sime-tek.com\/fr\/produits\/calibreuses\/minigrad-10\/\"]}]},{\"@type\":\"BreadcrumbList\",\"@id\":\"https:\/\/www.sime-tek.com\/fr\/produits\/calibreuses\/minigrad-10\/#breadcrumb\",\"itemListElement\":[{\"@type\":\"ListItem\",\"position\":1,\"name\":\"Home\",\"item\":\"https:\/\/www.sime-tek.com\/fr\/home\/\"},{\"@type\":\"ListItem\",\"position\":2,\"name\":\"Produits\",\"item\":\"https:\/\/www.sime-tek.com\/fr\/produits\/\"},{\"@type\":\"ListItem\",\"position\":3,\"name\":\"Calibreuses\",\"item\":\"https:\/\/www.sime-tek.com\/fr\/produits\/calibreuses\/\"},{\"@type\":\"ListItem\",\"position\":4,\"name\":\"Minigrad 10\"}]},{\"@type\":\"WebSite\",\"@id\":\"https:\/\/www.sime-tek.com\/fr\/#website\",\"url\":\"https:\/\/www.sime-tek.com\/fr\/\",\"name\":\"Sime-tek\",\"description\":\"\",\"potentialAction\":[{\"@type\":\"SearchAction\",\"target\":{\"@type\":\"EntryPoint\",\"urlTemplate\":\"https:\/\/www.sime-tek.com\/fr\/?s={search_term_string}\"},\"query-input\":\"required name=search_term_string\"}],\"inLanguage\":\"fr-FR\"}]}<\/script>\n<!-- \/ Yoast SEO plugin. -->","yoast_head_json":{"title":"Minigrad 10 - Calibreuse - 10 000 oeufs\/heure | Sime-Tek","description":"La calibreuse r\u00e9volutionnaire Sime-Tek, petite par sa taille mais avec toute la technologie des plus grandes calibreuses. Parfaite pour les exploitations en plein air.","robots":{"index":"index","follow":"follow","max-snippet":"max-snippet:-1","max-image-preview":"max-image-preview:large","max-video-preview":"max-video-preview:-1"},"canonical":"https:\/\/www.sime-tek.com\/fr\/produits\/calibreuses\/minigrad-10\/","og_locale":"fr_FR","og_type":"article","og_title":"Minigrad 10 - Calibreuse - 10 000 oeufs\/heure | Sime-Tek","og_description":"La calibreuse r\u00e9volutionnaire Sime-Tek, petite par sa taille mais avec toute la technologie des plus grandes calibreuses. Parfaite pour les exploitations en plein air.","og_url":"https:\/\/www.sime-tek.com\/fr\/produits\/calibreuses\/minigrad-10\/","og_site_name":"Sime-tek","article_modified_time":"2026-02-25T09:57:10+00:00","og_image":[{"width":1176,"height":405,"url":"https:\/\/www.sime-tek.com\/wp-content\/uploads\/2020\/11\/minigrad10-e1605289501540.png","type":"image\/png"}],"twitter_card":"summary_large_image","twitter_misc":{"Dur\u00e9e de lecture estim\u00e9e":"1 minute"},"schema":{"@context":"https:\/\/schema.org","@graph":[{"@type":"WebPage","@id":"https:\/\/www.sime-tek.com\/fr\/produits\/calibreuses\/minigrad-10\/","url":"https:\/\/www.sime-tek.com\/fr\/produits\/calibreuses\/minigrad-10\/","name":"Minigrad 10 - Calibreuse - 10 000 oeufs\/heure | Sime-Tek","isPartOf":{"@id":"https:\/\/www.sime-tek.com\/fr\/#website"},"datePublished":"2020-10-21T14:49:21+00:00","dateModified":"2026-02-25T09:57:10+00:00","description":"La calibreuse r\u00e9volutionnaire Sime-Tek, petite par sa taille mais avec toute la technologie des plus grandes calibreuses. Parfaite pour les exploitations en plein air.","breadcrumb":{"@id":"https:\/\/www.sime-tek.com\/fr\/produits\/calibreuses\/minigrad-10\/#breadcrumb"},"inLanguage":"fr-FR","potentialAction":[{"@type":"ReadAction","target":["https:\/\/www.sime-tek.com\/fr\/produits\/calibreuses\/minigrad-10\/"]}]},{"@type":"BreadcrumbList","@id":"https:\/\/www.sime-tek.com\/fr\/produits\/calibreuses\/minigrad-10\/#breadcrumb","itemListElement":[{"@type":"ListItem","position":1,"name":"Home","item":"https:\/\/www.sime-tek.com\/fr\/home\/"},{"@type":"ListItem","position":2,"name":"Produits","item":"https:\/\/www.sime-tek.com\/fr\/produits\/"},{"@type":"ListItem","position":3,"name":"Calibreuses","item":"https:\/\/www.sime-tek.com\/fr\/produits\/calibreuses\/"},{"@type":"ListItem","position":4,"name":"Minigrad 10"}]},{"@type":"WebSite","@id":"https:\/\/www.sime-tek.com\/fr\/#website","url":"https:\/\/www.sime-tek.com\/fr\/","name":"Sime-tek","description":"","potentialAction":[{"@type":"SearchAction","target":{"@type":"EntryPoint","urlTemplate":"https:\/\/www.sime-tek.com\/fr\/?s={search_term_string}"},"query-input":"required name=search_term_string"}],"inLanguage":"fr-FR"}]}},"wps_subtitle":"JUSQU'\u00c0 10 000 \u0152UFS\/HEURE","_links":{"self":[{"href":"https:\/\/www.sime-tek.com\/fr\/wp-json\/wp\/v2\/pages\/2216"}],"collection":[{"href":"https:\/\/www.sime-tek.com\/fr\/wp-json\/wp\/v2\/pages"}],"about":[{"href":"https:\/\/www.sime-tek.com\/fr\/wp-json\/wp\/v2\/types\/page"}],"author":[{"embeddable":true,"href":"https:\/\/www.sime-tek.com\/fr\/wp-json\/wp\/v2\/users\/1"}],"replies":[{"embeddable":true,"href":"https:\/\/www.sime-tek.com\/fr\/wp-json\/wp\/v2\/comments?post=2216"}],"version-history":[{"count":8,"href":"https:\/\/www.sime-tek.com\/fr\/wp-json\/wp\/v2\/pages\/2216\/revisions"}],"predecessor-version":[{"id":4240,"href":"https:\/\/www.sime-tek.com\/fr\/wp-json\/wp\/v2\/pages\/2216\/revisions\/4240"}],"up":[{"embeddable":true,"href":"https:\/\/www.sime-tek.com\/fr\/wp-json\/wp\/v2\/pages\/2204"}],"wp:featuredmedia":[{"embeddable":true,"href":"https:\/\/www.sime-tek.com\/fr\/wp-json\/wp\/v2\/media\/2218"}],"wp:attachment":[{"href":"https:\/\/www.sime-tek.com\/fr\/wp-json\/wp\/v2\/media?parent=2216"}],"curies":[{"name":"wp","href":"https:\/\/api.w.org\/{rel}","templated":true}]}}