{"id":2386,"date":"2020-10-22T17:08:18","date_gmt":"2020-10-22T15:08:18","guid":{"rendered":"https:\/\/www.sime-tek.com\/usato-ricondizionato-e-garantito\/"},"modified":"2022-07-08T11:44:47","modified_gmt":"2022-07-08T09:44:47","slug":"productos-usados-reacondicionados-y-garantizados","status":"publish","type":"page","link":"https:\/\/www.sime-tek.com\/es\/productos-usados-reacondicionados-y-garantizados\/","title":{"rendered":"Productos usados reacondicionados y garantizados"},"content":{"rendered":"<p>Tenemos regularmente existencias de algunos de nuestros modelos de segunda mano. En el<br \/>\nproceso de reacondicionamiento, nuestros t\u00e9cnicos revisan a fondo toda la m\u00e1quina para<br \/>\ncomprobar el correcto funcionamiento y el estado de desgaste de cada componente.<br \/>\nPor norma, efectuamos las modificaciones o sustituciones necesarias y ofrecemos la garant\u00eda<br \/>\nest\u00e1ndar de 1 a\u00f1o para nuestros equipos de segunda mano, exactamente igual que<br \/>\npara los nuevos.<\/p>\n","protected":false},"excerpt":{"rendered":"<p>Un producto usado y reacondicionado es una opci\u00f3n perfectamente v\u00e1lida para quien desea ampliar el<br \/>\nparque de m\u00e1quinas de su planta gastando menos que con m\u00e1quinas nuevas. Cada m\u00e1quina<br \/>\nreacondicionada por Sime-Tek es sometida a inspecci\u00f3n y ensayo y est\u00e1 cubierta por la garant\u00eda.<br \/>\n<strong>M\u00e1s informaci\u00f3n sobre las condiciones y los productos disponibles.<\/strong><\/p>\n","protected":false},"author":1,"featured_media":0,"parent":0,"menu_order":0,"comment_status":"closed","ping_status":"closed","template":"page_USATO.php","meta":[],"acf":[],"yoast_head":"<!-- This site is optimized with the Yoast SEO plugin v20.7 - https:\/\/yoast.com\/wordpress\/plugins\/seo\/ -->\n<title>Productos usados reacondicionados y garantizados - Sime-tek<\/title>\n<meta name=\"robots\" content=\"index, follow, max-snippet:-1, max-image-preview:large, max-video-preview:-1\" \/>\n<link rel=\"canonical\" href=\"https:\/\/www.sime-tek.com\/es\/productos-usados-reacondicionados-y-garantizados\/\" \/>\n<meta property=\"og:locale\" content=\"es_ES\" \/>\n<meta property=\"og:type\" content=\"article\" \/>\n<meta property=\"og:title\" content=\"Productos usados reacondicionados y garantizados - Sime-tek\" \/>\n<meta property=\"og:description\" content=\"Un producto usado y reacondicionado es una opci\u00f3n perfectamente v\u00e1lida para quien desea ampliar el parque de m\u00e1quinas de su planta gastando menos que con m\u00e1quinas nuevas. Cada m\u00e1quina reacondicionada por Sime-Tek es sometida a inspecci\u00f3n y ensayo y est\u00e1 cubierta por la garant\u00eda.  M\u00e1s informaci\u00f3n sobre las condiciones y los productos disponibles.\" \/>\n<meta property=\"og:url\" content=\"https:\/\/www.sime-tek.com\/es\/productos-usados-reacondicionados-y-garantizados\/\" \/>\n<meta property=\"og:site_name\" content=\"Sime-tek\" \/>\n<meta property=\"article:modified_time\" content=\"2022-07-08T09:44:47+00:00\" \/>\n<meta name=\"twitter:card\" content=\"summary_large_image\" \/>\n<meta name=\"twitter:label1\" content=\"Tiempo de lectura\" \/>\n\t<meta name=\"twitter:data1\" content=\"1 minuto\" \/>\n<script type=\"application\/ld+json\" class=\"yoast-schema-graph\">{\"@context\":\"https:\/\/schema.org\",\"@graph\":[{\"@type\":\"WebPage\",\"@id\":\"https:\/\/www.sime-tek.com\/es\/productos-usados-reacondicionados-y-garantizados\/\",\"url\":\"https:\/\/www.sime-tek.com\/es\/productos-usados-reacondicionados-y-garantizados\/\",\"name\":\"Productos usados reacondicionados y garantizados - Sime-tek\",\"isPartOf\":{\"@id\":\"https:\/\/www.sime-tek.com\/es\/#website\"},\"datePublished\":\"2020-10-22T15:08:18+00:00\",\"dateModified\":\"2022-07-08T09:44:47+00:00\",\"breadcrumb\":{\"@id\":\"https:\/\/www.sime-tek.com\/es\/productos-usados-reacondicionados-y-garantizados\/#breadcrumb\"},\"inLanguage\":\"es\",\"potentialAction\":[{\"@type\":\"ReadAction\",\"target\":[\"https:\/\/www.sime-tek.com\/es\/productos-usados-reacondicionados-y-garantizados\/\"]}]},{\"@type\":\"BreadcrumbList\",\"@id\":\"https:\/\/www.sime-tek.com\/es\/productos-usados-reacondicionados-y-garantizados\/#breadcrumb\",\"itemListElement\":[{\"@type\":\"ListItem\",\"position\":1,\"name\":\"Home\",\"item\":\"https:\/\/www.sime-tek.com\/es\/home\/\"},{\"@type\":\"ListItem\",\"position\":2,\"name\":\"Productos usados reacondicionados y garantizados\"}]},{\"@type\":\"WebSite\",\"@id\":\"https:\/\/www.sime-tek.com\/es\/#website\",\"url\":\"https:\/\/www.sime-tek.com\/es\/\",\"name\":\"Sime-tek\",\"description\":\"\",\"potentialAction\":[{\"@type\":\"SearchAction\",\"target\":{\"@type\":\"EntryPoint\",\"urlTemplate\":\"https:\/\/www.sime-tek.com\/es\/?s={search_term_string}\"},\"query-input\":\"required name=search_term_string\"}],\"inLanguage\":\"es\"}]}<\/script>\n<!-- \/ Yoast SEO plugin. -->","yoast_head_json":{"title":"Productos usados reacondicionados y garantizados - Sime-tek","robots":{"index":"index","follow":"follow","max-snippet":"max-snippet:-1","max-image-preview":"max-image-preview:large","max-video-preview":"max-video-preview:-1"},"canonical":"https:\/\/www.sime-tek.com\/es\/productos-usados-reacondicionados-y-garantizados\/","og_locale":"es_ES","og_type":"article","og_title":"Productos usados reacondicionados y garantizados - Sime-tek","og_description":"Un producto usado y reacondicionado es una opci\u00f3n perfectamente v\u00e1lida para quien desea ampliar el parque de m\u00e1quinas de su planta gastando menos que con m\u00e1quinas nuevas. Cada m\u00e1quina reacondicionada por Sime-Tek es sometida a inspecci\u00f3n y ensayo y est\u00e1 cubierta por la garant\u00eda.  M\u00e1s informaci\u00f3n sobre las condiciones y los productos disponibles.","og_url":"https:\/\/www.sime-tek.com\/es\/productos-usados-reacondicionados-y-garantizados\/","og_site_name":"Sime-tek","article_modified_time":"2022-07-08T09:44:47+00:00","twitter_card":"summary_large_image","twitter_misc":{"Tiempo de lectura":"1 minuto"},"schema":{"@context":"https:\/\/schema.org","@graph":[{"@type":"WebPage","@id":"https:\/\/www.sime-tek.com\/es\/productos-usados-reacondicionados-y-garantizados\/","url":"https:\/\/www.sime-tek.com\/es\/productos-usados-reacondicionados-y-garantizados\/","name":"Productos usados reacondicionados y garantizados - Sime-tek","isPartOf":{"@id":"https:\/\/www.sime-tek.com\/es\/#website"},"datePublished":"2020-10-22T15:08:18+00:00","dateModified":"2022-07-08T09:44:47+00:00","breadcrumb":{"@id":"https:\/\/www.sime-tek.com\/es\/productos-usados-reacondicionados-y-garantizados\/#breadcrumb"},"inLanguage":"es","potentialAction":[{"@type":"ReadAction","target":["https:\/\/www.sime-tek.com\/es\/productos-usados-reacondicionados-y-garantizados\/"]}]},{"@type":"BreadcrumbList","@id":"https:\/\/www.sime-tek.com\/es\/productos-usados-reacondicionados-y-garantizados\/#breadcrumb","itemListElement":[{"@type":"ListItem","position":1,"name":"Home","item":"https:\/\/www.sime-tek.com\/es\/home\/"},{"@type":"ListItem","position":2,"name":"Productos usados reacondicionados y garantizados"}]},{"@type":"WebSite","@id":"https:\/\/www.sime-tek.com\/es\/#website","url":"https:\/\/www.sime-tek.com\/es\/","name":"Sime-tek","description":"","potentialAction":[{"@type":"SearchAction","target":{"@type":"EntryPoint","urlTemplate":"https:\/\/www.sime-tek.com\/es\/?s={search_term_string}"},"query-input":"required name=search_term_string"}],"inLanguage":"es"}]}},"wps_subtitle":"M\u00e1quinas usadas certificadas","_links":{"self":[{"href":"https:\/\/www.sime-tek.com\/es\/wp-json\/wp\/v2\/pages\/2386"}],"collection":[{"href":"https:\/\/www.sime-tek.com\/es\/wp-json\/wp\/v2\/pages"}],"about":[{"href":"https:\/\/www.sime-tek.com\/es\/wp-json\/wp\/v2\/types\/page"}],"author":[{"embeddable":true,"href":"https:\/\/www.sime-tek.com\/es\/wp-json\/wp\/v2\/users\/1"}],"replies":[{"embeddable":true,"href":"https:\/\/www.sime-tek.com\/es\/wp-json\/wp\/v2\/comments?post=2386"}],"version-history":[{"count":4,"href":"https:\/\/www.sime-tek.com\/es\/wp-json\/wp\/v2\/pages\/2386\/revisions"}],"predecessor-version":[{"id":3585,"href":"https:\/\/www.sime-tek.com\/es\/wp-json\/wp\/v2\/pages\/2386\/revisions\/3585"}],"wp:attachment":[{"href":"https:\/\/www.sime-tek.com\/es\/wp-json\/wp\/v2\/media?parent=2386"}],"curies":[{"name":"wp","href":"https:\/\/api.w.org\/{rel}","templated":true}]}}