{"id":2378,"date":"2020-10-19T13:00:05","date_gmt":"2020-10-19T11:00:05","guid":{"rendered":"https:\/\/www.sime-tek.com\/tecnologia\/"},"modified":"2021-04-30T16:36:14","modified_gmt":"2021-04-30T14:36:14","slug":"tecnologia","status":"publish","type":"page","link":"https:\/\/www.sime-tek.com\/es\/tecnologia\/","title":{"rendered":"Tecnolog\u00eda"},"content":{"rendered":"<p>El sistema operativo de Sime-Tek nace directamente de la experiencia acumulada en el sector textil,<br \/>\nhasta 1995, antes de que la empresa se adentrase en el mundo de los huevos.<\/p>\n<p>El sistema operativo de Sime-Tek nace directamente de la experiencia acumulada en el sector textil,<br \/>\nhasta 1995, antes de que la empresa se adentrase en el mundo de los huevos.<\/p>\n<p>Es esta la filosof\u00eda de trabajo que ha demostrado que las m\u00e1quinas Sime-Tek son\u00a0<strong>\u00fanicas en el mercado<\/strong><br \/>\n<strong>en t\u00e9rminos de eficiencia de producci\u00f3n y facilidad de uso.<\/strong><\/p>\n<p>Gracias a\u00a0<strong>componentes simplificados<\/strong> y a un\u00a0<strong>proceso de trabajo<\/strong>\u00a0sumamente\u00a0<strong>intuitivo<\/strong>, las m\u00e1quinas Sime-Tek<br \/>\ntambi\u00e9n resultan id\u00f3neas para quien da sus primeros pasos en el mundo de la avicultura.<\/p>\n","protected":false},"excerpt":{"rendered":"<p>El sistema operativo de Sime-Tek nace directamente de la experiencia acumulada en el sector textil, hasta 1995, antes de que la empresa se adentrase en el mundo de los huevos. El sistema operativo de Sime-Tek nace directamente de la experiencia acumulada en el sector textil, hasta 1995, antes de que la empresa se adentrase en [&hellip;]<\/p>\n","protected":false},"author":1,"featured_media":2379,"parent":0,"menu_order":0,"comment_status":"closed","ping_status":"closed","template":"page_TECNOLOGIA.php","meta":[],"acf":[],"yoast_head":"<!-- This site is optimized with the Yoast SEO plugin v20.7 - https:\/\/yoast.com\/wordpress\/plugins\/seo\/ -->\n<title>Sistemas autom\u00e1ticos de miraje y accesorios para la producci\u00f3n de huevos, sistemas de inspecci\u00f3n de huevos | Sime-Tek<\/title>\n<meta name=\"description\" content=\"Nuestros sistemas de producci\u00f3n garantizan una producci\u00f3n continua e ininterrumpida, para\u00a0maximizar las inversiones y reducir los costes\u00a0de producci\u00f3n.\" \/>\n<meta name=\"robots\" content=\"index, follow, max-snippet:-1, max-image-preview:large, max-video-preview:-1\" \/>\n<link rel=\"canonical\" href=\"https:\/\/www.sime-tek.com\/es\/tecnologia\/\" \/>\n<meta property=\"og:locale\" content=\"es_ES\" \/>\n<meta property=\"og:type\" content=\"article\" \/>\n<meta property=\"og:title\" content=\"Sistemas autom\u00e1ticos de miraje y accesorios para la producci\u00f3n de huevos, sistemas de inspecci\u00f3n de huevos | Sime-Tek\" \/>\n<meta property=\"og:description\" content=\"Nuestros sistemas de producci\u00f3n garantizan una producci\u00f3n continua e ininterrumpida, para\u00a0maximizar las inversiones y reducir los costes\u00a0de producci\u00f3n.\" \/>\n<meta property=\"og:url\" content=\"https:\/\/www.sime-tek.com\/es\/tecnologia\/\" \/>\n<meta property=\"og:site_name\" content=\"Sime-tek\" \/>\n<meta property=\"article:modified_time\" content=\"2021-04-30T14:36:14+00:00\" \/>\n<meta property=\"og:image\" content=\"https:\/\/www.sime-tek.com\/wp-content\/uploads\/2020\/10\/tecnologia.jpg\" \/>\n\t<meta property=\"og:image:width\" content=\"1920\" \/>\n\t<meta property=\"og:image:height\" content=\"1327\" \/>\n\t<meta property=\"og:image:type\" content=\"image\/jpeg\" \/>\n<meta name=\"twitter:card\" content=\"summary_large_image\" \/>\n<meta name=\"twitter:label1\" content=\"Tiempo de lectura\" \/>\n\t<meta name=\"twitter:data1\" content=\"1 minuto\" \/>\n<script type=\"application\/ld+json\" class=\"yoast-schema-graph\">{\"@context\":\"https:\/\/schema.org\",\"@graph\":[{\"@type\":\"WebPage\",\"@id\":\"https:\/\/www.sime-tek.com\/es\/tecnologia\/\",\"url\":\"https:\/\/www.sime-tek.com\/es\/tecnologia\/\",\"name\":\"Sistemas autom\u00e1ticos de miraje y accesorios para la producci\u00f3n de huevos, sistemas de inspecci\u00f3n de huevos | Sime-Tek\",\"isPartOf\":{\"@id\":\"https:\/\/www.sime-tek.com\/es\/#website\"},\"datePublished\":\"2020-10-19T11:00:05+00:00\",\"dateModified\":\"2021-04-30T14:36:14+00:00\",\"description\":\"Nuestros sistemas de producci\u00f3n garantizan una producci\u00f3n continua e ininterrumpida, para\u00a0maximizar las inversiones y reducir los costes\u00a0de producci\u00f3n.\",\"breadcrumb\":{\"@id\":\"https:\/\/www.sime-tek.com\/es\/tecnologia\/#breadcrumb\"},\"inLanguage\":\"es\",\"potentialAction\":[{\"@type\":\"ReadAction\",\"target\":[\"https:\/\/www.sime-tek.com\/es\/tecnologia\/\"]}]},{\"@type\":\"BreadcrumbList\",\"@id\":\"https:\/\/www.sime-tek.com\/es\/tecnologia\/#breadcrumb\",\"itemListElement\":[{\"@type\":\"ListItem\",\"position\":1,\"name\":\"Home\",\"item\":\"https:\/\/www.sime-tek.com\/es\/home\/\"},{\"@type\":\"ListItem\",\"position\":2,\"name\":\"Tecnolog\u00eda\"}]},{\"@type\":\"WebSite\",\"@id\":\"https:\/\/www.sime-tek.com\/es\/#website\",\"url\":\"https:\/\/www.sime-tek.com\/es\/\",\"name\":\"Sime-tek\",\"description\":\"\",\"potentialAction\":[{\"@type\":\"SearchAction\",\"target\":{\"@type\":\"EntryPoint\",\"urlTemplate\":\"https:\/\/www.sime-tek.com\/es\/?s={search_term_string}\"},\"query-input\":\"required name=search_term_string\"}],\"inLanguage\":\"es\"}]}<\/script>\n<!-- \/ Yoast SEO plugin. -->","yoast_head_json":{"title":"Sistemas autom\u00e1ticos de miraje y accesorios para la producci\u00f3n de huevos, sistemas de inspecci\u00f3n de huevos | Sime-Tek","description":"Nuestros sistemas de producci\u00f3n garantizan una producci\u00f3n continua e ininterrumpida, para\u00a0maximizar las inversiones y reducir los costes\u00a0de producci\u00f3n.","robots":{"index":"index","follow":"follow","max-snippet":"max-snippet:-1","max-image-preview":"max-image-preview:large","max-video-preview":"max-video-preview:-1"},"canonical":"https:\/\/www.sime-tek.com\/es\/tecnologia\/","og_locale":"es_ES","og_type":"article","og_title":"Sistemas autom\u00e1ticos de miraje y accesorios para la producci\u00f3n de huevos, sistemas de inspecci\u00f3n de huevos | Sime-Tek","og_description":"Nuestros sistemas de producci\u00f3n garantizan una producci\u00f3n continua e ininterrumpida, para\u00a0maximizar las inversiones y reducir los costes\u00a0de producci\u00f3n.","og_url":"https:\/\/www.sime-tek.com\/es\/tecnologia\/","og_site_name":"Sime-tek","article_modified_time":"2021-04-30T14:36:14+00:00","og_image":[{"width":1920,"height":1327,"url":"https:\/\/www.sime-tek.com\/wp-content\/uploads\/2020\/10\/tecnologia.jpg","type":"image\/jpeg"}],"twitter_card":"summary_large_image","twitter_misc":{"Tiempo de lectura":"1 minuto"},"schema":{"@context":"https:\/\/schema.org","@graph":[{"@type":"WebPage","@id":"https:\/\/www.sime-tek.com\/es\/tecnologia\/","url":"https:\/\/www.sime-tek.com\/es\/tecnologia\/","name":"Sistemas autom\u00e1ticos de miraje y accesorios para la producci\u00f3n de huevos, sistemas de inspecci\u00f3n de huevos | Sime-Tek","isPartOf":{"@id":"https:\/\/www.sime-tek.com\/es\/#website"},"datePublished":"2020-10-19T11:00:05+00:00","dateModified":"2021-04-30T14:36:14+00:00","description":"Nuestros sistemas de producci\u00f3n garantizan una producci\u00f3n continua e ininterrumpida, para\u00a0maximizar las inversiones y reducir los costes\u00a0de producci\u00f3n.","breadcrumb":{"@id":"https:\/\/www.sime-tek.com\/es\/tecnologia\/#breadcrumb"},"inLanguage":"es","potentialAction":[{"@type":"ReadAction","target":["https:\/\/www.sime-tek.com\/es\/tecnologia\/"]}]},{"@type":"BreadcrumbList","@id":"https:\/\/www.sime-tek.com\/es\/tecnologia\/#breadcrumb","itemListElement":[{"@type":"ListItem","position":1,"name":"Home","item":"https:\/\/www.sime-tek.com\/es\/home\/"},{"@type":"ListItem","position":2,"name":"Tecnolog\u00eda"}]},{"@type":"WebSite","@id":"https:\/\/www.sime-tek.com\/es\/#website","url":"https:\/\/www.sime-tek.com\/es\/","name":"Sime-tek","description":"","potentialAction":[{"@type":"SearchAction","target":{"@type":"EntryPoint","urlTemplate":"https:\/\/www.sime-tek.com\/es\/?s={search_term_string}"},"query-input":"required name=search_term_string"}],"inLanguage":"es"}]}},"wps_subtitle":"La tecnolog\u00eda Sime-Tek","_links":{"self":[{"href":"https:\/\/www.sime-tek.com\/es\/wp-json\/wp\/v2\/pages\/2378"}],"collection":[{"href":"https:\/\/www.sime-tek.com\/es\/wp-json\/wp\/v2\/pages"}],"about":[{"href":"https:\/\/www.sime-tek.com\/es\/wp-json\/wp\/v2\/types\/page"}],"author":[{"embeddable":true,"href":"https:\/\/www.sime-tek.com\/es\/wp-json\/wp\/v2\/users\/1"}],"replies":[{"embeddable":true,"href":"https:\/\/www.sime-tek.com\/es\/wp-json\/wp\/v2\/comments?post=2378"}],"version-history":[{"count":2,"href":"https:\/\/www.sime-tek.com\/es\/wp-json\/wp\/v2\/pages\/2378\/revisions"}],"predecessor-version":[{"id":2540,"href":"https:\/\/www.sime-tek.com\/es\/wp-json\/wp\/v2\/pages\/2378\/revisions\/2540"}],"wp:featuredmedia":[{"embeddable":true,"href":"https:\/\/www.sime-tek.com\/es\/wp-json\/wp\/v2\/media\/2379"}],"wp:attachment":[{"href":"https:\/\/www.sime-tek.com\/es\/wp-json\/wp\/v2\/media?parent=2378"}],"curies":[{"name":"wp","href":"https:\/\/api.w.org\/{rel}","templated":true}]}}