{"id":2350,"date":"2020-10-21T16:48:49","date_gmt":"2020-10-21T14:48:49","guid":{"rendered":"https:\/\/www.sime-tek.com\/prodotti\/imballatrici\/idrapack-re\/"},"modified":"2026-02-25T11:19:46","modified_gmt":"2026-02-25T10:19:46","slug":"idrapack-re","status":"publish","type":"page","link":"https:\/\/www.sime-tek.com\/es\/productos\/empacadoras\/idrapack-re\/","title":{"rendered":"Idrapack-re"},"content":{"rendered":"<p class=\"p1\">Si el pesaje no es obligatorio o no forma parte de tu negocio,<br \/>\nIDRAPACK-RE puede\u00a0<strong>automatizar\u00a0<\/strong>el proceso de recogida y embalaje de los<br \/>\nhuevos en las cajas para el consumidor final, con un consiguiente ahorro de tiempo,<br \/>\n<strong>una mayor calidad\u00a0<\/strong>del producto final y una m\u00e1xima fiabilidad de funcionamiento.<br \/>\nEsto garantiza la\u00a0<strong>optimizaci\u00f3n de los costes de producci\u00f3n<\/strong>, manteniendo baja<br \/>\nla inversi\u00f3n inicial.<\/p>\n","protected":false},"excerpt":{"rendered":"<p>Envasadora Sime-Tek,<br \/>\ncon capacidad de 25.000 huevos\/hora.<\/p>\n","protected":false},"author":1,"featured_media":2351,"parent":2313,"menu_order":4,"comment_status":"closed","ping_status":"closed","template":"page_SCHEDA_PRODOTTO.php","meta":[],"acf":[],"yoast_head":"<!-- This site is optimized with the Yoast SEO plugin v20.7 - https:\/\/yoast.com\/wordpress\/plugins\/seo\/ -->\n<title>Idrapack-re - Envasadora para huevos - 25.000 huevos\/hora | Sime-Tek<\/title>\n<meta name=\"description\" content=\"Esta envasadora permite efectuar un embalaje seguro y fiable de los huevos ya seleccionados, en aquellos casos en los que la clasificaci\u00f3n no es obligatoria o en las explotaciones av\u00edcolas biol\u00f3gicas.\" \/>\n<meta name=\"robots\" content=\"index, follow, max-snippet:-1, max-image-preview:large, max-video-preview:-1\" \/>\n<link rel=\"canonical\" href=\"https:\/\/www.sime-tek.com\/es\/productos\/empacadoras\/idrapack-re\/\" \/>\n<meta property=\"og:locale\" content=\"es_ES\" \/>\n<meta property=\"og:type\" content=\"article\" \/>\n<meta property=\"og:title\" content=\"Idrapack-re - Envasadora para huevos - 25.000 huevos\/hora | Sime-Tek\" \/>\n<meta property=\"og:description\" content=\"Esta envasadora permite efectuar un embalaje seguro y fiable de los huevos ya seleccionados, en aquellos casos en los que la clasificaci\u00f3n no es obligatoria o en las explotaciones av\u00edcolas biol\u00f3gicas.\" \/>\n<meta property=\"og:url\" content=\"https:\/\/www.sime-tek.com\/es\/productos\/empacadoras\/idrapack-re\/\" \/>\n<meta property=\"og:site_name\" content=\"Sime-tek\" \/>\n<meta property=\"article:modified_time\" content=\"2026-02-25T10:19:46+00:00\" \/>\n<meta property=\"og:image\" content=\"https:\/\/www.sime-tek.com\/wp-content\/uploads\/2021\/01\/idrapackre.png\" \/>\n\t<meta property=\"og:image:width\" content=\"1200\" \/>\n\t<meta property=\"og:image:height\" content=\"616\" \/>\n\t<meta property=\"og:image:type\" content=\"image\/png\" \/>\n<meta name=\"twitter:card\" content=\"summary_large_image\" \/>\n<meta name=\"twitter:label1\" content=\"Tiempo de lectura\" \/>\n\t<meta name=\"twitter:data1\" content=\"1 minuto\" \/>\n<script type=\"application\/ld+json\" class=\"yoast-schema-graph\">{\"@context\":\"https:\/\/schema.org\",\"@graph\":[{\"@type\":\"WebPage\",\"@id\":\"https:\/\/www.sime-tek.com\/es\/productos\/empacadoras\/idrapack-re\/\",\"url\":\"https:\/\/www.sime-tek.com\/es\/productos\/empacadoras\/idrapack-re\/\",\"name\":\"Idrapack-re - Envasadora para huevos - 25.000 huevos\/hora | Sime-Tek\",\"isPartOf\":{\"@id\":\"https:\/\/www.sime-tek.com\/es\/#website\"},\"datePublished\":\"2020-10-21T14:48:49+00:00\",\"dateModified\":\"2026-02-25T10:19:46+00:00\",\"description\":\"Esta envasadora permite efectuar un embalaje seguro y fiable de los huevos ya seleccionados, en aquellos casos en los que la clasificaci\u00f3n no es obligatoria o en las explotaciones av\u00edcolas biol\u00f3gicas.\",\"breadcrumb\":{\"@id\":\"https:\/\/www.sime-tek.com\/es\/productos\/empacadoras\/idrapack-re\/#breadcrumb\"},\"inLanguage\":\"es\",\"potentialAction\":[{\"@type\":\"ReadAction\",\"target\":[\"https:\/\/www.sime-tek.com\/es\/productos\/empacadoras\/idrapack-re\/\"]}]},{\"@type\":\"BreadcrumbList\",\"@id\":\"https:\/\/www.sime-tek.com\/es\/productos\/empacadoras\/idrapack-re\/#breadcrumb\",\"itemListElement\":[{\"@type\":\"ListItem\",\"position\":1,\"name\":\"Home\",\"item\":\"https:\/\/www.sime-tek.com\/es\/home\/\"},{\"@type\":\"ListItem\",\"position\":2,\"name\":\"Productos\",\"item\":\"https:\/\/www.sime-tek.com\/es\/productos\/\"},{\"@type\":\"ListItem\",\"position\":3,\"name\":\"Empacadoras\",\"item\":\"https:\/\/www.sime-tek.com\/es\/productos\/empacadoras\/\"},{\"@type\":\"ListItem\",\"position\":4,\"name\":\"Idrapack-re\"}]},{\"@type\":\"WebSite\",\"@id\":\"https:\/\/www.sime-tek.com\/es\/#website\",\"url\":\"https:\/\/www.sime-tek.com\/es\/\",\"name\":\"Sime-tek\",\"description\":\"\",\"potentialAction\":[{\"@type\":\"SearchAction\",\"target\":{\"@type\":\"EntryPoint\",\"urlTemplate\":\"https:\/\/www.sime-tek.com\/es\/?s={search_term_string}\"},\"query-input\":\"required name=search_term_string\"}],\"inLanguage\":\"es\"}]}<\/script>\n<!-- \/ Yoast SEO plugin. -->","yoast_head_json":{"title":"Idrapack-re - Envasadora para huevos - 25.000 huevos\/hora | Sime-Tek","description":"Esta envasadora permite efectuar un embalaje seguro y fiable de los huevos ya seleccionados, en aquellos casos en los que la clasificaci\u00f3n no es obligatoria o en las explotaciones av\u00edcolas biol\u00f3gicas.","robots":{"index":"index","follow":"follow","max-snippet":"max-snippet:-1","max-image-preview":"max-image-preview:large","max-video-preview":"max-video-preview:-1"},"canonical":"https:\/\/www.sime-tek.com\/es\/productos\/empacadoras\/idrapack-re\/","og_locale":"es_ES","og_type":"article","og_title":"Idrapack-re - Envasadora para huevos - 25.000 huevos\/hora | Sime-Tek","og_description":"Esta envasadora permite efectuar un embalaje seguro y fiable de los huevos ya seleccionados, en aquellos casos en los que la clasificaci\u00f3n no es obligatoria o en las explotaciones av\u00edcolas biol\u00f3gicas.","og_url":"https:\/\/www.sime-tek.com\/es\/productos\/empacadoras\/idrapack-re\/","og_site_name":"Sime-tek","article_modified_time":"2026-02-25T10:19:46+00:00","og_image":[{"width":1200,"height":616,"url":"https:\/\/www.sime-tek.com\/wp-content\/uploads\/2021\/01\/idrapackre.png","type":"image\/png"}],"twitter_card":"summary_large_image","twitter_misc":{"Tiempo de lectura":"1 minuto"},"schema":{"@context":"https:\/\/schema.org","@graph":[{"@type":"WebPage","@id":"https:\/\/www.sime-tek.com\/es\/productos\/empacadoras\/idrapack-re\/","url":"https:\/\/www.sime-tek.com\/es\/productos\/empacadoras\/idrapack-re\/","name":"Idrapack-re - Envasadora para huevos - 25.000 huevos\/hora | Sime-Tek","isPartOf":{"@id":"https:\/\/www.sime-tek.com\/es\/#website"},"datePublished":"2020-10-21T14:48:49+00:00","dateModified":"2026-02-25T10:19:46+00:00","description":"Esta envasadora permite efectuar un embalaje seguro y fiable de los huevos ya seleccionados, en aquellos casos en los que la clasificaci\u00f3n no es obligatoria o en las explotaciones av\u00edcolas biol\u00f3gicas.","breadcrumb":{"@id":"https:\/\/www.sime-tek.com\/es\/productos\/empacadoras\/idrapack-re\/#breadcrumb"},"inLanguage":"es","potentialAction":[{"@type":"ReadAction","target":["https:\/\/www.sime-tek.com\/es\/productos\/empacadoras\/idrapack-re\/"]}]},{"@type":"BreadcrumbList","@id":"https:\/\/www.sime-tek.com\/es\/productos\/empacadoras\/idrapack-re\/#breadcrumb","itemListElement":[{"@type":"ListItem","position":1,"name":"Home","item":"https:\/\/www.sime-tek.com\/es\/home\/"},{"@type":"ListItem","position":2,"name":"Productos","item":"https:\/\/www.sime-tek.com\/es\/productos\/"},{"@type":"ListItem","position":3,"name":"Empacadoras","item":"https:\/\/www.sime-tek.com\/es\/productos\/empacadoras\/"},{"@type":"ListItem","position":4,"name":"Idrapack-re"}]},{"@type":"WebSite","@id":"https:\/\/www.sime-tek.com\/es\/#website","url":"https:\/\/www.sime-tek.com\/es\/","name":"Sime-tek","description":"","potentialAction":[{"@type":"SearchAction","target":{"@type":"EntryPoint","urlTemplate":"https:\/\/www.sime-tek.com\/es\/?s={search_term_string}"},"query-input":"required name=search_term_string"}],"inLanguage":"es"}]}},"wps_subtitle":"HASTA 25.000 HUEVOS\/H","_links":{"self":[{"href":"https:\/\/www.sime-tek.com\/es\/wp-json\/wp\/v2\/pages\/2350"}],"collection":[{"href":"https:\/\/www.sime-tek.com\/es\/wp-json\/wp\/v2\/pages"}],"about":[{"href":"https:\/\/www.sime-tek.com\/es\/wp-json\/wp\/v2\/types\/page"}],"author":[{"embeddable":true,"href":"https:\/\/www.sime-tek.com\/es\/wp-json\/wp\/v2\/users\/1"}],"replies":[{"embeddable":true,"href":"https:\/\/www.sime-tek.com\/es\/wp-json\/wp\/v2\/comments?post=2350"}],"version-history":[{"count":4,"href":"https:\/\/www.sime-tek.com\/es\/wp-json\/wp\/v2\/pages\/2350\/revisions"}],"predecessor-version":[{"id":4246,"href":"https:\/\/www.sime-tek.com\/es\/wp-json\/wp\/v2\/pages\/2350\/revisions\/4246"}],"up":[{"embeddable":true,"href":"https:\/\/www.sime-tek.com\/es\/wp-json\/wp\/v2\/pages\/2313"}],"wp:featuredmedia":[{"embeddable":true,"href":"https:\/\/www.sime-tek.com\/es\/wp-json\/wp\/v2\/media\/2351"}],"wp:attachment":[{"href":"https:\/\/www.sime-tek.com\/es\/wp-json\/wp\/v2\/media?parent=2350"}],"curies":[{"name":"wp","href":"https:\/\/api.w.org\/{rel}","templated":true}]}}