{"id":2294,"date":"2020-10-20T10:17:24","date_gmt":"2020-10-20T08:17:24","guid":{"rendered":"https:\/\/www.sime-tek.com\/prodotti\/caricatori-uova\/"},"modified":"2021-06-01T11:31:41","modified_gmt":"2021-06-01T09:31:41","slug":"cargadores-de-huevos","status":"publish","type":"page","link":"https:\/\/www.sime-tek.com\/es\/productos\/cargadores-de-huevos\/","title":{"rendered":"Cargadores"},"content":{"rendered":"<p class=\"p1\">Los cargadores Sime-tek ofrecen la mejor relaci\u00f3n calidad-precio del<br \/>\nmercado y la m\u00e1xima versatilidad de uso.<\/p>\n<p class=\"p1\">Se caracterizan por la m\u00e1s amplia selecci\u00f3n de configuraciones para adaptarse<br \/>\na los requisitos de espacio y por una m\u00e1xima adaptabilidad a los diversos tipos de<br \/>\nbandejas (pulpa de madera y pl\u00e1stico), y est\u00e1n disponibles en varias versiones<br \/>\n(semiautom\u00e1tico, autom\u00e1tico, para bandeja simple, para pila de 6).<\/p>\n<p class=\"p1\">Permiten a explotaciones agr\u00edcolas peque\u00f1as, medianas y grandes<br \/>\nautomatizar la carga de los huevos de manera segura, fiable<br \/>\ny econ\u00f3mica.<\/p>\n","protected":false},"excerpt":{"rendered":"<p>Los cargadores Sime-tek ofrecen la mejor<br \/>\nrelaci\u00f3n calidad-precio del mercado<br \/>\ny la m\u00e1xima versatilidad de uso.<\/p>\n","protected":false},"author":1,"featured_media":2214,"parent":2203,"menu_order":1,"comment_status":"closed","ping_status":"closed","template":"page_CATEGORIA_PRODOTTO.php","meta":[],"acf":[],"yoast_head":"<!-- This site is optimized with the Yoast SEO plugin v20.7 - https:\/\/yoast.com\/wordpress\/plugins\/seo\/ -->\n<title>Cargadores de huevos - M\u00e1quinas de carga de huevos | Sime-Tek<\/title>\n<meta name=\"description\" content=\"Los cargadores de huevos con la mejor relaci\u00f3n calidad\/precio. Adaptable a cualquier tipo de bandeja, de pulpa de madera y pl\u00e1stico, y disponible en varias versiones, semiautom\u00e1tico o autom\u00e1tico.\" \/>\n<meta name=\"robots\" content=\"index, follow, max-snippet:-1, max-image-preview:large, max-video-preview:-1\" \/>\n<link rel=\"canonical\" href=\"https:\/\/www.sime-tek.com\/es\/productos\/cargadores-de-huevos\/\" \/>\n<meta property=\"og:locale\" content=\"es_ES\" \/>\n<meta property=\"og:type\" content=\"article\" \/>\n<meta property=\"og:title\" content=\"Cargadores de huevos - M\u00e1quinas de carga de huevos | Sime-Tek\" \/>\n<meta property=\"og:description\" content=\"Los cargadores de huevos con la mejor relaci\u00f3n calidad\/precio. Adaptable a cualquier tipo de bandeja, de pulpa de madera y pl\u00e1stico, y disponible en varias versiones, semiautom\u00e1tico o autom\u00e1tico.\" \/>\n<meta property=\"og:url\" content=\"https:\/\/www.sime-tek.com\/es\/productos\/cargadores-de-huevos\/\" \/>\n<meta property=\"og:site_name\" content=\"Sime-tek\" \/>\n<meta property=\"article:modified_time\" content=\"2021-06-01T09:31:41+00:00\" \/>\n<meta property=\"og:image\" content=\"https:\/\/www.sime-tek.com\/wp-content\/uploads\/2020\/10\/caricatori-uova-1.jpg\" \/>\n\t<meta property=\"og:image:width\" content=\"1244\" \/>\n\t<meta property=\"og:image:height\" content=\"440\" \/>\n\t<meta property=\"og:image:type\" content=\"image\/jpeg\" \/>\n<meta name=\"twitter:card\" content=\"summary_large_image\" \/>\n<meta name=\"twitter:label1\" content=\"Tiempo de lectura\" \/>\n\t<meta name=\"twitter:data1\" content=\"1 minuto\" \/>\n<script type=\"application\/ld+json\" class=\"yoast-schema-graph\">{\"@context\":\"https:\/\/schema.org\",\"@graph\":[{\"@type\":\"WebPage\",\"@id\":\"https:\/\/www.sime-tek.com\/es\/productos\/cargadores-de-huevos\/\",\"url\":\"https:\/\/www.sime-tek.com\/es\/productos\/cargadores-de-huevos\/\",\"name\":\"Cargadores de huevos - M\u00e1quinas de carga de huevos | Sime-Tek\",\"isPartOf\":{\"@id\":\"https:\/\/www.sime-tek.com\/es\/#website\"},\"datePublished\":\"2020-10-20T08:17:24+00:00\",\"dateModified\":\"2021-06-01T09:31:41+00:00\",\"description\":\"Los cargadores de huevos con la mejor relaci\u00f3n calidad\/precio. Adaptable a cualquier tipo de bandeja, de pulpa de madera y pl\u00e1stico, y disponible en varias versiones, semiautom\u00e1tico o autom\u00e1tico.\",\"breadcrumb\":{\"@id\":\"https:\/\/www.sime-tek.com\/es\/productos\/cargadores-de-huevos\/#breadcrumb\"},\"inLanguage\":\"es\",\"potentialAction\":[{\"@type\":\"ReadAction\",\"target\":[\"https:\/\/www.sime-tek.com\/es\/productos\/cargadores-de-huevos\/\"]}]},{\"@type\":\"BreadcrumbList\",\"@id\":\"https:\/\/www.sime-tek.com\/es\/productos\/cargadores-de-huevos\/#breadcrumb\",\"itemListElement\":[{\"@type\":\"ListItem\",\"position\":1,\"name\":\"Home\",\"item\":\"https:\/\/www.sime-tek.com\/es\/home\/\"},{\"@type\":\"ListItem\",\"position\":2,\"name\":\"Productos\",\"item\":\"https:\/\/www.sime-tek.com\/es\/productos\/\"},{\"@type\":\"ListItem\",\"position\":3,\"name\":\"Cargadores\"}]},{\"@type\":\"WebSite\",\"@id\":\"https:\/\/www.sime-tek.com\/es\/#website\",\"url\":\"https:\/\/www.sime-tek.com\/es\/\",\"name\":\"Sime-tek\",\"description\":\"\",\"potentialAction\":[{\"@type\":\"SearchAction\",\"target\":{\"@type\":\"EntryPoint\",\"urlTemplate\":\"https:\/\/www.sime-tek.com\/es\/?s={search_term_string}\"},\"query-input\":\"required name=search_term_string\"}],\"inLanguage\":\"es\"}]}<\/script>\n<!-- \/ Yoast SEO plugin. -->","yoast_head_json":{"title":"Cargadores de huevos - M\u00e1quinas de carga de huevos | Sime-Tek","description":"Los cargadores de huevos con la mejor relaci\u00f3n calidad\/precio. Adaptable a cualquier tipo de bandeja, de pulpa de madera y pl\u00e1stico, y disponible en varias versiones, semiautom\u00e1tico o autom\u00e1tico.","robots":{"index":"index","follow":"follow","max-snippet":"max-snippet:-1","max-image-preview":"max-image-preview:large","max-video-preview":"max-video-preview:-1"},"canonical":"https:\/\/www.sime-tek.com\/es\/productos\/cargadores-de-huevos\/","og_locale":"es_ES","og_type":"article","og_title":"Cargadores de huevos - M\u00e1quinas de carga de huevos | Sime-Tek","og_description":"Los cargadores de huevos con la mejor relaci\u00f3n calidad\/precio. Adaptable a cualquier tipo de bandeja, de pulpa de madera y pl\u00e1stico, y disponible en varias versiones, semiautom\u00e1tico o autom\u00e1tico.","og_url":"https:\/\/www.sime-tek.com\/es\/productos\/cargadores-de-huevos\/","og_site_name":"Sime-tek","article_modified_time":"2021-06-01T09:31:41+00:00","og_image":[{"width":1244,"height":440,"url":"https:\/\/www.sime-tek.com\/wp-content\/uploads\/2020\/10\/caricatori-uova-1.jpg","type":"image\/jpeg"}],"twitter_card":"summary_large_image","twitter_misc":{"Tiempo de lectura":"1 minuto"},"schema":{"@context":"https:\/\/schema.org","@graph":[{"@type":"WebPage","@id":"https:\/\/www.sime-tek.com\/es\/productos\/cargadores-de-huevos\/","url":"https:\/\/www.sime-tek.com\/es\/productos\/cargadores-de-huevos\/","name":"Cargadores de huevos - M\u00e1quinas de carga de huevos | Sime-Tek","isPartOf":{"@id":"https:\/\/www.sime-tek.com\/es\/#website"},"datePublished":"2020-10-20T08:17:24+00:00","dateModified":"2021-06-01T09:31:41+00:00","description":"Los cargadores de huevos con la mejor relaci\u00f3n calidad\/precio. Adaptable a cualquier tipo de bandeja, de pulpa de madera y pl\u00e1stico, y disponible en varias versiones, semiautom\u00e1tico o autom\u00e1tico.","breadcrumb":{"@id":"https:\/\/www.sime-tek.com\/es\/productos\/cargadores-de-huevos\/#breadcrumb"},"inLanguage":"es","potentialAction":[{"@type":"ReadAction","target":["https:\/\/www.sime-tek.com\/es\/productos\/cargadores-de-huevos\/"]}]},{"@type":"BreadcrumbList","@id":"https:\/\/www.sime-tek.com\/es\/productos\/cargadores-de-huevos\/#breadcrumb","itemListElement":[{"@type":"ListItem","position":1,"name":"Home","item":"https:\/\/www.sime-tek.com\/es\/home\/"},{"@type":"ListItem","position":2,"name":"Productos","item":"https:\/\/www.sime-tek.com\/es\/productos\/"},{"@type":"ListItem","position":3,"name":"Cargadores"}]},{"@type":"WebSite","@id":"https:\/\/www.sime-tek.com\/es\/#website","url":"https:\/\/www.sime-tek.com\/es\/","name":"Sime-tek","description":"","potentialAction":[{"@type":"SearchAction","target":{"@type":"EntryPoint","urlTemplate":"https:\/\/www.sime-tek.com\/es\/?s={search_term_string}"},"query-input":"required name=search_term_string"}],"inLanguage":"es"}]}},"wps_subtitle":"","_links":{"self":[{"href":"https:\/\/www.sime-tek.com\/es\/wp-json\/wp\/v2\/pages\/2294"}],"collection":[{"href":"https:\/\/www.sime-tek.com\/es\/wp-json\/wp\/v2\/pages"}],"about":[{"href":"https:\/\/www.sime-tek.com\/es\/wp-json\/wp\/v2\/types\/page"}],"author":[{"embeddable":true,"href":"https:\/\/www.sime-tek.com\/es\/wp-json\/wp\/v2\/users\/1"}],"replies":[{"embeddable":true,"href":"https:\/\/www.sime-tek.com\/es\/wp-json\/wp\/v2\/comments?post=2294"}],"version-history":[{"count":3,"href":"https:\/\/www.sime-tek.com\/es\/wp-json\/wp\/v2\/pages\/2294\/revisions"}],"predecessor-version":[{"id":3316,"href":"https:\/\/www.sime-tek.com\/es\/wp-json\/wp\/v2\/pages\/2294\/revisions\/3316"}],"up":[{"embeddable":true,"href":"https:\/\/www.sime-tek.com\/es\/wp-json\/wp\/v2\/pages\/2203"}],"wp:featuredmedia":[{"embeddable":true,"href":"https:\/\/www.sime-tek.com\/es\/wp-json\/wp\/v2\/media\/2214"}],"wp:attachment":[{"href":"https:\/\/www.sime-tek.com\/es\/wp-json\/wp\/v2\/media?parent=2294"}],"curies":[{"name":"wp","href":"https:\/\/api.w.org\/{rel}","templated":true}]}}