{"id":2273,"date":"2020-11-12T17:18:07","date_gmt":"2020-11-12T16:18:07","guid":{"rendered":"https:\/\/www.sime-tek.com\/prodotti\/selezionatrici-per-uova\/orion\/"},"modified":"2026-02-25T10:34:50","modified_gmt":"2026-02-25T09:34:50","slug":"orion","status":"publish","type":"page","link":"https:\/\/www.sime-tek.com\/es\/productos\/clasificadoras\/orion\/","title":{"rendered":"Orion"},"content":{"rendered":"<p class=\"p1\">La clasificadora de huevos m\u00e1s\u00a0<strong>vers\u00e1til\u00a0<\/strong>de su categor\u00eda;\u00a0gracias a su\u00a0<strong>formato modular<\/strong><br \/>\ny a su amplia gama de opcionales y accesorios, el modelo Orion tiene la capacidad perfecta<br \/>\n(25-30.000 huevos por hora) para abastecer a una amplia gama de clientes y est\u00e1 lista para crecer con<br \/>\nellos al aumentar su producci\u00f3n o mercado.\u00a0Al igual que los dem\u00e1s modelos, se puede<br \/>\n<strong>personalizar\u00a0<\/strong>para satisfacer cualquier requisito de espacio o producci\u00f3n:<br \/>\nel espacio entre las l\u00edneas de envasado se puede ampliar para facilitar la limpieza<br \/>\no para la configuraci\u00f3n del local; puede funcionar\u00a0<strong>simult\u00e1neamente<\/strong><br \/>\ncon un\u00a0<strong>cargador autom\u00e1tico<\/strong>, y con un acumulador procedente de las naves,<br \/>\ny mucho m\u00e1s.<\/p>\n","protected":false},"excerpt":{"rendered":"<p>Clasificadora vers\u00e1til, de f\u00e1cil mantenimiento,<br \/>\nadaptable a cualquier entorno gracias a su<br \/>\nconstrucci\u00f3n modular.<\/p>\n","protected":false},"author":1,"featured_media":2275,"parent":2213,"menu_order":4,"comment_status":"closed","ping_status":"closed","template":"page_SCHEDA_PRODOTTO.php","meta":[],"acf":[],"yoast_head":"<!-- This site is optimized with the Yoast SEO plugin v20.7 - https:\/\/yoast.com\/wordpress\/plugins\/seo\/ -->\n<title>Orion - M\u00e1quina clasificadora - hasta 30.000 huevos\/h | Sime-Tek<\/title>\n<meta name=\"description\" content=\"Esta clasificadora electr\u00f3nica tiene una capacidad de 25.000 - 30.000 huevos\/hora y el proceso completo (carga, clasificaci\u00f3n, distribuci\u00f3n y embalaje) es completamente autom\u00e1tico.\" \/>\n<meta name=\"robots\" content=\"index, follow, max-snippet:-1, max-image-preview:large, max-video-preview:-1\" \/>\n<link rel=\"canonical\" href=\"https:\/\/www.sime-tek.com\/es\/productos\/clasificadoras\/orion\/\" \/>\n<meta property=\"og:locale\" content=\"es_ES\" \/>\n<meta property=\"og:type\" content=\"article\" \/>\n<meta property=\"og:title\" content=\"Orion - M\u00e1quina clasificadora - hasta 30.000 huevos\/h | Sime-Tek\" \/>\n<meta property=\"og:description\" content=\"Esta clasificadora electr\u00f3nica tiene una capacidad de 25.000 - 30.000 huevos\/hora y el proceso completo (carga, clasificaci\u00f3n, distribuci\u00f3n y embalaje) es completamente autom\u00e1tico.\" \/>\n<meta property=\"og:url\" content=\"https:\/\/www.sime-tek.com\/es\/productos\/clasificadoras\/orion\/\" \/>\n<meta property=\"og:site_name\" content=\"Sime-tek\" \/>\n<meta property=\"article:modified_time\" content=\"2026-02-25T09:34:50+00:00\" \/>\n<meta property=\"og:image\" content=\"https:\/\/www.sime-tek.com\/wp-content\/uploads\/2021\/01\/orion.png\" \/>\n\t<meta property=\"og:image:width\" content=\"1200\" \/>\n\t<meta property=\"og:image:height\" content=\"771\" \/>\n\t<meta property=\"og:image:type\" content=\"image\/png\" \/>\n<meta name=\"twitter:card\" content=\"summary_large_image\" \/>\n<meta name=\"twitter:label1\" content=\"Tiempo de lectura\" \/>\n\t<meta name=\"twitter:data1\" content=\"1 minuto\" \/>\n<script type=\"application\/ld+json\" class=\"yoast-schema-graph\">{\"@context\":\"https:\/\/schema.org\",\"@graph\":[{\"@type\":\"WebPage\",\"@id\":\"https:\/\/www.sime-tek.com\/es\/productos\/clasificadoras\/orion\/\",\"url\":\"https:\/\/www.sime-tek.com\/es\/productos\/clasificadoras\/orion\/\",\"name\":\"Orion - M\u00e1quina clasificadora - hasta 30.000 huevos\/h | Sime-Tek\",\"isPartOf\":{\"@id\":\"https:\/\/www.sime-tek.com\/es\/#website\"},\"datePublished\":\"2020-11-12T16:18:07+00:00\",\"dateModified\":\"2026-02-25T09:34:50+00:00\",\"description\":\"Esta clasificadora electr\u00f3nica tiene una capacidad de 25.000 - 30.000 huevos\/hora y el proceso completo (carga, clasificaci\u00f3n, distribuci\u00f3n y embalaje) es completamente autom\u00e1tico.\",\"breadcrumb\":{\"@id\":\"https:\/\/www.sime-tek.com\/es\/productos\/clasificadoras\/orion\/#breadcrumb\"},\"inLanguage\":\"es\",\"potentialAction\":[{\"@type\":\"ReadAction\",\"target\":[\"https:\/\/www.sime-tek.com\/es\/productos\/clasificadoras\/orion\/\"]}]},{\"@type\":\"BreadcrumbList\",\"@id\":\"https:\/\/www.sime-tek.com\/es\/productos\/clasificadoras\/orion\/#breadcrumb\",\"itemListElement\":[{\"@type\":\"ListItem\",\"position\":1,\"name\":\"Home\",\"item\":\"https:\/\/www.sime-tek.com\/es\/home\/\"},{\"@type\":\"ListItem\",\"position\":2,\"name\":\"Productos\",\"item\":\"https:\/\/www.sime-tek.com\/es\/productos\/\"},{\"@type\":\"ListItem\",\"position\":3,\"name\":\"Clasificadoras\",\"item\":\"https:\/\/www.sime-tek.com\/es\/productos\/clasificadoras\/\"},{\"@type\":\"ListItem\",\"position\":4,\"name\":\"Orion\"}]},{\"@type\":\"WebSite\",\"@id\":\"https:\/\/www.sime-tek.com\/es\/#website\",\"url\":\"https:\/\/www.sime-tek.com\/es\/\",\"name\":\"Sime-tek\",\"description\":\"\",\"potentialAction\":[{\"@type\":\"SearchAction\",\"target\":{\"@type\":\"EntryPoint\",\"urlTemplate\":\"https:\/\/www.sime-tek.com\/es\/?s={search_term_string}\"},\"query-input\":\"required name=search_term_string\"}],\"inLanguage\":\"es\"}]}<\/script>\n<!-- \/ Yoast SEO plugin. -->","yoast_head_json":{"title":"Orion - M\u00e1quina clasificadora - hasta 30.000 huevos\/h | Sime-Tek","description":"Esta clasificadora electr\u00f3nica tiene una capacidad de 25.000 - 30.000 huevos\/hora y el proceso completo (carga, clasificaci\u00f3n, distribuci\u00f3n y embalaje) es completamente autom\u00e1tico.","robots":{"index":"index","follow":"follow","max-snippet":"max-snippet:-1","max-image-preview":"max-image-preview:large","max-video-preview":"max-video-preview:-1"},"canonical":"https:\/\/www.sime-tek.com\/es\/productos\/clasificadoras\/orion\/","og_locale":"es_ES","og_type":"article","og_title":"Orion - M\u00e1quina clasificadora - hasta 30.000 huevos\/h | Sime-Tek","og_description":"Esta clasificadora electr\u00f3nica tiene una capacidad de 25.000 - 30.000 huevos\/hora y el proceso completo (carga, clasificaci\u00f3n, distribuci\u00f3n y embalaje) es completamente autom\u00e1tico.","og_url":"https:\/\/www.sime-tek.com\/es\/productos\/clasificadoras\/orion\/","og_site_name":"Sime-tek","article_modified_time":"2026-02-25T09:34:50+00:00","og_image":[{"width":1200,"height":771,"url":"https:\/\/www.sime-tek.com\/wp-content\/uploads\/2021\/01\/orion.png","type":"image\/png"}],"twitter_card":"summary_large_image","twitter_misc":{"Tiempo de lectura":"1 minuto"},"schema":{"@context":"https:\/\/schema.org","@graph":[{"@type":"WebPage","@id":"https:\/\/www.sime-tek.com\/es\/productos\/clasificadoras\/orion\/","url":"https:\/\/www.sime-tek.com\/es\/productos\/clasificadoras\/orion\/","name":"Orion - M\u00e1quina clasificadora - hasta 30.000 huevos\/h | Sime-Tek","isPartOf":{"@id":"https:\/\/www.sime-tek.com\/es\/#website"},"datePublished":"2020-11-12T16:18:07+00:00","dateModified":"2026-02-25T09:34:50+00:00","description":"Esta clasificadora electr\u00f3nica tiene una capacidad de 25.000 - 30.000 huevos\/hora y el proceso completo (carga, clasificaci\u00f3n, distribuci\u00f3n y embalaje) es completamente autom\u00e1tico.","breadcrumb":{"@id":"https:\/\/www.sime-tek.com\/es\/productos\/clasificadoras\/orion\/#breadcrumb"},"inLanguage":"es","potentialAction":[{"@type":"ReadAction","target":["https:\/\/www.sime-tek.com\/es\/productos\/clasificadoras\/orion\/"]}]},{"@type":"BreadcrumbList","@id":"https:\/\/www.sime-tek.com\/es\/productos\/clasificadoras\/orion\/#breadcrumb","itemListElement":[{"@type":"ListItem","position":1,"name":"Home","item":"https:\/\/www.sime-tek.com\/es\/home\/"},{"@type":"ListItem","position":2,"name":"Productos","item":"https:\/\/www.sime-tek.com\/es\/productos\/"},{"@type":"ListItem","position":3,"name":"Clasificadoras","item":"https:\/\/www.sime-tek.com\/es\/productos\/clasificadoras\/"},{"@type":"ListItem","position":4,"name":"Orion"}]},{"@type":"WebSite","@id":"https:\/\/www.sime-tek.com\/es\/#website","url":"https:\/\/www.sime-tek.com\/es\/","name":"Sime-tek","description":"","potentialAction":[{"@type":"SearchAction","target":{"@type":"EntryPoint","urlTemplate":"https:\/\/www.sime-tek.com\/es\/?s={search_term_string}"},"query-input":"required name=search_term_string"}],"inLanguage":"es"}]}},"wps_subtitle":"DE 25 A 36.000 HUEVOS\/H","_links":{"self":[{"href":"https:\/\/www.sime-tek.com\/es\/wp-json\/wp\/v2\/pages\/2273"}],"collection":[{"href":"https:\/\/www.sime-tek.com\/es\/wp-json\/wp\/v2\/pages"}],"about":[{"href":"https:\/\/www.sime-tek.com\/es\/wp-json\/wp\/v2\/types\/page"}],"author":[{"embeddable":true,"href":"https:\/\/www.sime-tek.com\/es\/wp-json\/wp\/v2\/users\/1"}],"replies":[{"embeddable":true,"href":"https:\/\/www.sime-tek.com\/es\/wp-json\/wp\/v2\/comments?post=2273"}],"version-history":[{"count":6,"href":"https:\/\/www.sime-tek.com\/es\/wp-json\/wp\/v2\/pages\/2273\/revisions"}],"predecessor-version":[{"id":4226,"href":"https:\/\/www.sime-tek.com\/es\/wp-json\/wp\/v2\/pages\/2273\/revisions\/4226"}],"up":[{"embeddable":true,"href":"https:\/\/www.sime-tek.com\/es\/wp-json\/wp\/v2\/pages\/2213"}],"wp:featuredmedia":[{"embeddable":true,"href":"https:\/\/www.sime-tek.com\/es\/wp-json\/wp\/v2\/media\/2275"}],"wp:attachment":[{"href":"https:\/\/www.sime-tek.com\/es\/wp-json\/wp\/v2\/media?parent=2273"}],"curies":[{"name":"wp","href":"https:\/\/api.w.org\/{rel}","templated":true}]}}