{"id":2261,"date":"2020-11-12T17:02:33","date_gmt":"2020-11-12T16:02:33","guid":{"rendered":"https:\/\/www.sime-tek.com\/prodotti\/selezionatrici-per-uova\/vega-plus\/"},"modified":"2026-02-25T10:45:40","modified_gmt":"2026-02-25T09:45:40","slug":"vega-plus","status":"publish","type":"page","link":"https:\/\/www.sime-tek.com\/es\/productos\/clasificadoras\/vega-plus\/","title":{"rendered":"Vega Plus"},"content":{"rendered":"<p class=\"p1\">Misma estructura que el modelo Vega, M\u00c1S un nivel adicional de\u00a0<strong>automatizaci\u00f3n\u00a0<\/strong>con hasta 4<br \/>\nl\u00edneas de envasado autom\u00e1ticas.\u00a0Este modelo, descendiente directo de la primera<br \/>\nm\u00e1quina producida, es el que ha convertido a Sime-Tek en el l\u00edder del mercado europeo.<br \/>\nHoy, muchos a\u00f1os despu\u00e9s, este modelo sigue siendo uno de los\u00a0<strong>best sellers\u00a0<\/strong>de la gama Sime-Tek;<br \/>\ncon su formato modular, capacidad<strong>\u00a0media\u00a0<\/strong>(16.000 &#8211; 20.000 huevos por hora) y un conjunto<br \/>\ncompleto de opcionales y accesorios, el modelo Vega Plus se mantiene como una de las clasificadoras m\u00e1s<br \/>\nvers\u00e1tiles de nuestra gama.<\/p>\n","protected":false},"excerpt":{"rendered":"<p>Vega ofrece la solidez, comodidad, fuerza<br \/>\ny adaptabilidad de una clasificadora<br \/>\ngrande de Sime-Tek.<\/p>\n","protected":false},"author":1,"featured_media":2263,"parent":2213,"menu_order":3,"comment_status":"closed","ping_status":"closed","template":"page_SCHEDA_PRODOTTO.php","meta":[],"acf":[],"yoast_head":"<!-- This site is optimized with the Yoast SEO plugin v20.7 - https:\/\/yoast.com\/wordpress\/plugins\/seo\/ -->\n<title>Vega Plus - M\u00e1quina clasificadora - hasta 20.000 huevos\/h | Sime-Tek<\/title>\n<meta name=\"description\" content=\"La capacidad y las especificaciones t\u00e9cnicas son las mismas que las del modelo Vega, con la ventaja de estar equipada con entre 1 y 4 l\u00edneas de embalaje autom\u00e1tico y una o varias salidas manuales.\" \/>\n<meta name=\"robots\" content=\"index, follow, max-snippet:-1, max-image-preview:large, max-video-preview:-1\" \/>\n<link rel=\"canonical\" href=\"https:\/\/www.sime-tek.com\/es\/productos\/clasificadoras\/vega-plus\/\" \/>\n<meta property=\"og:locale\" content=\"es_ES\" \/>\n<meta property=\"og:type\" content=\"article\" \/>\n<meta property=\"og:title\" content=\"Vega Plus - M\u00e1quina clasificadora - hasta 20.000 huevos\/h | Sime-Tek\" \/>\n<meta property=\"og:description\" content=\"La capacidad y las especificaciones t\u00e9cnicas son las mismas que las del modelo Vega, con la ventaja de estar equipada con entre 1 y 4 l\u00edneas de embalaje autom\u00e1tico y una o varias salidas manuales.\" \/>\n<meta property=\"og:url\" content=\"https:\/\/www.sime-tek.com\/es\/productos\/clasificadoras\/vega-plus\/\" \/>\n<meta property=\"og:site_name\" content=\"Sime-tek\" \/>\n<meta property=\"article:modified_time\" content=\"2026-02-25T09:45:40+00:00\" \/>\n<meta property=\"og:image\" content=\"https:\/\/www.sime-tek.com\/wp-content\/uploads\/2021\/01\/vega-plus.png\" \/>\n\t<meta property=\"og:image:width\" content=\"1155\" \/>\n\t<meta property=\"og:image:height\" content=\"595\" \/>\n\t<meta property=\"og:image:type\" content=\"image\/png\" \/>\n<meta name=\"twitter:card\" content=\"summary_large_image\" \/>\n<meta name=\"twitter:label1\" content=\"Tiempo de lectura\" \/>\n\t<meta name=\"twitter:data1\" content=\"1 minuto\" \/>\n<script type=\"application\/ld+json\" class=\"yoast-schema-graph\">{\"@context\":\"https:\/\/schema.org\",\"@graph\":[{\"@type\":\"WebPage\",\"@id\":\"https:\/\/www.sime-tek.com\/es\/productos\/clasificadoras\/vega-plus\/\",\"url\":\"https:\/\/www.sime-tek.com\/es\/productos\/clasificadoras\/vega-plus\/\",\"name\":\"Vega Plus - M\u00e1quina clasificadora - hasta 20.000 huevos\/h | Sime-Tek\",\"isPartOf\":{\"@id\":\"https:\/\/www.sime-tek.com\/es\/#website\"},\"datePublished\":\"2020-11-12T16:02:33+00:00\",\"dateModified\":\"2026-02-25T09:45:40+00:00\",\"description\":\"La capacidad y las especificaciones t\u00e9cnicas son las mismas que las del modelo Vega, con la ventaja de estar equipada con entre 1 y 4 l\u00edneas de embalaje autom\u00e1tico y una o varias salidas manuales.\",\"breadcrumb\":{\"@id\":\"https:\/\/www.sime-tek.com\/es\/productos\/clasificadoras\/vega-plus\/#breadcrumb\"},\"inLanguage\":\"es\",\"potentialAction\":[{\"@type\":\"ReadAction\",\"target\":[\"https:\/\/www.sime-tek.com\/es\/productos\/clasificadoras\/vega-plus\/\"]}]},{\"@type\":\"BreadcrumbList\",\"@id\":\"https:\/\/www.sime-tek.com\/es\/productos\/clasificadoras\/vega-plus\/#breadcrumb\",\"itemListElement\":[{\"@type\":\"ListItem\",\"position\":1,\"name\":\"Home\",\"item\":\"https:\/\/www.sime-tek.com\/es\/home\/\"},{\"@type\":\"ListItem\",\"position\":2,\"name\":\"Productos\",\"item\":\"https:\/\/www.sime-tek.com\/es\/productos\/\"},{\"@type\":\"ListItem\",\"position\":3,\"name\":\"Clasificadoras\",\"item\":\"https:\/\/www.sime-tek.com\/es\/productos\/clasificadoras\/\"},{\"@type\":\"ListItem\",\"position\":4,\"name\":\"Vega Plus\"}]},{\"@type\":\"WebSite\",\"@id\":\"https:\/\/www.sime-tek.com\/es\/#website\",\"url\":\"https:\/\/www.sime-tek.com\/es\/\",\"name\":\"Sime-tek\",\"description\":\"\",\"potentialAction\":[{\"@type\":\"SearchAction\",\"target\":{\"@type\":\"EntryPoint\",\"urlTemplate\":\"https:\/\/www.sime-tek.com\/es\/?s={search_term_string}\"},\"query-input\":\"required name=search_term_string\"}],\"inLanguage\":\"es\"}]}<\/script>\n<!-- \/ Yoast SEO plugin. -->","yoast_head_json":{"title":"Vega Plus - M\u00e1quina clasificadora - hasta 20.000 huevos\/h | Sime-Tek","description":"La capacidad y las especificaciones t\u00e9cnicas son las mismas que las del modelo Vega, con la ventaja de estar equipada con entre 1 y 4 l\u00edneas de embalaje autom\u00e1tico y una o varias salidas manuales.","robots":{"index":"index","follow":"follow","max-snippet":"max-snippet:-1","max-image-preview":"max-image-preview:large","max-video-preview":"max-video-preview:-1"},"canonical":"https:\/\/www.sime-tek.com\/es\/productos\/clasificadoras\/vega-plus\/","og_locale":"es_ES","og_type":"article","og_title":"Vega Plus - M\u00e1quina clasificadora - hasta 20.000 huevos\/h | Sime-Tek","og_description":"La capacidad y las especificaciones t\u00e9cnicas son las mismas que las del modelo Vega, con la ventaja de estar equipada con entre 1 y 4 l\u00edneas de embalaje autom\u00e1tico y una o varias salidas manuales.","og_url":"https:\/\/www.sime-tek.com\/es\/productos\/clasificadoras\/vega-plus\/","og_site_name":"Sime-tek","article_modified_time":"2026-02-25T09:45:40+00:00","og_image":[{"width":1155,"height":595,"url":"https:\/\/www.sime-tek.com\/wp-content\/uploads\/2021\/01\/vega-plus.png","type":"image\/png"}],"twitter_card":"summary_large_image","twitter_misc":{"Tiempo de lectura":"1 minuto"},"schema":{"@context":"https:\/\/schema.org","@graph":[{"@type":"WebPage","@id":"https:\/\/www.sime-tek.com\/es\/productos\/clasificadoras\/vega-plus\/","url":"https:\/\/www.sime-tek.com\/es\/productos\/clasificadoras\/vega-plus\/","name":"Vega Plus - M\u00e1quina clasificadora - hasta 20.000 huevos\/h | Sime-Tek","isPartOf":{"@id":"https:\/\/www.sime-tek.com\/es\/#website"},"datePublished":"2020-11-12T16:02:33+00:00","dateModified":"2026-02-25T09:45:40+00:00","description":"La capacidad y las especificaciones t\u00e9cnicas son las mismas que las del modelo Vega, con la ventaja de estar equipada con entre 1 y 4 l\u00edneas de embalaje autom\u00e1tico y una o varias salidas manuales.","breadcrumb":{"@id":"https:\/\/www.sime-tek.com\/es\/productos\/clasificadoras\/vega-plus\/#breadcrumb"},"inLanguage":"es","potentialAction":[{"@type":"ReadAction","target":["https:\/\/www.sime-tek.com\/es\/productos\/clasificadoras\/vega-plus\/"]}]},{"@type":"BreadcrumbList","@id":"https:\/\/www.sime-tek.com\/es\/productos\/clasificadoras\/vega-plus\/#breadcrumb","itemListElement":[{"@type":"ListItem","position":1,"name":"Home","item":"https:\/\/www.sime-tek.com\/es\/home\/"},{"@type":"ListItem","position":2,"name":"Productos","item":"https:\/\/www.sime-tek.com\/es\/productos\/"},{"@type":"ListItem","position":3,"name":"Clasificadoras","item":"https:\/\/www.sime-tek.com\/es\/productos\/clasificadoras\/"},{"@type":"ListItem","position":4,"name":"Vega Plus"}]},{"@type":"WebSite","@id":"https:\/\/www.sime-tek.com\/es\/#website","url":"https:\/\/www.sime-tek.com\/es\/","name":"Sime-tek","description":"","potentialAction":[{"@type":"SearchAction","target":{"@type":"EntryPoint","urlTemplate":"https:\/\/www.sime-tek.com\/es\/?s={search_term_string}"},"query-input":"required name=search_term_string"}],"inLanguage":"es"}]}},"wps_subtitle":"DE 16.000 A 20.000 HUEVOS\/H","_links":{"self":[{"href":"https:\/\/www.sime-tek.com\/es\/wp-json\/wp\/v2\/pages\/2261"}],"collection":[{"href":"https:\/\/www.sime-tek.com\/es\/wp-json\/wp\/v2\/pages"}],"about":[{"href":"https:\/\/www.sime-tek.com\/es\/wp-json\/wp\/v2\/types\/page"}],"author":[{"embeddable":true,"href":"https:\/\/www.sime-tek.com\/es\/wp-json\/wp\/v2\/users\/1"}],"replies":[{"embeddable":true,"href":"https:\/\/www.sime-tek.com\/es\/wp-json\/wp\/v2\/comments?post=2261"}],"version-history":[{"count":6,"href":"https:\/\/www.sime-tek.com\/es\/wp-json\/wp\/v2\/pages\/2261\/revisions"}],"predecessor-version":[{"id":4231,"href":"https:\/\/www.sime-tek.com\/es\/wp-json\/wp\/v2\/pages\/2261\/revisions\/4231"}],"up":[{"embeddable":true,"href":"https:\/\/www.sime-tek.com\/es\/wp-json\/wp\/v2\/pages\/2213"}],"wp:featuredmedia":[{"embeddable":true,"href":"https:\/\/www.sime-tek.com\/es\/wp-json\/wp\/v2\/media\/2263"}],"wp:attachment":[{"href":"https:\/\/www.sime-tek.com\/es\/wp-json\/wp\/v2\/media?parent=2261"}],"curies":[{"name":"wp","href":"https:\/\/api.w.org\/{rel}","templated":true}]}}