{"id":2249,"date":"2020-11-12T16:41:12","date_gmt":"2020-11-12T15:41:12","guid":{"rendered":"https:\/\/www.sime-tek.com\/prodotti\/selezionatrici-per-uova\/vega\/"},"modified":"2026-02-25T10:51:16","modified_gmt":"2026-02-25T09:51:16","slug":"vega","status":"publish","type":"page","link":"https:\/\/www.sime-tek.com\/es\/productos\/clasificadoras\/vega\/","title":{"rendered":"Vega"},"content":{"rendered":"<p class=\"p1\">Una clasificadora de tama\u00f1o medio,\u00a0<strong>sencilla\u00a0<\/strong>pero <strong>completa<\/strong>.\u00a0Estructura de<br \/>\nacero inoxidable, pesaje electr\u00f3nico, funcionamiento sumamente intuitivo, recogida manual.<br \/>\n<strong>Peque\u00f1a inversi\u00f3n\u00a0<\/strong>para una m\u00e1xima eficiencia, en casos en los que los costes de mano de obra no son elevados<br \/>\ny no se necesita automatizaci\u00f3n.\u00a0Posee la c\u00e9lebre\u00a0<strong>durabilidad\u00a0<\/strong>y los materiales de calidad de\u00a0Sime-Tek,<br \/>\ncon un bajo nivel de automatizaci\u00f3n para una perfecta colaboraci\u00f3n operador-m\u00e1quina.<\/p>\n<p>&nbsp;<\/p>\n","protected":false},"excerpt":{"rendered":"<p>Clasificadora electr\u00f3nica<br \/>\ncon recogidas manuales y<br \/>\ncapacidad de producci\u00f3n<br \/>\nde 16000 o 20000 huevos\/hora.<\/p>\n","protected":false},"author":1,"featured_media":2251,"parent":2213,"menu_order":2,"comment_status":"closed","ping_status":"closed","template":"page_SCHEDA_PRODOTTO.php","meta":[],"acf":[],"yoast_head":"<!-- This site is optimized with the Yoast SEO plugin v20.7 - https:\/\/yoast.com\/wordpress\/plugins\/seo\/ -->\n<title>Vega - Clasificadora manual para huevos - hasta 20.000 huevos\/h | Sime-Tek<\/title>\n<meta name=\"description\" content=\"Pesaje electr\u00f3nico, salidas manuales, capacidad de 16.000 - 20.000 huevos\/hora. Construcci\u00f3n sumamente compacta, materiales resistentes para un mantenimiento muy f\u00e1cil y r\u00e1pido.\" \/>\n<meta name=\"robots\" content=\"index, follow, max-snippet:-1, max-image-preview:large, max-video-preview:-1\" \/>\n<link rel=\"canonical\" href=\"https:\/\/www.sime-tek.com\/es\/productos\/clasificadoras\/vega\/\" \/>\n<meta property=\"og:locale\" content=\"es_ES\" \/>\n<meta property=\"og:type\" content=\"article\" \/>\n<meta property=\"og:title\" content=\"Vega - Clasificadora manual para huevos - hasta 20.000 huevos\/h | Sime-Tek\" \/>\n<meta property=\"og:description\" content=\"Pesaje electr\u00f3nico, salidas manuales, capacidad de 16.000 - 20.000 huevos\/hora. Construcci\u00f3n sumamente compacta, materiales resistentes para un mantenimiento muy f\u00e1cil y r\u00e1pido.\" \/>\n<meta property=\"og:url\" content=\"https:\/\/www.sime-tek.com\/es\/productos\/clasificadoras\/vega\/\" \/>\n<meta property=\"og:site_name\" content=\"Sime-tek\" \/>\n<meta property=\"article:modified_time\" content=\"2026-02-25T09:51:16+00:00\" \/>\n<meta property=\"og:image\" content=\"https:\/\/www.sime-tek.com\/wp-content\/uploads\/2021\/01\/vega.png\" \/>\n\t<meta property=\"og:image:width\" content=\"1200\" \/>\n\t<meta property=\"og:image:height\" content=\"704\" \/>\n\t<meta property=\"og:image:type\" content=\"image\/png\" \/>\n<meta name=\"twitter:card\" content=\"summary_large_image\" \/>\n<meta name=\"twitter:label1\" content=\"Tiempo de lectura\" \/>\n\t<meta name=\"twitter:data1\" content=\"1 minuto\" \/>\n<script type=\"application\/ld+json\" class=\"yoast-schema-graph\">{\"@context\":\"https:\/\/schema.org\",\"@graph\":[{\"@type\":\"WebPage\",\"@id\":\"https:\/\/www.sime-tek.com\/es\/productos\/clasificadoras\/vega\/\",\"url\":\"https:\/\/www.sime-tek.com\/es\/productos\/clasificadoras\/vega\/\",\"name\":\"Vega - Clasificadora manual para huevos - hasta 20.000 huevos\/h | Sime-Tek\",\"isPartOf\":{\"@id\":\"https:\/\/www.sime-tek.com\/es\/#website\"},\"datePublished\":\"2020-11-12T15:41:12+00:00\",\"dateModified\":\"2026-02-25T09:51:16+00:00\",\"description\":\"Pesaje electr\u00f3nico, salidas manuales, capacidad de 16.000 - 20.000 huevos\/hora. Construcci\u00f3n sumamente compacta, materiales resistentes para un mantenimiento muy f\u00e1cil y r\u00e1pido.\",\"breadcrumb\":{\"@id\":\"https:\/\/www.sime-tek.com\/es\/productos\/clasificadoras\/vega\/#breadcrumb\"},\"inLanguage\":\"es\",\"potentialAction\":[{\"@type\":\"ReadAction\",\"target\":[\"https:\/\/www.sime-tek.com\/es\/productos\/clasificadoras\/vega\/\"]}]},{\"@type\":\"BreadcrumbList\",\"@id\":\"https:\/\/www.sime-tek.com\/es\/productos\/clasificadoras\/vega\/#breadcrumb\",\"itemListElement\":[{\"@type\":\"ListItem\",\"position\":1,\"name\":\"Home\",\"item\":\"https:\/\/www.sime-tek.com\/es\/home\/\"},{\"@type\":\"ListItem\",\"position\":2,\"name\":\"Productos\",\"item\":\"https:\/\/www.sime-tek.com\/es\/productos\/\"},{\"@type\":\"ListItem\",\"position\":3,\"name\":\"Clasificadoras\",\"item\":\"https:\/\/www.sime-tek.com\/es\/productos\/clasificadoras\/\"},{\"@type\":\"ListItem\",\"position\":4,\"name\":\"Vega\"}]},{\"@type\":\"WebSite\",\"@id\":\"https:\/\/www.sime-tek.com\/es\/#website\",\"url\":\"https:\/\/www.sime-tek.com\/es\/\",\"name\":\"Sime-tek\",\"description\":\"\",\"potentialAction\":[{\"@type\":\"SearchAction\",\"target\":{\"@type\":\"EntryPoint\",\"urlTemplate\":\"https:\/\/www.sime-tek.com\/es\/?s={search_term_string}\"},\"query-input\":\"required name=search_term_string\"}],\"inLanguage\":\"es\"}]}<\/script>\n<!-- \/ Yoast SEO plugin. -->","yoast_head_json":{"title":"Vega - Clasificadora manual para huevos - hasta 20.000 huevos\/h | Sime-Tek","description":"Pesaje electr\u00f3nico, salidas manuales, capacidad de 16.000 - 20.000 huevos\/hora. Construcci\u00f3n sumamente compacta, materiales resistentes para un mantenimiento muy f\u00e1cil y r\u00e1pido.","robots":{"index":"index","follow":"follow","max-snippet":"max-snippet:-1","max-image-preview":"max-image-preview:large","max-video-preview":"max-video-preview:-1"},"canonical":"https:\/\/www.sime-tek.com\/es\/productos\/clasificadoras\/vega\/","og_locale":"es_ES","og_type":"article","og_title":"Vega - Clasificadora manual para huevos - hasta 20.000 huevos\/h | Sime-Tek","og_description":"Pesaje electr\u00f3nico, salidas manuales, capacidad de 16.000 - 20.000 huevos\/hora. Construcci\u00f3n sumamente compacta, materiales resistentes para un mantenimiento muy f\u00e1cil y r\u00e1pido.","og_url":"https:\/\/www.sime-tek.com\/es\/productos\/clasificadoras\/vega\/","og_site_name":"Sime-tek","article_modified_time":"2026-02-25T09:51:16+00:00","og_image":[{"width":1200,"height":704,"url":"https:\/\/www.sime-tek.com\/wp-content\/uploads\/2021\/01\/vega.png","type":"image\/png"}],"twitter_card":"summary_large_image","twitter_misc":{"Tiempo de lectura":"1 minuto"},"schema":{"@context":"https:\/\/schema.org","@graph":[{"@type":"WebPage","@id":"https:\/\/www.sime-tek.com\/es\/productos\/clasificadoras\/vega\/","url":"https:\/\/www.sime-tek.com\/es\/productos\/clasificadoras\/vega\/","name":"Vega - Clasificadora manual para huevos - hasta 20.000 huevos\/h | Sime-Tek","isPartOf":{"@id":"https:\/\/www.sime-tek.com\/es\/#website"},"datePublished":"2020-11-12T15:41:12+00:00","dateModified":"2026-02-25T09:51:16+00:00","description":"Pesaje electr\u00f3nico, salidas manuales, capacidad de 16.000 - 20.000 huevos\/hora. Construcci\u00f3n sumamente compacta, materiales resistentes para un mantenimiento muy f\u00e1cil y r\u00e1pido.","breadcrumb":{"@id":"https:\/\/www.sime-tek.com\/es\/productos\/clasificadoras\/vega\/#breadcrumb"},"inLanguage":"es","potentialAction":[{"@type":"ReadAction","target":["https:\/\/www.sime-tek.com\/es\/productos\/clasificadoras\/vega\/"]}]},{"@type":"BreadcrumbList","@id":"https:\/\/www.sime-tek.com\/es\/productos\/clasificadoras\/vega\/#breadcrumb","itemListElement":[{"@type":"ListItem","position":1,"name":"Home","item":"https:\/\/www.sime-tek.com\/es\/home\/"},{"@type":"ListItem","position":2,"name":"Productos","item":"https:\/\/www.sime-tek.com\/es\/productos\/"},{"@type":"ListItem","position":3,"name":"Clasificadoras","item":"https:\/\/www.sime-tek.com\/es\/productos\/clasificadoras\/"},{"@type":"ListItem","position":4,"name":"Vega"}]},{"@type":"WebSite","@id":"https:\/\/www.sime-tek.com\/es\/#website","url":"https:\/\/www.sime-tek.com\/es\/","name":"Sime-tek","description":"","potentialAction":[{"@type":"SearchAction","target":{"@type":"EntryPoint","urlTemplate":"https:\/\/www.sime-tek.com\/es\/?s={search_term_string}"},"query-input":"required name=search_term_string"}],"inLanguage":"es"}]}},"wps_subtitle":"DE 16.000 A 20.000 HUEVOS\/H","_links":{"self":[{"href":"https:\/\/www.sime-tek.com\/es\/wp-json\/wp\/v2\/pages\/2249"}],"collection":[{"href":"https:\/\/www.sime-tek.com\/es\/wp-json\/wp\/v2\/pages"}],"about":[{"href":"https:\/\/www.sime-tek.com\/es\/wp-json\/wp\/v2\/types\/page"}],"author":[{"embeddable":true,"href":"https:\/\/www.sime-tek.com\/es\/wp-json\/wp\/v2\/users\/1"}],"replies":[{"embeddable":true,"href":"https:\/\/www.sime-tek.com\/es\/wp-json\/wp\/v2\/comments?post=2249"}],"version-history":[{"count":8,"href":"https:\/\/www.sime-tek.com\/es\/wp-json\/wp\/v2\/pages\/2249\/revisions"}],"predecessor-version":[{"id":4236,"href":"https:\/\/www.sime-tek.com\/es\/wp-json\/wp\/v2\/pages\/2249\/revisions\/4236"}],"up":[{"embeddable":true,"href":"https:\/\/www.sime-tek.com\/es\/wp-json\/wp\/v2\/pages\/2213"}],"wp:featuredmedia":[{"embeddable":true,"href":"https:\/\/www.sime-tek.com\/es\/wp-json\/wp\/v2\/media\/2251"}],"wp:attachment":[{"href":"https:\/\/www.sime-tek.com\/es\/wp-json\/wp\/v2\/media?parent=2249"}],"curies":[{"name":"wp","href":"https:\/\/api.w.org\/{rel}","templated":true}]}}