{"id":2237,"date":"2021-02-11T11:58:04","date_gmt":"2021-02-11T10:58:04","guid":{"rendered":"https:\/\/www.sime-tek.com\/prodotti\/selezionatrici-per-uova\/minigrad-6-5\/"},"modified":"2024-01-19T12:39:46","modified_gmt":"2024-01-19T11:39:46","slug":"minigrad-6-5","status":"publish","type":"page","link":"https:\/\/www.sime-tek.com\/es\/productos\/clasificadoras\/minigrad-6-5\/","title":{"rendered":"Minigrad 6.5"},"content":{"rendered":"<p class=\"p1\">La primera clasificadora electr\u00f3nica con instalaci\u00f3n <strong>aut\u00f3noma<\/strong>; con Minigrad 6.5,<br \/>\nSime-Tek ha definido nuevos est\u00e1ndares para la selecci\u00f3n de huevos a peque\u00f1a escala.<br \/>\nUna capacidad de trabajo de 6.500 huevos por hora, con la posibilidad de a\u00f1adir 1\u00a0<strong>l\u00ednea<\/strong><br \/>\n<strong>de embalaje autom\u00e1tica\u00a0<\/strong>y toda la tecnolog\u00eda de las clasificadoras m\u00e1s grandes, como<br \/>\n<strong>conexi\u00f3n Wi-Fi<\/strong>, interfaz de impresi\u00f3n,\u00a0<strong>control con pantalla t\u00e1ctil<\/strong>,<br \/>\ninformes de producci\u00f3n y mucho m\u00e1s&#8230;<\/p>\n","protected":false},"excerpt":{"rendered":"<p>La primera clasificadora electr\u00f3nica<br \/>\ncon instalaci\u00f3n aut\u00f3noma. Sime-Tek<br \/>\nha definido nuevos est\u00e1ndares para<br \/>\nla selecci\u00f3n de huevos a peque\u00f1a escala.<\/p>\n","protected":false},"author":1,"featured_media":2239,"parent":2213,"menu_order":0,"comment_status":"closed","ping_status":"closed","template":"page_SCHEDA_PRODOTTO.php","meta":[],"acf":[],"yoast_head":"<!-- This site is optimized with the Yoast SEO plugin v20.7 - https:\/\/yoast.com\/wordpress\/plugins\/seo\/ -->\n<title>Minigrad 6.5 - Clasificadora electr\u00f3nica - 6.500 huevos\/hora | Sime-Tek<\/title>\n<meta name=\"description\" content=\"La clasificadora m\u00e1s peque\u00f1a de Sime-Tek, equipada con toda la tecnolog\u00eda de las clasificadoras m\u00e1s grandes, perfecta para sistemas sobre suelo.\" \/>\n<meta name=\"robots\" content=\"index, follow, max-snippet:-1, max-image-preview:large, max-video-preview:-1\" \/>\n<link rel=\"canonical\" href=\"https:\/\/www.sime-tek.com\/es\/productos\/clasificadoras\/minigrad-6-5\/\" \/>\n<meta property=\"og:locale\" content=\"es_ES\" \/>\n<meta property=\"og:type\" content=\"article\" \/>\n<meta property=\"og:title\" content=\"Minigrad 6.5 - Clasificadora electr\u00f3nica - 6.500 huevos\/hora | Sime-Tek\" \/>\n<meta property=\"og:description\" content=\"La clasificadora m\u00e1s peque\u00f1a de Sime-Tek, equipada con toda la tecnolog\u00eda de las clasificadoras m\u00e1s grandes, perfecta para sistemas sobre suelo.\" \/>\n<meta property=\"og:url\" content=\"https:\/\/www.sime-tek.com\/es\/productos\/clasificadoras\/minigrad-6-5\/\" \/>\n<meta property=\"og:site_name\" content=\"Sime-tek\" \/>\n<meta property=\"article:modified_time\" content=\"2024-01-19T11:39:46+00:00\" \/>\n<meta property=\"og:image\" content=\"https:\/\/www.sime-tek.com\/wp-content\/uploads\/2021\/02\/minigrad-6-5.png\" \/>\n\t<meta property=\"og:image:width\" content=\"1440\" \/>\n\t<meta property=\"og:image:height\" content=\"696\" \/>\n\t<meta property=\"og:image:type\" content=\"image\/png\" \/>\n<meta name=\"twitter:card\" content=\"summary_large_image\" \/>\n<meta name=\"twitter:label1\" content=\"Tiempo de lectura\" \/>\n\t<meta name=\"twitter:data1\" content=\"1 minuto\" \/>\n<script type=\"application\/ld+json\" class=\"yoast-schema-graph\">{\"@context\":\"https:\/\/schema.org\",\"@graph\":[{\"@type\":\"WebPage\",\"@id\":\"https:\/\/www.sime-tek.com\/es\/productos\/clasificadoras\/minigrad-6-5\/\",\"url\":\"https:\/\/www.sime-tek.com\/es\/productos\/clasificadoras\/minigrad-6-5\/\",\"name\":\"Minigrad 6.5 - Clasificadora electr\u00f3nica - 6.500 huevos\/hora | Sime-Tek\",\"isPartOf\":{\"@id\":\"https:\/\/www.sime-tek.com\/es\/#website\"},\"datePublished\":\"2021-02-11T10:58:04+00:00\",\"dateModified\":\"2024-01-19T11:39:46+00:00\",\"description\":\"La clasificadora m\u00e1s peque\u00f1a de Sime-Tek, equipada con toda la tecnolog\u00eda de las clasificadoras m\u00e1s grandes, perfecta para sistemas sobre suelo.\",\"breadcrumb\":{\"@id\":\"https:\/\/www.sime-tek.com\/es\/productos\/clasificadoras\/minigrad-6-5\/#breadcrumb\"},\"inLanguage\":\"es\",\"potentialAction\":[{\"@type\":\"ReadAction\",\"target\":[\"https:\/\/www.sime-tek.com\/es\/productos\/clasificadoras\/minigrad-6-5\/\"]}]},{\"@type\":\"BreadcrumbList\",\"@id\":\"https:\/\/www.sime-tek.com\/es\/productos\/clasificadoras\/minigrad-6-5\/#breadcrumb\",\"itemListElement\":[{\"@type\":\"ListItem\",\"position\":1,\"name\":\"Home\",\"item\":\"https:\/\/www.sime-tek.com\/es\/home\/\"},{\"@type\":\"ListItem\",\"position\":2,\"name\":\"Productos\",\"item\":\"https:\/\/www.sime-tek.com\/es\/productos\/\"},{\"@type\":\"ListItem\",\"position\":3,\"name\":\"Clasificadoras\",\"item\":\"https:\/\/www.sime-tek.com\/es\/productos\/clasificadoras\/\"},{\"@type\":\"ListItem\",\"position\":4,\"name\":\"Minigrad 6.5\"}]},{\"@type\":\"WebSite\",\"@id\":\"https:\/\/www.sime-tek.com\/es\/#website\",\"url\":\"https:\/\/www.sime-tek.com\/es\/\",\"name\":\"Sime-tek\",\"description\":\"\",\"potentialAction\":[{\"@type\":\"SearchAction\",\"target\":{\"@type\":\"EntryPoint\",\"urlTemplate\":\"https:\/\/www.sime-tek.com\/es\/?s={search_term_string}\"},\"query-input\":\"required name=search_term_string\"}],\"inLanguage\":\"es\"}]}<\/script>\n<!-- \/ Yoast SEO plugin. -->","yoast_head_json":{"title":"Minigrad 6.5 - Clasificadora electr\u00f3nica - 6.500 huevos\/hora | Sime-Tek","description":"La clasificadora m\u00e1s peque\u00f1a de Sime-Tek, equipada con toda la tecnolog\u00eda de las clasificadoras m\u00e1s grandes, perfecta para sistemas sobre suelo.","robots":{"index":"index","follow":"follow","max-snippet":"max-snippet:-1","max-image-preview":"max-image-preview:large","max-video-preview":"max-video-preview:-1"},"canonical":"https:\/\/www.sime-tek.com\/es\/productos\/clasificadoras\/minigrad-6-5\/","og_locale":"es_ES","og_type":"article","og_title":"Minigrad 6.5 - Clasificadora electr\u00f3nica - 6.500 huevos\/hora | Sime-Tek","og_description":"La clasificadora m\u00e1s peque\u00f1a de Sime-Tek, equipada con toda la tecnolog\u00eda de las clasificadoras m\u00e1s grandes, perfecta para sistemas sobre suelo.","og_url":"https:\/\/www.sime-tek.com\/es\/productos\/clasificadoras\/minigrad-6-5\/","og_site_name":"Sime-tek","article_modified_time":"2024-01-19T11:39:46+00:00","og_image":[{"width":1440,"height":696,"url":"https:\/\/www.sime-tek.com\/wp-content\/uploads\/2021\/02\/minigrad-6-5.png","type":"image\/png"}],"twitter_card":"summary_large_image","twitter_misc":{"Tiempo de lectura":"1 minuto"},"schema":{"@context":"https:\/\/schema.org","@graph":[{"@type":"WebPage","@id":"https:\/\/www.sime-tek.com\/es\/productos\/clasificadoras\/minigrad-6-5\/","url":"https:\/\/www.sime-tek.com\/es\/productos\/clasificadoras\/minigrad-6-5\/","name":"Minigrad 6.5 - Clasificadora electr\u00f3nica - 6.500 huevos\/hora | Sime-Tek","isPartOf":{"@id":"https:\/\/www.sime-tek.com\/es\/#website"},"datePublished":"2021-02-11T10:58:04+00:00","dateModified":"2024-01-19T11:39:46+00:00","description":"La clasificadora m\u00e1s peque\u00f1a de Sime-Tek, equipada con toda la tecnolog\u00eda de las clasificadoras m\u00e1s grandes, perfecta para sistemas sobre suelo.","breadcrumb":{"@id":"https:\/\/www.sime-tek.com\/es\/productos\/clasificadoras\/minigrad-6-5\/#breadcrumb"},"inLanguage":"es","potentialAction":[{"@type":"ReadAction","target":["https:\/\/www.sime-tek.com\/es\/productos\/clasificadoras\/minigrad-6-5\/"]}]},{"@type":"BreadcrumbList","@id":"https:\/\/www.sime-tek.com\/es\/productos\/clasificadoras\/minigrad-6-5\/#breadcrumb","itemListElement":[{"@type":"ListItem","position":1,"name":"Home","item":"https:\/\/www.sime-tek.com\/es\/home\/"},{"@type":"ListItem","position":2,"name":"Productos","item":"https:\/\/www.sime-tek.com\/es\/productos\/"},{"@type":"ListItem","position":3,"name":"Clasificadoras","item":"https:\/\/www.sime-tek.com\/es\/productos\/clasificadoras\/"},{"@type":"ListItem","position":4,"name":"Minigrad 6.5"}]},{"@type":"WebSite","@id":"https:\/\/www.sime-tek.com\/es\/#website","url":"https:\/\/www.sime-tek.com\/es\/","name":"Sime-tek","description":"","potentialAction":[{"@type":"SearchAction","target":{"@type":"EntryPoint","urlTemplate":"https:\/\/www.sime-tek.com\/es\/?s={search_term_string}"},"query-input":"required name=search_term_string"}],"inLanguage":"es"}]}},"wps_subtitle":"HASTA 6.500 HUEVOS\/H","_links":{"self":[{"href":"https:\/\/www.sime-tek.com\/es\/wp-json\/wp\/v2\/pages\/2237"}],"collection":[{"href":"https:\/\/www.sime-tek.com\/es\/wp-json\/wp\/v2\/pages"}],"about":[{"href":"https:\/\/www.sime-tek.com\/es\/wp-json\/wp\/v2\/types\/page"}],"author":[{"embeddable":true,"href":"https:\/\/www.sime-tek.com\/es\/wp-json\/wp\/v2\/users\/1"}],"replies":[{"embeddable":true,"href":"https:\/\/www.sime-tek.com\/es\/wp-json\/wp\/v2\/comments?post=2237"}],"version-history":[{"count":4,"href":"https:\/\/www.sime-tek.com\/es\/wp-json\/wp\/v2\/pages\/2237\/revisions"}],"predecessor-version":[{"id":3872,"href":"https:\/\/www.sime-tek.com\/es\/wp-json\/wp\/v2\/pages\/2237\/revisions\/3872"}],"up":[{"embeddable":true,"href":"https:\/\/www.sime-tek.com\/es\/wp-json\/wp\/v2\/pages\/2213"}],"wp:featuredmedia":[{"embeddable":true,"href":"https:\/\/www.sime-tek.com\/es\/wp-json\/wp\/v2\/media\/2239"}],"wp:attachment":[{"href":"https:\/\/www.sime-tek.com\/es\/wp-json\/wp\/v2\/media?parent=2237"}],"curies":[{"name":"wp","href":"https:\/\/api.w.org\/{rel}","templated":true}]}}