{"id":2225,"date":"2020-10-21T16:49:21","date_gmt":"2020-10-21T14:49:21","guid":{"rendered":"https:\/\/www.sime-tek.com\/prodotti\/selezionatrici-per-uova\/minigrad-10\/"},"modified":"2026-02-25T10:58:17","modified_gmt":"2026-02-25T09:58:17","slug":"minigrad-10","status":"publish","type":"page","link":"https:\/\/www.sime-tek.com\/es\/productos\/clasificadoras\/minigrad-10\/","title":{"rendered":"Minigrad 10"},"content":{"rendered":"<p>Minigrad es la m\u00e1quina que ha revolucionado el mundo de las clasificadoras de huevos a peque\u00f1a<br \/>\nescala.\u00a0En los \u00faltimos a\u00f1os, la evoluci\u00f3n del sector av\u00edcola ha impulsado a los productores a orientarse<br \/>\nhacia modelos de negocio m\u00e1s\u00a0<strong>sostenibles<\/strong>,\u00a0haciendo hincapi\u00e9 en el\u00a0<strong>bienestar de los animales<\/strong>\u00a0y en la\u00a0<strong>salud<\/strong><br \/>\n<strong>de los consumidores<\/strong>. Esto se ha traducido en modificaciones t\u00e9cnicas de los equipos, y sobre todo en<br \/>\nun cambio en la mentalidad del consumidor y, por lo tanto, en el mercado.<br \/>\nEs en este contexto donde Sime-Tek ha introducido Minigrad 10, con una capacidad de 10.000 huevos por hora;<br \/>\nesta m\u00e1quina alberga toda la <strong>innovaci\u00f3n<\/strong>\u00a0desarrollada por Sime-Tek a lo largo de los a\u00f1os junto a<br \/>\nlos peque\u00f1os y medianos criadores, y ofrece una respuesta perfecta para el cambio experimentado por<br \/>\nel mercado en estos a\u00f1os.<\/p>\n","protected":false},"excerpt":{"rendered":"<p>Revolucionaria peque\u00f1a gran<br \/>\nclasificadora de Sime-Tek,<br \/>\npeque\u00f1a en sus dimensiones<br \/>\npero con toda la tecnolog\u00eda de las<br \/>\nclasificadoras grandes.<\/p>\n","protected":false},"author":1,"featured_media":2227,"parent":2213,"menu_order":1,"comment_status":"closed","ping_status":"closed","template":"page_SCHEDA_PRODOTTO.php","meta":[],"acf":[],"yoast_head":"<!-- This site is optimized with the Yoast SEO plugin v20.7 - https:\/\/yoast.com\/wordpress\/plugins\/seo\/ -->\n<title>Minigrad 10 - M\u00e1quina clasificadora - 10.000 huevos\/hora | Sime-Tek<\/title>\n<meta name=\"description\" content=\"La revolucionaria clasificadora de Sime-Tek, de peque\u00f1o tama\u00f1o pero con toda la tecnolog\u00eda de las clasificadoras de mayor capacidad. Perfecta para explotaciones al aire libre.\" \/>\n<meta name=\"robots\" content=\"index, follow, max-snippet:-1, max-image-preview:large, max-video-preview:-1\" \/>\n<link rel=\"canonical\" href=\"https:\/\/www.sime-tek.com\/es\/productos\/clasificadoras\/minigrad-10\/\" \/>\n<meta property=\"og:locale\" content=\"es_ES\" \/>\n<meta property=\"og:type\" content=\"article\" \/>\n<meta property=\"og:title\" content=\"Minigrad 10 - M\u00e1quina clasificadora - 10.000 huevos\/hora | Sime-Tek\" \/>\n<meta property=\"og:description\" content=\"La revolucionaria clasificadora de Sime-Tek, de peque\u00f1o tama\u00f1o pero con toda la tecnolog\u00eda de las clasificadoras de mayor capacidad. Perfecta para explotaciones al aire libre.\" \/>\n<meta property=\"og:url\" content=\"https:\/\/www.sime-tek.com\/es\/productos\/clasificadoras\/minigrad-10\/\" \/>\n<meta property=\"og:site_name\" content=\"Sime-tek\" \/>\n<meta property=\"article:modified_time\" content=\"2026-02-25T09:58:17+00:00\" \/>\n<meta property=\"og:image\" content=\"https:\/\/www.sime-tek.com\/wp-content\/uploads\/2020\/11\/minigrad10-e1605289501540.png\" \/>\n\t<meta property=\"og:image:width\" content=\"1176\" \/>\n\t<meta property=\"og:image:height\" content=\"405\" \/>\n\t<meta property=\"og:image:type\" content=\"image\/png\" \/>\n<meta name=\"twitter:card\" content=\"summary_large_image\" \/>\n<meta name=\"twitter:label1\" content=\"Tiempo de lectura\" \/>\n\t<meta name=\"twitter:data1\" content=\"1 minuto\" \/>\n<script type=\"application\/ld+json\" class=\"yoast-schema-graph\">{\"@context\":\"https:\/\/schema.org\",\"@graph\":[{\"@type\":\"WebPage\",\"@id\":\"https:\/\/www.sime-tek.com\/es\/productos\/clasificadoras\/minigrad-10\/\",\"url\":\"https:\/\/www.sime-tek.com\/es\/productos\/clasificadoras\/minigrad-10\/\",\"name\":\"Minigrad 10 - M\u00e1quina clasificadora - 10.000 huevos\/hora | Sime-Tek\",\"isPartOf\":{\"@id\":\"https:\/\/www.sime-tek.com\/es\/#website\"},\"datePublished\":\"2020-10-21T14:49:21+00:00\",\"dateModified\":\"2026-02-25T09:58:17+00:00\",\"description\":\"La revolucionaria clasificadora de Sime-Tek, de peque\u00f1o tama\u00f1o pero con toda la tecnolog\u00eda de las clasificadoras de mayor capacidad. Perfecta para explotaciones al aire libre.\",\"breadcrumb\":{\"@id\":\"https:\/\/www.sime-tek.com\/es\/productos\/clasificadoras\/minigrad-10\/#breadcrumb\"},\"inLanguage\":\"es\",\"potentialAction\":[{\"@type\":\"ReadAction\",\"target\":[\"https:\/\/www.sime-tek.com\/es\/productos\/clasificadoras\/minigrad-10\/\"]}]},{\"@type\":\"BreadcrumbList\",\"@id\":\"https:\/\/www.sime-tek.com\/es\/productos\/clasificadoras\/minigrad-10\/#breadcrumb\",\"itemListElement\":[{\"@type\":\"ListItem\",\"position\":1,\"name\":\"Home\",\"item\":\"https:\/\/www.sime-tek.com\/es\/home\/\"},{\"@type\":\"ListItem\",\"position\":2,\"name\":\"Productos\",\"item\":\"https:\/\/www.sime-tek.com\/es\/productos\/\"},{\"@type\":\"ListItem\",\"position\":3,\"name\":\"Clasificadoras\",\"item\":\"https:\/\/www.sime-tek.com\/es\/productos\/clasificadoras\/\"},{\"@type\":\"ListItem\",\"position\":4,\"name\":\"Minigrad 10\"}]},{\"@type\":\"WebSite\",\"@id\":\"https:\/\/www.sime-tek.com\/es\/#website\",\"url\":\"https:\/\/www.sime-tek.com\/es\/\",\"name\":\"Sime-tek\",\"description\":\"\",\"potentialAction\":[{\"@type\":\"SearchAction\",\"target\":{\"@type\":\"EntryPoint\",\"urlTemplate\":\"https:\/\/www.sime-tek.com\/es\/?s={search_term_string}\"},\"query-input\":\"required name=search_term_string\"}],\"inLanguage\":\"es\"}]}<\/script>\n<!-- \/ Yoast SEO plugin. -->","yoast_head_json":{"title":"Minigrad 10 - M\u00e1quina clasificadora - 10.000 huevos\/hora | Sime-Tek","description":"La revolucionaria clasificadora de Sime-Tek, de peque\u00f1o tama\u00f1o pero con toda la tecnolog\u00eda de las clasificadoras de mayor capacidad. Perfecta para explotaciones al aire libre.","robots":{"index":"index","follow":"follow","max-snippet":"max-snippet:-1","max-image-preview":"max-image-preview:large","max-video-preview":"max-video-preview:-1"},"canonical":"https:\/\/www.sime-tek.com\/es\/productos\/clasificadoras\/minigrad-10\/","og_locale":"es_ES","og_type":"article","og_title":"Minigrad 10 - M\u00e1quina clasificadora - 10.000 huevos\/hora | Sime-Tek","og_description":"La revolucionaria clasificadora de Sime-Tek, de peque\u00f1o tama\u00f1o pero con toda la tecnolog\u00eda de las clasificadoras de mayor capacidad. Perfecta para explotaciones al aire libre.","og_url":"https:\/\/www.sime-tek.com\/es\/productos\/clasificadoras\/minigrad-10\/","og_site_name":"Sime-tek","article_modified_time":"2026-02-25T09:58:17+00:00","og_image":[{"width":1176,"height":405,"url":"https:\/\/www.sime-tek.com\/wp-content\/uploads\/2020\/11\/minigrad10-e1605289501540.png","type":"image\/png"}],"twitter_card":"summary_large_image","twitter_misc":{"Tiempo de lectura":"1 minuto"},"schema":{"@context":"https:\/\/schema.org","@graph":[{"@type":"WebPage","@id":"https:\/\/www.sime-tek.com\/es\/productos\/clasificadoras\/minigrad-10\/","url":"https:\/\/www.sime-tek.com\/es\/productos\/clasificadoras\/minigrad-10\/","name":"Minigrad 10 - M\u00e1quina clasificadora - 10.000 huevos\/hora | Sime-Tek","isPartOf":{"@id":"https:\/\/www.sime-tek.com\/es\/#website"},"datePublished":"2020-10-21T14:49:21+00:00","dateModified":"2026-02-25T09:58:17+00:00","description":"La revolucionaria clasificadora de Sime-Tek, de peque\u00f1o tama\u00f1o pero con toda la tecnolog\u00eda de las clasificadoras de mayor capacidad. Perfecta para explotaciones al aire libre.","breadcrumb":{"@id":"https:\/\/www.sime-tek.com\/es\/productos\/clasificadoras\/minigrad-10\/#breadcrumb"},"inLanguage":"es","potentialAction":[{"@type":"ReadAction","target":["https:\/\/www.sime-tek.com\/es\/productos\/clasificadoras\/minigrad-10\/"]}]},{"@type":"BreadcrumbList","@id":"https:\/\/www.sime-tek.com\/es\/productos\/clasificadoras\/minigrad-10\/#breadcrumb","itemListElement":[{"@type":"ListItem","position":1,"name":"Home","item":"https:\/\/www.sime-tek.com\/es\/home\/"},{"@type":"ListItem","position":2,"name":"Productos","item":"https:\/\/www.sime-tek.com\/es\/productos\/"},{"@type":"ListItem","position":3,"name":"Clasificadoras","item":"https:\/\/www.sime-tek.com\/es\/productos\/clasificadoras\/"},{"@type":"ListItem","position":4,"name":"Minigrad 10"}]},{"@type":"WebSite","@id":"https:\/\/www.sime-tek.com\/es\/#website","url":"https:\/\/www.sime-tek.com\/es\/","name":"Sime-tek","description":"","potentialAction":[{"@type":"SearchAction","target":{"@type":"EntryPoint","urlTemplate":"https:\/\/www.sime-tek.com\/es\/?s={search_term_string}"},"query-input":"required name=search_term_string"}],"inLanguage":"es"}]}},"wps_subtitle":"HASTA 10.000 HUEVOS\/H","_links":{"self":[{"href":"https:\/\/www.sime-tek.com\/es\/wp-json\/wp\/v2\/pages\/2225"}],"collection":[{"href":"https:\/\/www.sime-tek.com\/es\/wp-json\/wp\/v2\/pages"}],"about":[{"href":"https:\/\/www.sime-tek.com\/es\/wp-json\/wp\/v2\/types\/page"}],"author":[{"embeddable":true,"href":"https:\/\/www.sime-tek.com\/es\/wp-json\/wp\/v2\/users\/1"}],"replies":[{"embeddable":true,"href":"https:\/\/www.sime-tek.com\/es\/wp-json\/wp\/v2\/comments?post=2225"}],"version-history":[{"count":6,"href":"https:\/\/www.sime-tek.com\/es\/wp-json\/wp\/v2\/pages\/2225\/revisions"}],"predecessor-version":[{"id":4241,"href":"https:\/\/www.sime-tek.com\/es\/wp-json\/wp\/v2\/pages\/2225\/revisions\/4241"}],"up":[{"embeddable":true,"href":"https:\/\/www.sime-tek.com\/es\/wp-json\/wp\/v2\/pages\/2213"}],"wp:featuredmedia":[{"embeddable":true,"href":"https:\/\/www.sime-tek.com\/es\/wp-json\/wp\/v2\/media\/2227"}],"wp:attachment":[{"href":"https:\/\/www.sime-tek.com\/es\/wp-json\/wp\/v2\/media?parent=2225"}],"curies":[{"name":"wp","href":"https:\/\/api.w.org\/{rel}","templated":true}]}}