{"id":2213,"date":"2020-10-20T10:17:02","date_gmt":"2020-10-20T08:17:02","guid":{"rendered":"https:\/\/www.sime-tek.com\/prodotti\/selezionatrici-per-uova\/"},"modified":"2022-10-11T14:37:44","modified_gmt":"2022-10-11T12:37:44","slug":"clasificadoras","status":"publish","type":"page","link":"https:\/\/www.sime-tek.com\/es\/productos\/clasificadoras\/","title":{"rendered":"Clasificadoras"},"content":{"rendered":"<p>Las clasificadoras de huevos Sime-Tek est\u00e1n construidas con materiales de la m\u00e1s alta calidad y dise\u00f1adas en torno a 4 pilares principales:<\/p>\n<ul>\n<li><strong>Funcionamiento mec\u00e1nico<\/strong> simple para un mantenimiento r\u00e1pido y f\u00e1cil para todos.<\/li>\n<li><strong>Soporte<\/strong> remoto siempre <strong>gratuito<\/strong>.<\/li>\n<li><strong>Piezas est\u00e1ndar<\/strong> para disponibilidad local.<\/li>\n<li>Conceptos de trabajo que priorizan la <strong>eficiencia<\/strong> y el flujo de <strong>trabajo continuo<\/strong>.<\/li>\n<\/ul>\n<p>Esto garantiza que todas nuestras clasificadoras de huevos coincidan con nuestra misi\u00f3n de proporcionar las <strong>m\u00e1quinas de huevos m\u00e1s fiables<\/strong> de la industria.<\/p>\n<p>Las clasificadoras Sime-Tek son f\u00e1ciles de usar, fiables, vers\u00e1tiles y actualizadas, ofrecen una <strong>automatizaci\u00f3n completa<\/strong> del proceso de producci\u00f3n: desde la entrada del huevo a la m\u00e1quina, el miraje a trasluz, el pesaje (desde 8-12 categor\u00edas), el informe de datos y estad\u00edsticas y el empaque (en todo tipo de envase y bandeja).<\/p>\n<p>Est\u00e1n construidas con un <strong>concepto modular<\/strong> y se pueden personalizar para proporcionar a cada cliente una soluci\u00f3n a medida, espec\u00edfica para sus necesidades y situaciones \u00fanicas.<\/p>\n","protected":false},"excerpt":{"rendered":"<p>Compactas o ampliables, est\u00e1ndar o potenciadas,<br \/>\nautom\u00e1ticas o manuales, con capacidades<br \/>\nde producci\u00f3n que llegan hasta<br \/>\nun m\u00e1ximo de 90.000 huevos\/hora.<\/p>\n","protected":false},"author":1,"featured_media":2215,"parent":2203,"menu_order":0,"comment_status":"closed","ping_status":"closed","template":"page_CATEGORIA_PRODOTTO.php","meta":[],"acf":[],"yoast_head":"<!-- This site is optimized with the Yoast SEO plugin v20.7 - https:\/\/yoast.com\/wordpress\/plugins\/seo\/ -->\n<title>Clasificadoras de huevos - M\u00e1quinas autom\u00e1ticas para huevos | Sime-Tek<\/title>\n<meta name=\"description\" content=\"Las clasificadoras Sime-Tek son f\u00e1ciles de usar, fiables, vers\u00e1tiles y ofrecen una automatizaci\u00f3n completa. Fabricadas con un concepto modular, se pueden personalizar para cada cliente.\" \/>\n<meta name=\"robots\" content=\"index, follow, max-snippet:-1, max-image-preview:large, max-video-preview:-1\" \/>\n<link rel=\"canonical\" href=\"https:\/\/www.sime-tek.com\/es\/productos\/clasificadoras\/\" \/>\n<meta property=\"og:locale\" content=\"es_ES\" \/>\n<meta property=\"og:type\" content=\"article\" \/>\n<meta property=\"og:title\" content=\"Clasificadoras de huevos - M\u00e1quinas autom\u00e1ticas para huevos | Sime-Tek\" \/>\n<meta property=\"og:description\" content=\"Las clasificadoras Sime-Tek son f\u00e1ciles de usar, fiables, vers\u00e1tiles y ofrecen una automatizaci\u00f3n completa. Fabricadas con un concepto modular, se pueden personalizar para cada cliente.\" \/>\n<meta property=\"og:url\" content=\"https:\/\/www.sime-tek.com\/es\/productos\/clasificadoras\/\" \/>\n<meta property=\"og:site_name\" content=\"Sime-tek\" \/>\n<meta property=\"article:modified_time\" content=\"2022-10-11T12:37:44+00:00\" \/>\n<meta property=\"og:image\" content=\"https:\/\/www.sime-tek.com\/wp-content\/uploads\/2020\/10\/selezionatrici-uova-1.jpg\" \/>\n\t<meta property=\"og:image:width\" content=\"1244\" \/>\n\t<meta property=\"og:image:height\" content=\"440\" \/>\n\t<meta property=\"og:image:type\" content=\"image\/jpeg\" \/>\n<meta name=\"twitter:card\" content=\"summary_large_image\" \/>\n<meta name=\"twitter:label1\" content=\"Tiempo de lectura\" \/>\n\t<meta name=\"twitter:data1\" content=\"1 minuto\" \/>\n<script type=\"application\/ld+json\" class=\"yoast-schema-graph\">{\"@context\":\"https:\/\/schema.org\",\"@graph\":[{\"@type\":\"WebPage\",\"@id\":\"https:\/\/www.sime-tek.com\/es\/productos\/clasificadoras\/\",\"url\":\"https:\/\/www.sime-tek.com\/es\/productos\/clasificadoras\/\",\"name\":\"Clasificadoras de huevos - M\u00e1quinas autom\u00e1ticas para huevos | Sime-Tek\",\"isPartOf\":{\"@id\":\"https:\/\/www.sime-tek.com\/es\/#website\"},\"datePublished\":\"2020-10-20T08:17:02+00:00\",\"dateModified\":\"2022-10-11T12:37:44+00:00\",\"description\":\"Las clasificadoras Sime-Tek son f\u00e1ciles de usar, fiables, vers\u00e1tiles y ofrecen una automatizaci\u00f3n completa. Fabricadas con un concepto modular, se pueden personalizar para cada cliente.\",\"breadcrumb\":{\"@id\":\"https:\/\/www.sime-tek.com\/es\/productos\/clasificadoras\/#breadcrumb\"},\"inLanguage\":\"es\",\"potentialAction\":[{\"@type\":\"ReadAction\",\"target\":[\"https:\/\/www.sime-tek.com\/es\/productos\/clasificadoras\/\"]}]},{\"@type\":\"BreadcrumbList\",\"@id\":\"https:\/\/www.sime-tek.com\/es\/productos\/clasificadoras\/#breadcrumb\",\"itemListElement\":[{\"@type\":\"ListItem\",\"position\":1,\"name\":\"Home\",\"item\":\"https:\/\/www.sime-tek.com\/es\/home\/\"},{\"@type\":\"ListItem\",\"position\":2,\"name\":\"Productos\",\"item\":\"https:\/\/www.sime-tek.com\/es\/productos\/\"},{\"@type\":\"ListItem\",\"position\":3,\"name\":\"Clasificadoras\"}]},{\"@type\":\"WebSite\",\"@id\":\"https:\/\/www.sime-tek.com\/es\/#website\",\"url\":\"https:\/\/www.sime-tek.com\/es\/\",\"name\":\"Sime-tek\",\"description\":\"\",\"potentialAction\":[{\"@type\":\"SearchAction\",\"target\":{\"@type\":\"EntryPoint\",\"urlTemplate\":\"https:\/\/www.sime-tek.com\/es\/?s={search_term_string}\"},\"query-input\":\"required name=search_term_string\"}],\"inLanguage\":\"es\"}]}<\/script>\n<!-- \/ Yoast SEO plugin. -->","yoast_head_json":{"title":"Clasificadoras de huevos - M\u00e1quinas autom\u00e1ticas para huevos | Sime-Tek","description":"Las clasificadoras Sime-Tek son f\u00e1ciles de usar, fiables, vers\u00e1tiles y ofrecen una automatizaci\u00f3n completa. Fabricadas con un concepto modular, se pueden personalizar para cada cliente.","robots":{"index":"index","follow":"follow","max-snippet":"max-snippet:-1","max-image-preview":"max-image-preview:large","max-video-preview":"max-video-preview:-1"},"canonical":"https:\/\/www.sime-tek.com\/es\/productos\/clasificadoras\/","og_locale":"es_ES","og_type":"article","og_title":"Clasificadoras de huevos - M\u00e1quinas autom\u00e1ticas para huevos | Sime-Tek","og_description":"Las clasificadoras Sime-Tek son f\u00e1ciles de usar, fiables, vers\u00e1tiles y ofrecen una automatizaci\u00f3n completa. Fabricadas con un concepto modular, se pueden personalizar para cada cliente.","og_url":"https:\/\/www.sime-tek.com\/es\/productos\/clasificadoras\/","og_site_name":"Sime-tek","article_modified_time":"2022-10-11T12:37:44+00:00","og_image":[{"width":1244,"height":440,"url":"https:\/\/www.sime-tek.com\/wp-content\/uploads\/2020\/10\/selezionatrici-uova-1.jpg","type":"image\/jpeg"}],"twitter_card":"summary_large_image","twitter_misc":{"Tiempo de lectura":"1 minuto"},"schema":{"@context":"https:\/\/schema.org","@graph":[{"@type":"WebPage","@id":"https:\/\/www.sime-tek.com\/es\/productos\/clasificadoras\/","url":"https:\/\/www.sime-tek.com\/es\/productos\/clasificadoras\/","name":"Clasificadoras de huevos - M\u00e1quinas autom\u00e1ticas para huevos | Sime-Tek","isPartOf":{"@id":"https:\/\/www.sime-tek.com\/es\/#website"},"datePublished":"2020-10-20T08:17:02+00:00","dateModified":"2022-10-11T12:37:44+00:00","description":"Las clasificadoras Sime-Tek son f\u00e1ciles de usar, fiables, vers\u00e1tiles y ofrecen una automatizaci\u00f3n completa. Fabricadas con un concepto modular, se pueden personalizar para cada cliente.","breadcrumb":{"@id":"https:\/\/www.sime-tek.com\/es\/productos\/clasificadoras\/#breadcrumb"},"inLanguage":"es","potentialAction":[{"@type":"ReadAction","target":["https:\/\/www.sime-tek.com\/es\/productos\/clasificadoras\/"]}]},{"@type":"BreadcrumbList","@id":"https:\/\/www.sime-tek.com\/es\/productos\/clasificadoras\/#breadcrumb","itemListElement":[{"@type":"ListItem","position":1,"name":"Home","item":"https:\/\/www.sime-tek.com\/es\/home\/"},{"@type":"ListItem","position":2,"name":"Productos","item":"https:\/\/www.sime-tek.com\/es\/productos\/"},{"@type":"ListItem","position":3,"name":"Clasificadoras"}]},{"@type":"WebSite","@id":"https:\/\/www.sime-tek.com\/es\/#website","url":"https:\/\/www.sime-tek.com\/es\/","name":"Sime-tek","description":"","potentialAction":[{"@type":"SearchAction","target":{"@type":"EntryPoint","urlTemplate":"https:\/\/www.sime-tek.com\/es\/?s={search_term_string}"},"query-input":"required name=search_term_string"}],"inLanguage":"es"}]}},"wps_subtitle":"\u00bfQu\u00e9 est\u00e1s buscando?","_links":{"self":[{"href":"https:\/\/www.sime-tek.com\/es\/wp-json\/wp\/v2\/pages\/2213"}],"collection":[{"href":"https:\/\/www.sime-tek.com\/es\/wp-json\/wp\/v2\/pages"}],"about":[{"href":"https:\/\/www.sime-tek.com\/es\/wp-json\/wp\/v2\/types\/page"}],"author":[{"embeddable":true,"href":"https:\/\/www.sime-tek.com\/es\/wp-json\/wp\/v2\/users\/1"}],"replies":[{"embeddable":true,"href":"https:\/\/www.sime-tek.com\/es\/wp-json\/wp\/v2\/comments?post=2213"}],"version-history":[{"count":5,"href":"https:\/\/www.sime-tek.com\/es\/wp-json\/wp\/v2\/pages\/2213\/revisions"}],"predecessor-version":[{"id":3799,"href":"https:\/\/www.sime-tek.com\/es\/wp-json\/wp\/v2\/pages\/2213\/revisions\/3799"}],"up":[{"embeddable":true,"href":"https:\/\/www.sime-tek.com\/es\/wp-json\/wp\/v2\/pages\/2203"}],"wp:featuredmedia":[{"embeddable":true,"href":"https:\/\/www.sime-tek.com\/es\/wp-json\/wp\/v2\/media\/2215"}],"wp:attachment":[{"href":"https:\/\/www.sime-tek.com\/es\/wp-json\/wp\/v2\/media?parent=2213"}],"curies":[{"name":"wp","href":"https:\/\/api.w.org\/{rel}","templated":true}]}}