{"id":1586,"date":"2020-10-19T11:54:36","date_gmt":"2020-10-19T09:54:36","guid":{"rendered":"https:\/\/www.sime-tek.com\/home\/"},"modified":"2021-04-30T09:43:46","modified_gmt":"2021-04-30T07:43:46","slug":"home","status":"publish","type":"page","link":"https:\/\/www.sime-tek.com\/es\/","title":{"rendered":"Home"},"content":{"rendered":"<p>La investigaci\u00f3n tecnol\u00f3gica y la innovaci\u00f3n de dise\u00f1o de Sime-Tek garantizan<br \/>\n<strong>soluciones intuitivas y f\u00e1ciles de usar<\/strong>,<br \/>\nque se integran a la perfecci\u00f3n con los dem\u00e1s equipos y<br \/>\nactividades de producci\u00f3n de tu empresa.<\/p>\n","protected":false},"excerpt":{"rendered":"<p>La investigaci\u00f3n tecnol\u00f3gica y la innovaci\u00f3n de dise\u00f1o de Sime-Tek garantizan soluciones intuitivas y f\u00e1ciles de usar, que se integran a la perfecci\u00f3n con los dem\u00e1s equipos y actividades de producci\u00f3n de tu empresa.<\/p>\n","protected":false},"author":1,"featured_media":0,"parent":0,"menu_order":0,"comment_status":"closed","ping_status":"closed","template":"page_HOME.php","meta":[],"acf":[],"yoast_head":"<!-- This site is optimized with the Yoast SEO plugin v20.7 - https:\/\/yoast.com\/wordpress\/plugins\/seo\/ -->\n<title>M\u00e1quinas clasificadoras para huevos, empacadoras para huevos, m\u00e1quinas de carga de huevos | Sime-Tek<\/title>\n<meta name=\"description\" content=\"Sime-Tek es el l\u00edder italiano y europeo en el dise\u00f1o y la producci\u00f3n de sistemas para la selecci\u00f3n y recogida de huevos de tama\u00f1o peque\u00f1o y mediano.\" \/>\n<meta name=\"robots\" content=\"index, follow, max-snippet:-1, max-image-preview:large, max-video-preview:-1\" \/>\n<link rel=\"canonical\" href=\"https:\/\/www.sime-tek.com\/es\/\" \/>\n<meta property=\"og:locale\" content=\"es_ES\" \/>\n<meta property=\"og:type\" content=\"article\" \/>\n<meta property=\"og:title\" content=\"M\u00e1quinas clasificadoras para huevos, empacadoras para huevos, m\u00e1quinas de carga de huevos | Sime-Tek\" \/>\n<meta property=\"og:description\" content=\"Sime-Tek es el l\u00edder italiano y europeo en el dise\u00f1o y la producci\u00f3n de sistemas para la selecci\u00f3n y recogida de huevos de tama\u00f1o peque\u00f1o y mediano.\" \/>\n<meta property=\"og:url\" content=\"https:\/\/www.sime-tek.com\/es\/\" \/>\n<meta property=\"og:site_name\" content=\"Sime-tek\" \/>\n<meta property=\"article:modified_time\" content=\"2021-04-30T07:43:46+00:00\" \/>\n<meta name=\"twitter:card\" content=\"summary_large_image\" \/>\n<meta name=\"twitter:label1\" content=\"Tiempo de lectura\" \/>\n\t<meta name=\"twitter:data1\" content=\"1 minuto\" \/>\n<script type=\"application\/ld+json\" class=\"yoast-schema-graph\">{\"@context\":\"https:\/\/schema.org\",\"@graph\":[{\"@type\":\"WebPage\",\"@id\":\"https:\/\/www.sime-tek.com\/es\/\",\"url\":\"https:\/\/www.sime-tek.com\/es\/\",\"name\":\"M\u00e1quinas clasificadoras para huevos, empacadoras para huevos, m\u00e1quinas de carga de huevos | Sime-Tek\",\"isPartOf\":{\"@id\":\"https:\/\/www.sime-tek.com\/es\/#website\"},\"datePublished\":\"2020-10-19T09:54:36+00:00\",\"dateModified\":\"2021-04-30T07:43:46+00:00\",\"description\":\"Sime-Tek es el l\u00edder italiano y europeo en el dise\u00f1o y la producci\u00f3n de sistemas para la selecci\u00f3n y recogida de huevos de tama\u00f1o peque\u00f1o y mediano.\",\"breadcrumb\":{\"@id\":\"https:\/\/www.sime-tek.com\/es\/#breadcrumb\"},\"inLanguage\":\"es\",\"potentialAction\":[{\"@type\":\"ReadAction\",\"target\":[\"https:\/\/www.sime-tek.com\/es\/\"]}]},{\"@type\":\"BreadcrumbList\",\"@id\":\"https:\/\/www.sime-tek.com\/es\/#breadcrumb\",\"itemListElement\":[{\"@type\":\"ListItem\",\"position\":1,\"name\":\"Home\",\"item\":\"https:\/\/www.sime-tek.com\/es\/home\/\"},{\"@type\":\"ListItem\",\"position\":2,\"name\":\"Home\"}]},{\"@type\":\"WebSite\",\"@id\":\"https:\/\/www.sime-tek.com\/es\/#website\",\"url\":\"https:\/\/www.sime-tek.com\/es\/\",\"name\":\"Sime-tek\",\"description\":\"\",\"potentialAction\":[{\"@type\":\"SearchAction\",\"target\":{\"@type\":\"EntryPoint\",\"urlTemplate\":\"https:\/\/www.sime-tek.com\/es\/?s={search_term_string}\"},\"query-input\":\"required name=search_term_string\"}],\"inLanguage\":\"es\"}]}<\/script>\n<!-- \/ Yoast SEO plugin. -->","yoast_head_json":{"title":"M\u00e1quinas clasificadoras para huevos, empacadoras para huevos, m\u00e1quinas de carga de huevos | Sime-Tek","description":"Sime-Tek es el l\u00edder italiano y europeo en el dise\u00f1o y la producci\u00f3n de sistemas para la selecci\u00f3n y recogida de huevos de tama\u00f1o peque\u00f1o y mediano.","robots":{"index":"index","follow":"follow","max-snippet":"max-snippet:-1","max-image-preview":"max-image-preview:large","max-video-preview":"max-video-preview:-1"},"canonical":"https:\/\/www.sime-tek.com\/es\/","og_locale":"es_ES","og_type":"article","og_title":"M\u00e1quinas clasificadoras para huevos, empacadoras para huevos, m\u00e1quinas de carga de huevos | Sime-Tek","og_description":"Sime-Tek es el l\u00edder italiano y europeo en el dise\u00f1o y la producci\u00f3n de sistemas para la selecci\u00f3n y recogida de huevos de tama\u00f1o peque\u00f1o y mediano.","og_url":"https:\/\/www.sime-tek.com\/es\/","og_site_name":"Sime-tek","article_modified_time":"2021-04-30T07:43:46+00:00","twitter_card":"summary_large_image","twitter_misc":{"Tiempo de lectura":"1 minuto"},"schema":{"@context":"https:\/\/schema.org","@graph":[{"@type":"WebPage","@id":"https:\/\/www.sime-tek.com\/es\/","url":"https:\/\/www.sime-tek.com\/es\/","name":"M\u00e1quinas clasificadoras para huevos, empacadoras para huevos, m\u00e1quinas de carga de huevos | Sime-Tek","isPartOf":{"@id":"https:\/\/www.sime-tek.com\/es\/#website"},"datePublished":"2020-10-19T09:54:36+00:00","dateModified":"2021-04-30T07:43:46+00:00","description":"Sime-Tek es el l\u00edder italiano y europeo en el dise\u00f1o y la producci\u00f3n de sistemas para la selecci\u00f3n y recogida de huevos de tama\u00f1o peque\u00f1o y mediano.","breadcrumb":{"@id":"https:\/\/www.sime-tek.com\/es\/#breadcrumb"},"inLanguage":"es","potentialAction":[{"@type":"ReadAction","target":["https:\/\/www.sime-tek.com\/es\/"]}]},{"@type":"BreadcrumbList","@id":"https:\/\/www.sime-tek.com\/es\/#breadcrumb","itemListElement":[{"@type":"ListItem","position":1,"name":"Home","item":"https:\/\/www.sime-tek.com\/es\/home\/"},{"@type":"ListItem","position":2,"name":"Home"}]},{"@type":"WebSite","@id":"https:\/\/www.sime-tek.com\/es\/#website","url":"https:\/\/www.sime-tek.com\/es\/","name":"Sime-tek","description":"","potentialAction":[{"@type":"SearchAction","target":{"@type":"EntryPoint","urlTemplate":"https:\/\/www.sime-tek.com\/es\/?s={search_term_string}"},"query-input":"required name=search_term_string"}],"inLanguage":"es"}]}},"wps_subtitle":"","_links":{"self":[{"href":"https:\/\/www.sime-tek.com\/es\/wp-json\/wp\/v2\/pages\/1586"}],"collection":[{"href":"https:\/\/www.sime-tek.com\/es\/wp-json\/wp\/v2\/pages"}],"about":[{"href":"https:\/\/www.sime-tek.com\/es\/wp-json\/wp\/v2\/types\/page"}],"author":[{"embeddable":true,"href":"https:\/\/www.sime-tek.com\/es\/wp-json\/wp\/v2\/users\/1"}],"replies":[{"embeddable":true,"href":"https:\/\/www.sime-tek.com\/es\/wp-json\/wp\/v2\/comments?post=1586"}],"version-history":[{"count":2,"href":"https:\/\/www.sime-tek.com\/es\/wp-json\/wp\/v2\/pages\/1586\/revisions"}],"predecessor-version":[{"id":2183,"href":"https:\/\/www.sime-tek.com\/es\/wp-json\/wp\/v2\/pages\/1586\/revisions\/2183"}],"wp:attachment":[{"href":"https:\/\/www.sime-tek.com\/es\/wp-json\/wp\/v2\/media?parent=1586"}],"curies":[{"name":"wp","href":"https:\/\/api.w.org\/{rel}","templated":true}]}}