{"id":2382,"date":"2020-10-22T17:08:18","date_gmt":"2020-10-22T15:08:18","guid":{"rendered":"https:\/\/www.sime-tek.com\/usato-ricondizionato-e-garantito\/"},"modified":"2022-07-08T11:45:54","modified_gmt":"2022-07-08T09:45:54","slug":"gebraucht-ueberholt-und-garantiert","status":"publish","type":"page","link":"https:\/\/www.sime-tek.com\/de\/gebraucht-ueberholt-und-garantiert\/","title":{"rendered":"Gebraucht, \u00fcberholt und garantiert"},"content":{"rendered":"<p class=\"p1\">In regelm\u00e4\u00dfigen Abst\u00e4nden haben wir einige Modelle aus zweiter Hand im Angebot. Bei<br \/>\nder General\u00fcberholung \u00fcberpr\u00fcfen unsere Techniker die gesamte Maschine gr\u00fcndlich,<br \/>\num die richtige Funktion und den Verschlei\u00dfzustand jeder Komponente festzustellen.<br \/>\nSelbstverst\u00e4ndlich f\u00fchren wir die notwendigen \u00c4nderungen oder den Austausch durch<br \/>\nund geben eine Standardgarantie von 1 Jahr auf unsere Gebrauchtger\u00e4te, genau wie<br \/>\nauf unsere Neuger\u00e4te.<\/p>\n","protected":false},"excerpt":{"rendered":"<p>Ein gebrauchtes und \u00fcberholtes Produkt ist eine sehr gute M\u00f6glichkeit f\u00fcr diejenigen, die ihre\u2028<br \/>\nAnlagenflotte zu geringeren Kosten erneuern m\u00f6chten. Jede Maschine, die<br \/>\n\u2028von Sime-Tek \u00fcberholt wurde, wurde gepr\u00fcft und getestet und unterliegt der Garantie.<br \/>\n<strong> Erfahren Sie mehr \u00fcber die Bedingungen und verf\u00fcgbaren Produkte.<\/strong><\/p>\n","protected":false},"author":1,"featured_media":0,"parent":0,"menu_order":0,"comment_status":"closed","ping_status":"closed","template":"page_USATO.php","meta":[],"acf":[],"yoast_head":"<!-- This site is optimized with the Yoast SEO plugin v20.7 - https:\/\/yoast.com\/wordpress\/plugins\/seo\/ -->\n<title>Gebraucht, \u00fcberholt und garantiert - Sime-tek<\/title>\n<meta name=\"robots\" content=\"index, follow, max-snippet:-1, max-image-preview:large, max-video-preview:-1\" \/>\n<link rel=\"canonical\" href=\"https:\/\/www.sime-tek.com\/de\/gebraucht-ueberholt-und-garantiert\/\" \/>\n<meta property=\"og:locale\" content=\"de_DE\" \/>\n<meta property=\"og:type\" content=\"article\" \/>\n<meta property=\"og:title\" content=\"Gebraucht, \u00fcberholt und garantiert - Sime-tek\" \/>\n<meta property=\"og:description\" content=\"Ein gebrauchtes und \u00fcberholtes Produkt ist eine sehr gute M\u00f6glichkeit f\u00fcr diejenigen, die ihre\u2028 Anlagenflotte zu geringeren Kosten erneuern m\u00f6chten. Jede Maschine, die \u2028von Sime-Tek \u00fcberholt wurde, wurde gepr\u00fcft und getestet und unterliegt der Garantie.  Erfahren Sie mehr \u00fcber die Bedingungen und verf\u00fcgbaren Produkte.\" \/>\n<meta property=\"og:url\" content=\"https:\/\/www.sime-tek.com\/de\/gebraucht-ueberholt-und-garantiert\/\" \/>\n<meta property=\"og:site_name\" content=\"Sime-tek\" \/>\n<meta property=\"article:modified_time\" content=\"2022-07-08T09:45:54+00:00\" \/>\n<meta name=\"twitter:card\" content=\"summary_large_image\" \/>\n<meta name=\"twitter:label1\" content=\"Gesch\u00e4tzte Lesezeit\" \/>\n\t<meta name=\"twitter:data1\" content=\"1 Minute\" \/>\n<script type=\"application\/ld+json\" class=\"yoast-schema-graph\">{\"@context\":\"https:\/\/schema.org\",\"@graph\":[{\"@type\":\"WebPage\",\"@id\":\"https:\/\/www.sime-tek.com\/de\/gebraucht-ueberholt-und-garantiert\/\",\"url\":\"https:\/\/www.sime-tek.com\/de\/gebraucht-ueberholt-und-garantiert\/\",\"name\":\"Gebraucht, \u00fcberholt und garantiert - Sime-tek\",\"isPartOf\":{\"@id\":\"https:\/\/www.sime-tek.com\/de\/#website\"},\"datePublished\":\"2020-10-22T15:08:18+00:00\",\"dateModified\":\"2022-07-08T09:45:54+00:00\",\"breadcrumb\":{\"@id\":\"https:\/\/www.sime-tek.com\/de\/gebraucht-ueberholt-und-garantiert\/#breadcrumb\"},\"inLanguage\":\"de-DE\",\"potentialAction\":[{\"@type\":\"ReadAction\",\"target\":[\"https:\/\/www.sime-tek.com\/de\/gebraucht-ueberholt-und-garantiert\/\"]}]},{\"@type\":\"BreadcrumbList\",\"@id\":\"https:\/\/www.sime-tek.com\/de\/gebraucht-ueberholt-und-garantiert\/#breadcrumb\",\"itemListElement\":[{\"@type\":\"ListItem\",\"position\":1,\"name\":\"Home\",\"item\":\"https:\/\/www.sime-tek.com\/de\/home\/\"},{\"@type\":\"ListItem\",\"position\":2,\"name\":\"Gebraucht, \u00fcberholt und garantiert\"}]},{\"@type\":\"WebSite\",\"@id\":\"https:\/\/www.sime-tek.com\/de\/#website\",\"url\":\"https:\/\/www.sime-tek.com\/de\/\",\"name\":\"Sime-tek\",\"description\":\"\",\"potentialAction\":[{\"@type\":\"SearchAction\",\"target\":{\"@type\":\"EntryPoint\",\"urlTemplate\":\"https:\/\/www.sime-tek.com\/de\/?s={search_term_string}\"},\"query-input\":\"required name=search_term_string\"}],\"inLanguage\":\"de-DE\"}]}<\/script>\n<!-- \/ Yoast SEO plugin. -->","yoast_head_json":{"title":"Gebraucht, \u00fcberholt und garantiert - Sime-tek","robots":{"index":"index","follow":"follow","max-snippet":"max-snippet:-1","max-image-preview":"max-image-preview:large","max-video-preview":"max-video-preview:-1"},"canonical":"https:\/\/www.sime-tek.com\/de\/gebraucht-ueberholt-und-garantiert\/","og_locale":"de_DE","og_type":"article","og_title":"Gebraucht, \u00fcberholt und garantiert - Sime-tek","og_description":"Ein gebrauchtes und \u00fcberholtes Produkt ist eine sehr gute M\u00f6glichkeit f\u00fcr diejenigen, die ihre\u2028 Anlagenflotte zu geringeren Kosten erneuern m\u00f6chten. Jede Maschine, die \u2028von Sime-Tek \u00fcberholt wurde, wurde gepr\u00fcft und getestet und unterliegt der Garantie.  Erfahren Sie mehr \u00fcber die Bedingungen und verf\u00fcgbaren Produkte.","og_url":"https:\/\/www.sime-tek.com\/de\/gebraucht-ueberholt-und-garantiert\/","og_site_name":"Sime-tek","article_modified_time":"2022-07-08T09:45:54+00:00","twitter_card":"summary_large_image","twitter_misc":{"Gesch\u00e4tzte Lesezeit":"1 Minute"},"schema":{"@context":"https:\/\/schema.org","@graph":[{"@type":"WebPage","@id":"https:\/\/www.sime-tek.com\/de\/gebraucht-ueberholt-und-garantiert\/","url":"https:\/\/www.sime-tek.com\/de\/gebraucht-ueberholt-und-garantiert\/","name":"Gebraucht, \u00fcberholt und garantiert - Sime-tek","isPartOf":{"@id":"https:\/\/www.sime-tek.com\/de\/#website"},"datePublished":"2020-10-22T15:08:18+00:00","dateModified":"2022-07-08T09:45:54+00:00","breadcrumb":{"@id":"https:\/\/www.sime-tek.com\/de\/gebraucht-ueberholt-und-garantiert\/#breadcrumb"},"inLanguage":"de-DE","potentialAction":[{"@type":"ReadAction","target":["https:\/\/www.sime-tek.com\/de\/gebraucht-ueberholt-und-garantiert\/"]}]},{"@type":"BreadcrumbList","@id":"https:\/\/www.sime-tek.com\/de\/gebraucht-ueberholt-und-garantiert\/#breadcrumb","itemListElement":[{"@type":"ListItem","position":1,"name":"Home","item":"https:\/\/www.sime-tek.com\/de\/home\/"},{"@type":"ListItem","position":2,"name":"Gebraucht, \u00fcberholt und garantiert"}]},{"@type":"WebSite","@id":"https:\/\/www.sime-tek.com\/de\/#website","url":"https:\/\/www.sime-tek.com\/de\/","name":"Sime-tek","description":"","potentialAction":[{"@type":"SearchAction","target":{"@type":"EntryPoint","urlTemplate":"https:\/\/www.sime-tek.com\/de\/?s={search_term_string}"},"query-input":"required name=search_term_string"}],"inLanguage":"de-DE"}]}},"wps_subtitle":"Zertifizierte Gebrauchtmaschinen","_links":{"self":[{"href":"https:\/\/www.sime-tek.com\/de\/wp-json\/wp\/v2\/pages\/2382"}],"collection":[{"href":"https:\/\/www.sime-tek.com\/de\/wp-json\/wp\/v2\/pages"}],"about":[{"href":"https:\/\/www.sime-tek.com\/de\/wp-json\/wp\/v2\/types\/page"}],"author":[{"embeddable":true,"href":"https:\/\/www.sime-tek.com\/de\/wp-json\/wp\/v2\/users\/1"}],"replies":[{"embeddable":true,"href":"https:\/\/www.sime-tek.com\/de\/wp-json\/wp\/v2\/comments?post=2382"}],"version-history":[{"count":4,"href":"https:\/\/www.sime-tek.com\/de\/wp-json\/wp\/v2\/pages\/2382\/revisions"}],"predecessor-version":[{"id":3587,"href":"https:\/\/www.sime-tek.com\/de\/wp-json\/wp\/v2\/pages\/2382\/revisions\/3587"}],"wp:attachment":[{"href":"https:\/\/www.sime-tek.com\/de\/wp-json\/wp\/v2\/media?parent=2382"}],"curies":[{"name":"wp","href":"https:\/\/api.w.org\/{rel}","templated":true}]}}