{"id":2374,"date":"2020-10-19T13:00:05","date_gmt":"2020-10-19T11:00:05","guid":{"rendered":"https:\/\/www.sime-tek.com\/tecnologia\/"},"modified":"2021-05-25T10:03:25","modified_gmt":"2021-05-25T08:03:25","slug":"technologie","status":"publish","type":"page","link":"https:\/\/www.sime-tek.com\/de\/technologie\/","title":{"rendered":"Technologie"},"content":{"rendered":"<p class=\"p1\">Das Sime-Tek-Betriebssystem beruht auf den im Textilsektor gesammelten Erfahrungen<br \/>\nbevor wir 1995 in die Eierverpackungsbranche eingestiegen sind.<\/p>\n<p class=\"p1\">Wie in der Textilindustrie m\u00fcssen auch in der Gefl\u00fcgelindustrie die Produktionssysteme den Dauerbetrieb gew\u00e4hrleisten,<br \/>\num die <b>Investitionen zu maximieren und die Arbeitskosten<\/b> zu senken.<\/p>\n<p class=\"p1\">Gerade wegen dieser Arbeitseinstellung haben sich Sime-Tek-Maschinen im Laufe der Jahre<br \/>\n<b>wegen ihrer Produktionseffizienz und Benutzerfreundlichkeit als einzigartig erwiesen.<\/b><\/p>\n<p class=\"p1\">Durch <b>einfachere Komponenten<\/b> und einen \u00e4u\u00dferst intuitiven <b>Arbeitsprozess<\/b><br \/>\nsind Sime-Tek-Maschinen auch f\u00fcr Einsteiger in der Gefl\u00fcgelhaltung geeignet.<\/p>\n","protected":false},"excerpt":{"rendered":"<p>Das Sime-Tek-Betriebssystem beruht auf den im Textilsektor gesammelten Erfahrungen bevor wir 1995 in die Eierverpackungsbranche eingestiegen sind. Wie in der Textilindustrie m\u00fcssen auch in der Gefl\u00fcgelindustrie die Produktionssysteme den Dauerbetrieb gew\u00e4hrleisten, um die Investitionen zu maximieren und die Arbeitskosten zu senken. Gerade wegen dieser Arbeitseinstellung haben sich Sime-Tek-Maschinen im Laufe der Jahre wegen ihrer Produktionseffizienz [&hellip;]<\/p>\n","protected":false},"author":1,"featured_media":2375,"parent":0,"menu_order":0,"comment_status":"closed","ping_status":"closed","template":"page_TECNOLOGIA.php","meta":[],"acf":[],"yoast_head":"<!-- This site is optimized with the Yoast SEO plugin v20.7 - https:\/\/yoast.com\/wordpress\/plugins\/seo\/ -->\n<title>Automatische Bildverarbeitungssysteme, und Zubeh\u00f6r f\u00fcr die Eierproduktion, Eierkontrollsysteme | Sime-Tek<\/title>\n<meta name=\"description\" content=\"Unsere Produktionssysteme gew\u00e4hrleisten eine kontinuierliche, ununterbrochene Produktion, um die Investitionen zu maximieren und die Produktionskosten zu senken.\" \/>\n<meta name=\"robots\" content=\"index, follow, max-snippet:-1, max-image-preview:large, max-video-preview:-1\" \/>\n<link rel=\"canonical\" href=\"https:\/\/www.sime-tek.com\/de\/technologie\/\" \/>\n<meta property=\"og:locale\" content=\"de_DE\" \/>\n<meta property=\"og:type\" content=\"article\" \/>\n<meta property=\"og:title\" content=\"Automatische Bildverarbeitungssysteme, und Zubeh\u00f6r f\u00fcr die Eierproduktion, Eierkontrollsysteme | Sime-Tek\" \/>\n<meta property=\"og:description\" content=\"Unsere Produktionssysteme gew\u00e4hrleisten eine kontinuierliche, ununterbrochene Produktion, um die Investitionen zu maximieren und die Produktionskosten zu senken.\" \/>\n<meta property=\"og:url\" content=\"https:\/\/www.sime-tek.com\/de\/technologie\/\" \/>\n<meta property=\"og:site_name\" content=\"Sime-tek\" \/>\n<meta property=\"article:modified_time\" content=\"2021-05-25T08:03:25+00:00\" \/>\n<meta property=\"og:image\" content=\"https:\/\/www.sime-tek.com\/wp-content\/uploads\/2020\/10\/tecnologia.jpg\" \/>\n\t<meta property=\"og:image:width\" content=\"1920\" \/>\n\t<meta property=\"og:image:height\" content=\"1327\" \/>\n\t<meta property=\"og:image:type\" content=\"image\/jpeg\" \/>\n<meta name=\"twitter:card\" content=\"summary_large_image\" \/>\n<meta name=\"twitter:label1\" content=\"Gesch\u00e4tzte Lesezeit\" \/>\n\t<meta name=\"twitter:data1\" content=\"1 Minute\" \/>\n<script type=\"application\/ld+json\" class=\"yoast-schema-graph\">{\"@context\":\"https:\/\/schema.org\",\"@graph\":[{\"@type\":\"WebPage\",\"@id\":\"https:\/\/www.sime-tek.com\/de\/technologie\/\",\"url\":\"https:\/\/www.sime-tek.com\/de\/technologie\/\",\"name\":\"Automatische Bildverarbeitungssysteme, und Zubeh\u00f6r f\u00fcr die Eierproduktion, Eierkontrollsysteme | Sime-Tek\",\"isPartOf\":{\"@id\":\"https:\/\/www.sime-tek.com\/de\/#website\"},\"datePublished\":\"2020-10-19T11:00:05+00:00\",\"dateModified\":\"2021-05-25T08:03:25+00:00\",\"description\":\"Unsere Produktionssysteme gew\u00e4hrleisten eine kontinuierliche, ununterbrochene Produktion, um die Investitionen zu maximieren und die Produktionskosten zu senken.\",\"breadcrumb\":{\"@id\":\"https:\/\/www.sime-tek.com\/de\/technologie\/#breadcrumb\"},\"inLanguage\":\"de-DE\",\"potentialAction\":[{\"@type\":\"ReadAction\",\"target\":[\"https:\/\/www.sime-tek.com\/de\/technologie\/\"]}]},{\"@type\":\"BreadcrumbList\",\"@id\":\"https:\/\/www.sime-tek.com\/de\/technologie\/#breadcrumb\",\"itemListElement\":[{\"@type\":\"ListItem\",\"position\":1,\"name\":\"Home\",\"item\":\"https:\/\/www.sime-tek.com\/de\/home\/\"},{\"@type\":\"ListItem\",\"position\":2,\"name\":\"Technologie\"}]},{\"@type\":\"WebSite\",\"@id\":\"https:\/\/www.sime-tek.com\/de\/#website\",\"url\":\"https:\/\/www.sime-tek.com\/de\/\",\"name\":\"Sime-tek\",\"description\":\"\",\"potentialAction\":[{\"@type\":\"SearchAction\",\"target\":{\"@type\":\"EntryPoint\",\"urlTemplate\":\"https:\/\/www.sime-tek.com\/de\/?s={search_term_string}\"},\"query-input\":\"required name=search_term_string\"}],\"inLanguage\":\"de-DE\"}]}<\/script>\n<!-- \/ Yoast SEO plugin. -->","yoast_head_json":{"title":"Automatische Bildverarbeitungssysteme, und Zubeh\u00f6r f\u00fcr die Eierproduktion, Eierkontrollsysteme | Sime-Tek","description":"Unsere Produktionssysteme gew\u00e4hrleisten eine kontinuierliche, ununterbrochene Produktion, um die Investitionen zu maximieren und die Produktionskosten zu senken.","robots":{"index":"index","follow":"follow","max-snippet":"max-snippet:-1","max-image-preview":"max-image-preview:large","max-video-preview":"max-video-preview:-1"},"canonical":"https:\/\/www.sime-tek.com\/de\/technologie\/","og_locale":"de_DE","og_type":"article","og_title":"Automatische Bildverarbeitungssysteme, und Zubeh\u00f6r f\u00fcr die Eierproduktion, Eierkontrollsysteme | Sime-Tek","og_description":"Unsere Produktionssysteme gew\u00e4hrleisten eine kontinuierliche, ununterbrochene Produktion, um die Investitionen zu maximieren und die Produktionskosten zu senken.","og_url":"https:\/\/www.sime-tek.com\/de\/technologie\/","og_site_name":"Sime-tek","article_modified_time":"2021-05-25T08:03:25+00:00","og_image":[{"width":1920,"height":1327,"url":"https:\/\/www.sime-tek.com\/wp-content\/uploads\/2020\/10\/tecnologia.jpg","type":"image\/jpeg"}],"twitter_card":"summary_large_image","twitter_misc":{"Gesch\u00e4tzte Lesezeit":"1 Minute"},"schema":{"@context":"https:\/\/schema.org","@graph":[{"@type":"WebPage","@id":"https:\/\/www.sime-tek.com\/de\/technologie\/","url":"https:\/\/www.sime-tek.com\/de\/technologie\/","name":"Automatische Bildverarbeitungssysteme, und Zubeh\u00f6r f\u00fcr die Eierproduktion, Eierkontrollsysteme | Sime-Tek","isPartOf":{"@id":"https:\/\/www.sime-tek.com\/de\/#website"},"datePublished":"2020-10-19T11:00:05+00:00","dateModified":"2021-05-25T08:03:25+00:00","description":"Unsere Produktionssysteme gew\u00e4hrleisten eine kontinuierliche, ununterbrochene Produktion, um die Investitionen zu maximieren und die Produktionskosten zu senken.","breadcrumb":{"@id":"https:\/\/www.sime-tek.com\/de\/technologie\/#breadcrumb"},"inLanguage":"de-DE","potentialAction":[{"@type":"ReadAction","target":["https:\/\/www.sime-tek.com\/de\/technologie\/"]}]},{"@type":"BreadcrumbList","@id":"https:\/\/www.sime-tek.com\/de\/technologie\/#breadcrumb","itemListElement":[{"@type":"ListItem","position":1,"name":"Home","item":"https:\/\/www.sime-tek.com\/de\/home\/"},{"@type":"ListItem","position":2,"name":"Technologie"}]},{"@type":"WebSite","@id":"https:\/\/www.sime-tek.com\/de\/#website","url":"https:\/\/www.sime-tek.com\/de\/","name":"Sime-tek","description":"","potentialAction":[{"@type":"SearchAction","target":{"@type":"EntryPoint","urlTemplate":"https:\/\/www.sime-tek.com\/de\/?s={search_term_string}"},"query-input":"required name=search_term_string"}],"inLanguage":"de-DE"}]}},"wps_subtitle":"Sime-Tek-Technologie","_links":{"self":[{"href":"https:\/\/www.sime-tek.com\/de\/wp-json\/wp\/v2\/pages\/2374"}],"collection":[{"href":"https:\/\/www.sime-tek.com\/de\/wp-json\/wp\/v2\/pages"}],"about":[{"href":"https:\/\/www.sime-tek.com\/de\/wp-json\/wp\/v2\/types\/page"}],"author":[{"embeddable":true,"href":"https:\/\/www.sime-tek.com\/de\/wp-json\/wp\/v2\/users\/1"}],"replies":[{"embeddable":true,"href":"https:\/\/www.sime-tek.com\/de\/wp-json\/wp\/v2\/comments?post=2374"}],"version-history":[{"count":3,"href":"https:\/\/www.sime-tek.com\/de\/wp-json\/wp\/v2\/pages\/2374\/revisions"}],"predecessor-version":[{"id":3229,"href":"https:\/\/www.sime-tek.com\/de\/wp-json\/wp\/v2\/pages\/2374\/revisions\/3229"}],"wp:featuredmedia":[{"embeddable":true,"href":"https:\/\/www.sime-tek.com\/de\/wp-json\/wp\/v2\/media\/2375"}],"wp:attachment":[{"href":"https:\/\/www.sime-tek.com\/de\/wp-json\/wp\/v2\/media?parent=2374"}],"curies":[{"name":"wp","href":"https:\/\/api.w.org\/{rel}","templated":true}]}}