{"id":2346,"date":"2020-10-21T16:48:49","date_gmt":"2020-10-21T14:48:49","guid":{"rendered":"https:\/\/www.sime-tek.com\/prodotti\/imballatrici\/idrapack-re\/"},"modified":"2026-02-25T11:18:21","modified_gmt":"2026-02-25T10:18:21","slug":"idrapack-re","status":"publish","type":"page","link":"https:\/\/www.sime-tek.com\/de\/produkte\/verpackungsmaschinen\/idrapack-re\/","title":{"rendered":"Idrapack-re"},"content":{"rendered":"<p class=\"p1\">In F\u00e4llen, in denen das Wiegen nicht vorgeschrieben ist oder nicht zu Ihrem Gesch\u00e4ft geh\u00f6rt<br \/>\nkann IDRAPACK-RE den Prozess der Sammlung und Verpackung der<br \/>\nEier f\u00fcr den Endverbraucher <b>automatisieren<\/b> und spart somit Zeit,<br \/>\nbietet <b>h\u00f6here Qualit\u00e4t <\/b>des Endprodukts und maximale Betriebssicherheit.<br \/>\nSo stellen Sie sicher, dass Sie Ihre <b>Produktionskosten optimieren<\/b> und das mit niedriger<br \/>\nAnfangsinvestition.<\/p>\n","protected":false},"excerpt":{"rendered":"<p>Verpackungsmaschine Sime-Tek<br \/>\nmit einer Kapazit\u00e4t von 25.000 Eiern\/Stunde.<\/p>\n","protected":false},"author":1,"featured_media":2347,"parent":2307,"menu_order":4,"comment_status":"closed","ping_status":"closed","template":"page_SCHEDA_PRODOTTO.php","meta":[],"acf":[],"yoast_head":"<!-- This site is optimized with the Yoast SEO plugin v20.7 - https:\/\/yoast.com\/wordpress\/plugins\/seo\/ -->\n<title>Idrapack-Re - Eierverpackungsmaschine - 25.000 Eier\/Stunde | Sime-Tek<\/title>\n<meta name=\"description\" content=\"Diese Verpackungsmaschine erm\u00f6glicht eine sichere und zuverl\u00e4ssige Verpackung von bereits sortierten Eiern, bei denen keine Sortierung vorgeschrieben ist, oder in BIO-Gefl\u00fcgelbetrieben.\" \/>\n<meta name=\"robots\" content=\"index, follow, max-snippet:-1, max-image-preview:large, max-video-preview:-1\" \/>\n<link rel=\"canonical\" href=\"https:\/\/www.sime-tek.com\/de\/produkte\/verpackungsmaschinen\/idrapack-re\/\" \/>\n<meta property=\"og:locale\" content=\"de_DE\" \/>\n<meta property=\"og:type\" content=\"article\" \/>\n<meta property=\"og:title\" content=\"Idrapack-Re - Eierverpackungsmaschine - 25.000 Eier\/Stunde | Sime-Tek\" \/>\n<meta property=\"og:description\" content=\"Diese Verpackungsmaschine erm\u00f6glicht eine sichere und zuverl\u00e4ssige Verpackung von bereits sortierten Eiern, bei denen keine Sortierung vorgeschrieben ist, oder in BIO-Gefl\u00fcgelbetrieben.\" \/>\n<meta property=\"og:url\" content=\"https:\/\/www.sime-tek.com\/de\/produkte\/verpackungsmaschinen\/idrapack-re\/\" \/>\n<meta property=\"og:site_name\" content=\"Sime-tek\" \/>\n<meta property=\"article:modified_time\" content=\"2026-02-25T10:18:21+00:00\" \/>\n<meta property=\"og:image\" content=\"https:\/\/www.sime-tek.com\/wp-content\/uploads\/2021\/01\/idrapackre.png\" \/>\n\t<meta property=\"og:image:width\" content=\"1200\" \/>\n\t<meta property=\"og:image:height\" content=\"616\" \/>\n\t<meta property=\"og:image:type\" content=\"image\/png\" \/>\n<meta name=\"twitter:card\" content=\"summary_large_image\" \/>\n<meta name=\"twitter:label1\" content=\"Gesch\u00e4tzte Lesezeit\" \/>\n\t<meta name=\"twitter:data1\" content=\"1 Minute\" \/>\n<script type=\"application\/ld+json\" class=\"yoast-schema-graph\">{\"@context\":\"https:\/\/schema.org\",\"@graph\":[{\"@type\":\"WebPage\",\"@id\":\"https:\/\/www.sime-tek.com\/de\/produkte\/verpackungsmaschinen\/idrapack-re\/\",\"url\":\"https:\/\/www.sime-tek.com\/de\/produkte\/verpackungsmaschinen\/idrapack-re\/\",\"name\":\"Idrapack-Re - Eierverpackungsmaschine - 25.000 Eier\/Stunde | Sime-Tek\",\"isPartOf\":{\"@id\":\"https:\/\/www.sime-tek.com\/de\/#website\"},\"datePublished\":\"2020-10-21T14:48:49+00:00\",\"dateModified\":\"2026-02-25T10:18:21+00:00\",\"description\":\"Diese Verpackungsmaschine erm\u00f6glicht eine sichere und zuverl\u00e4ssige Verpackung von bereits sortierten Eiern, bei denen keine Sortierung vorgeschrieben ist, oder in BIO-Gefl\u00fcgelbetrieben.\",\"breadcrumb\":{\"@id\":\"https:\/\/www.sime-tek.com\/de\/produkte\/verpackungsmaschinen\/idrapack-re\/#breadcrumb\"},\"inLanguage\":\"de-DE\",\"potentialAction\":[{\"@type\":\"ReadAction\",\"target\":[\"https:\/\/www.sime-tek.com\/de\/produkte\/verpackungsmaschinen\/idrapack-re\/\"]}]},{\"@type\":\"BreadcrumbList\",\"@id\":\"https:\/\/www.sime-tek.com\/de\/produkte\/verpackungsmaschinen\/idrapack-re\/#breadcrumb\",\"itemListElement\":[{\"@type\":\"ListItem\",\"position\":1,\"name\":\"Home\",\"item\":\"https:\/\/www.sime-tek.com\/de\/home\/\"},{\"@type\":\"ListItem\",\"position\":2,\"name\":\"Produkte\",\"item\":\"https:\/\/www.sime-tek.com\/de\/produkte\/\"},{\"@type\":\"ListItem\",\"position\":3,\"name\":\"Verpackungsmaschinen\",\"item\":\"https:\/\/www.sime-tek.com\/de\/produkte\/verpackungsmaschinen\/\"},{\"@type\":\"ListItem\",\"position\":4,\"name\":\"Idrapack-re\"}]},{\"@type\":\"WebSite\",\"@id\":\"https:\/\/www.sime-tek.com\/de\/#website\",\"url\":\"https:\/\/www.sime-tek.com\/de\/\",\"name\":\"Sime-tek\",\"description\":\"\",\"potentialAction\":[{\"@type\":\"SearchAction\",\"target\":{\"@type\":\"EntryPoint\",\"urlTemplate\":\"https:\/\/www.sime-tek.com\/de\/?s={search_term_string}\"},\"query-input\":\"required name=search_term_string\"}],\"inLanguage\":\"de-DE\"}]}<\/script>\n<!-- \/ Yoast SEO plugin. -->","yoast_head_json":{"title":"Idrapack-Re - Eierverpackungsmaschine - 25.000 Eier\/Stunde | Sime-Tek","description":"Diese Verpackungsmaschine erm\u00f6glicht eine sichere und zuverl\u00e4ssige Verpackung von bereits sortierten Eiern, bei denen keine Sortierung vorgeschrieben ist, oder in BIO-Gefl\u00fcgelbetrieben.","robots":{"index":"index","follow":"follow","max-snippet":"max-snippet:-1","max-image-preview":"max-image-preview:large","max-video-preview":"max-video-preview:-1"},"canonical":"https:\/\/www.sime-tek.com\/de\/produkte\/verpackungsmaschinen\/idrapack-re\/","og_locale":"de_DE","og_type":"article","og_title":"Idrapack-Re - Eierverpackungsmaschine - 25.000 Eier\/Stunde | Sime-Tek","og_description":"Diese Verpackungsmaschine erm\u00f6glicht eine sichere und zuverl\u00e4ssige Verpackung von bereits sortierten Eiern, bei denen keine Sortierung vorgeschrieben ist, oder in BIO-Gefl\u00fcgelbetrieben.","og_url":"https:\/\/www.sime-tek.com\/de\/produkte\/verpackungsmaschinen\/idrapack-re\/","og_site_name":"Sime-tek","article_modified_time":"2026-02-25T10:18:21+00:00","og_image":[{"width":1200,"height":616,"url":"https:\/\/www.sime-tek.com\/wp-content\/uploads\/2021\/01\/idrapackre.png","type":"image\/png"}],"twitter_card":"summary_large_image","twitter_misc":{"Gesch\u00e4tzte Lesezeit":"1 Minute"},"schema":{"@context":"https:\/\/schema.org","@graph":[{"@type":"WebPage","@id":"https:\/\/www.sime-tek.com\/de\/produkte\/verpackungsmaschinen\/idrapack-re\/","url":"https:\/\/www.sime-tek.com\/de\/produkte\/verpackungsmaschinen\/idrapack-re\/","name":"Idrapack-Re - Eierverpackungsmaschine - 25.000 Eier\/Stunde | Sime-Tek","isPartOf":{"@id":"https:\/\/www.sime-tek.com\/de\/#website"},"datePublished":"2020-10-21T14:48:49+00:00","dateModified":"2026-02-25T10:18:21+00:00","description":"Diese Verpackungsmaschine erm\u00f6glicht eine sichere und zuverl\u00e4ssige Verpackung von bereits sortierten Eiern, bei denen keine Sortierung vorgeschrieben ist, oder in BIO-Gefl\u00fcgelbetrieben.","breadcrumb":{"@id":"https:\/\/www.sime-tek.com\/de\/produkte\/verpackungsmaschinen\/idrapack-re\/#breadcrumb"},"inLanguage":"de-DE","potentialAction":[{"@type":"ReadAction","target":["https:\/\/www.sime-tek.com\/de\/produkte\/verpackungsmaschinen\/idrapack-re\/"]}]},{"@type":"BreadcrumbList","@id":"https:\/\/www.sime-tek.com\/de\/produkte\/verpackungsmaschinen\/idrapack-re\/#breadcrumb","itemListElement":[{"@type":"ListItem","position":1,"name":"Home","item":"https:\/\/www.sime-tek.com\/de\/home\/"},{"@type":"ListItem","position":2,"name":"Produkte","item":"https:\/\/www.sime-tek.com\/de\/produkte\/"},{"@type":"ListItem","position":3,"name":"Verpackungsmaschinen","item":"https:\/\/www.sime-tek.com\/de\/produkte\/verpackungsmaschinen\/"},{"@type":"ListItem","position":4,"name":"Idrapack-re"}]},{"@type":"WebSite","@id":"https:\/\/www.sime-tek.com\/de\/#website","url":"https:\/\/www.sime-tek.com\/de\/","name":"Sime-tek","description":"","potentialAction":[{"@type":"SearchAction","target":{"@type":"EntryPoint","urlTemplate":"https:\/\/www.sime-tek.com\/de\/?s={search_term_string}"},"query-input":"required name=search_term_string"}],"inLanguage":"de-DE"}]}},"wps_subtitle":"BIS ZU 25.000 EIER\/STD","_links":{"self":[{"href":"https:\/\/www.sime-tek.com\/de\/wp-json\/wp\/v2\/pages\/2346"}],"collection":[{"href":"https:\/\/www.sime-tek.com\/de\/wp-json\/wp\/v2\/pages"}],"about":[{"href":"https:\/\/www.sime-tek.com\/de\/wp-json\/wp\/v2\/types\/page"}],"author":[{"embeddable":true,"href":"https:\/\/www.sime-tek.com\/de\/wp-json\/wp\/v2\/users\/1"}],"replies":[{"embeddable":true,"href":"https:\/\/www.sime-tek.com\/de\/wp-json\/wp\/v2\/comments?post=2346"}],"version-history":[{"count":4,"href":"https:\/\/www.sime-tek.com\/de\/wp-json\/wp\/v2\/pages\/2346\/revisions"}],"predecessor-version":[{"id":4244,"href":"https:\/\/www.sime-tek.com\/de\/wp-json\/wp\/v2\/pages\/2346\/revisions\/4244"}],"up":[{"embeddable":true,"href":"https:\/\/www.sime-tek.com\/de\/wp-json\/wp\/v2\/pages\/2307"}],"wp:featuredmedia":[{"embeddable":true,"href":"https:\/\/www.sime-tek.com\/de\/wp-json\/wp\/v2\/media\/2347"}],"wp:attachment":[{"href":"https:\/\/www.sime-tek.com\/de\/wp-json\/wp\/v2\/media?parent=2346"}],"curies":[{"name":"wp","href":"https:\/\/api.w.org\/{rel}","templated":true}]}}