{"id":2319,"date":"2020-10-21T16:47:49","date_gmt":"2020-10-21T14:47:49","guid":{"rendered":"https:\/\/www.sime-tek.com\/prodotti\/imballatrici\/minipack-stack\/"},"modified":"2026-02-25T11:33:10","modified_gmt":"2026-02-25T10:33:10","slug":"minipack-stack","status":"publish","type":"page","link":"https:\/\/www.sime-tek.com\/de\/produkte\/verpackungsmaschinen\/minipack-stack\/","title":{"rendered":"Minipack-stack+"},"content":{"rendered":"<div class=\"wpb_text_column wpb_content_element \">\n<div class=\"wpb_wrapper\">\n<p class=\"p1\">Die Basis f\u00fcr Ihre Produktion und der<b> erste Schritt zur Automatisierung <\/b>Ihrer<br \/>\nEiersammlung Dank des Non-Stop-Betriebskonzepts garantiert MINIPACK<br \/>\nechte <b>Zeitersparnis <\/b>bei der Sammlung und, dank der bew\u00e4hrten<br \/>\n<b>Zuverl\u00e4ssigkeit<\/b> \u00fcber Jahre hinweg und garantiert das System einen minimalen Bedarf<br \/>\nan Ersatzteilen und somit eine lange Lebensdauer.<br \/>\nUnd das \u00fcber die Zeit praktisch <b>wartungsfrei<\/b>.<\/p>\n<p class=\"p1\">Eine <b>Komplettl\u00f6sung<\/b> f\u00fcr die Eiersammlung, mit minimaler Investition.<\/p>\n<\/div>\n<\/div>\n","protected":false},"excerpt":{"rendered":"<p>Revolution\u00e4re kleine Verpackungsmaschine<br \/>\nvon Sime-Tek,  neu kompakt und modernisiert,<br \/>\num h\u00f6here Kapazit\u00e4ten auf noch<br \/>\nkleinerem Raum zu erreichen.<\/p>\n","protected":false},"author":1,"featured_media":2321,"parent":2307,"menu_order":1,"comment_status":"closed","ping_status":"closed","template":"page_SCHEDA_PRODOTTO.php","meta":[],"acf":[],"yoast_head":"<!-- This site is optimized with the Yoast SEO plugin v20.7 - https:\/\/yoast.com\/wordpress\/plugins\/seo\/ -->\n<title>Minipack-stack 20 - Automatischer Verpacker - 20.000 Eier\/Stunde | Sime-Tek<\/title>\n<meta name=\"description\" content=\"Revolution\u00e4rer, kompakter und modularer Farmpacker. Er kann auf kleinerem Raum h\u00f6here Kapazit\u00e4ten erreichen, bei gleicher Qualit\u00e4t wie gr\u00f6\u00dfere Verpacker. Kapazit\u00e4t 20.000 Eier\/Stunde\" \/>\n<meta name=\"robots\" content=\"index, follow, max-snippet:-1, max-image-preview:large, max-video-preview:-1\" \/>\n<link rel=\"canonical\" href=\"https:\/\/www.sime-tek.com\/de\/produkte\/verpackungsmaschinen\/minipack-stack\/\" \/>\n<meta property=\"og:locale\" content=\"de_DE\" \/>\n<meta property=\"og:type\" content=\"article\" \/>\n<meta property=\"og:title\" content=\"Minipack-stack 20 - Automatischer Verpacker - 20.000 Eier\/Stunde | Sime-Tek\" \/>\n<meta property=\"og:description\" content=\"Revolution\u00e4rer, kompakter und modularer Farmpacker. Er kann auf kleinerem Raum h\u00f6here Kapazit\u00e4ten erreichen, bei gleicher Qualit\u00e4t wie gr\u00f6\u00dfere Verpacker. Kapazit\u00e4t 20.000 Eier\/Stunde\" \/>\n<meta property=\"og:url\" content=\"https:\/\/www.sime-tek.com\/de\/produkte\/verpackungsmaschinen\/minipack-stack\/\" \/>\n<meta property=\"og:site_name\" content=\"Sime-tek\" \/>\n<meta property=\"article:modified_time\" content=\"2026-02-25T10:33:10+00:00\" \/>\n<meta property=\"og:image\" content=\"https:\/\/www.sime-tek.com\/wp-content\/uploads\/2021\/01\/minipack-1.png\" \/>\n\t<meta property=\"og:image:width\" content=\"1028\" \/>\n\t<meta property=\"og:image:height\" content=\"543\" \/>\n\t<meta property=\"og:image:type\" content=\"image\/png\" \/>\n<meta name=\"twitter:card\" content=\"summary_large_image\" \/>\n<meta name=\"twitter:label1\" content=\"Gesch\u00e4tzte Lesezeit\" \/>\n\t<meta name=\"twitter:data1\" content=\"1 Minute\" \/>\n<script type=\"application\/ld+json\" class=\"yoast-schema-graph\">{\"@context\":\"https:\/\/schema.org\",\"@graph\":[{\"@type\":\"WebPage\",\"@id\":\"https:\/\/www.sime-tek.com\/de\/produkte\/verpackungsmaschinen\/minipack-stack\/\",\"url\":\"https:\/\/www.sime-tek.com\/de\/produkte\/verpackungsmaschinen\/minipack-stack\/\",\"name\":\"Minipack-stack 20 - Automatischer Verpacker - 20.000 Eier\/Stunde | Sime-Tek\",\"isPartOf\":{\"@id\":\"https:\/\/www.sime-tek.com\/de\/#website\"},\"datePublished\":\"2020-10-21T14:47:49+00:00\",\"dateModified\":\"2026-02-25T10:33:10+00:00\",\"description\":\"Revolution\u00e4rer, kompakter und modularer Farmpacker. Er kann auf kleinerem Raum h\u00f6here Kapazit\u00e4ten erreichen, bei gleicher Qualit\u00e4t wie gr\u00f6\u00dfere Verpacker. Kapazit\u00e4t 20.000 Eier\/Stunde\",\"breadcrumb\":{\"@id\":\"https:\/\/www.sime-tek.com\/de\/produkte\/verpackungsmaschinen\/minipack-stack\/#breadcrumb\"},\"inLanguage\":\"de-DE\",\"potentialAction\":[{\"@type\":\"ReadAction\",\"target\":[\"https:\/\/www.sime-tek.com\/de\/produkte\/verpackungsmaschinen\/minipack-stack\/\"]}]},{\"@type\":\"BreadcrumbList\",\"@id\":\"https:\/\/www.sime-tek.com\/de\/produkte\/verpackungsmaschinen\/minipack-stack\/#breadcrumb\",\"itemListElement\":[{\"@type\":\"ListItem\",\"position\":1,\"name\":\"Home\",\"item\":\"https:\/\/www.sime-tek.com\/de\/home\/\"},{\"@type\":\"ListItem\",\"position\":2,\"name\":\"Produkte\",\"item\":\"https:\/\/www.sime-tek.com\/de\/produkte\/\"},{\"@type\":\"ListItem\",\"position\":3,\"name\":\"Verpackungsmaschinen\",\"item\":\"https:\/\/www.sime-tek.com\/de\/produkte\/verpackungsmaschinen\/\"},{\"@type\":\"ListItem\",\"position\":4,\"name\":\"Minipack-stack+\"}]},{\"@type\":\"WebSite\",\"@id\":\"https:\/\/www.sime-tek.com\/de\/#website\",\"url\":\"https:\/\/www.sime-tek.com\/de\/\",\"name\":\"Sime-tek\",\"description\":\"\",\"potentialAction\":[{\"@type\":\"SearchAction\",\"target\":{\"@type\":\"EntryPoint\",\"urlTemplate\":\"https:\/\/www.sime-tek.com\/de\/?s={search_term_string}\"},\"query-input\":\"required name=search_term_string\"}],\"inLanguage\":\"de-DE\"}]}<\/script>\n<!-- \/ Yoast SEO plugin. -->","yoast_head_json":{"title":"Minipack-stack 20 - Automatischer Verpacker - 20.000 Eier\/Stunde | Sime-Tek","description":"Revolution\u00e4rer, kompakter und modularer Farmpacker. Er kann auf kleinerem Raum h\u00f6here Kapazit\u00e4ten erreichen, bei gleicher Qualit\u00e4t wie gr\u00f6\u00dfere Verpacker. Kapazit\u00e4t 20.000 Eier\/Stunde","robots":{"index":"index","follow":"follow","max-snippet":"max-snippet:-1","max-image-preview":"max-image-preview:large","max-video-preview":"max-video-preview:-1"},"canonical":"https:\/\/www.sime-tek.com\/de\/produkte\/verpackungsmaschinen\/minipack-stack\/","og_locale":"de_DE","og_type":"article","og_title":"Minipack-stack 20 - Automatischer Verpacker - 20.000 Eier\/Stunde | Sime-Tek","og_description":"Revolution\u00e4rer, kompakter und modularer Farmpacker. Er kann auf kleinerem Raum h\u00f6here Kapazit\u00e4ten erreichen, bei gleicher Qualit\u00e4t wie gr\u00f6\u00dfere Verpacker. Kapazit\u00e4t 20.000 Eier\/Stunde","og_url":"https:\/\/www.sime-tek.com\/de\/produkte\/verpackungsmaschinen\/minipack-stack\/","og_site_name":"Sime-tek","article_modified_time":"2026-02-25T10:33:10+00:00","og_image":[{"width":1028,"height":543,"url":"https:\/\/www.sime-tek.com\/wp-content\/uploads\/2021\/01\/minipack-1.png","type":"image\/png"}],"twitter_card":"summary_large_image","twitter_misc":{"Gesch\u00e4tzte Lesezeit":"1 Minute"},"schema":{"@context":"https:\/\/schema.org","@graph":[{"@type":"WebPage","@id":"https:\/\/www.sime-tek.com\/de\/produkte\/verpackungsmaschinen\/minipack-stack\/","url":"https:\/\/www.sime-tek.com\/de\/produkte\/verpackungsmaschinen\/minipack-stack\/","name":"Minipack-stack 20 - Automatischer Verpacker - 20.000 Eier\/Stunde | Sime-Tek","isPartOf":{"@id":"https:\/\/www.sime-tek.com\/de\/#website"},"datePublished":"2020-10-21T14:47:49+00:00","dateModified":"2026-02-25T10:33:10+00:00","description":"Revolution\u00e4rer, kompakter und modularer Farmpacker. Er kann auf kleinerem Raum h\u00f6here Kapazit\u00e4ten erreichen, bei gleicher Qualit\u00e4t wie gr\u00f6\u00dfere Verpacker. Kapazit\u00e4t 20.000 Eier\/Stunde","breadcrumb":{"@id":"https:\/\/www.sime-tek.com\/de\/produkte\/verpackungsmaschinen\/minipack-stack\/#breadcrumb"},"inLanguage":"de-DE","potentialAction":[{"@type":"ReadAction","target":["https:\/\/www.sime-tek.com\/de\/produkte\/verpackungsmaschinen\/minipack-stack\/"]}]},{"@type":"BreadcrumbList","@id":"https:\/\/www.sime-tek.com\/de\/produkte\/verpackungsmaschinen\/minipack-stack\/#breadcrumb","itemListElement":[{"@type":"ListItem","position":1,"name":"Home","item":"https:\/\/www.sime-tek.com\/de\/home\/"},{"@type":"ListItem","position":2,"name":"Produkte","item":"https:\/\/www.sime-tek.com\/de\/produkte\/"},{"@type":"ListItem","position":3,"name":"Verpackungsmaschinen","item":"https:\/\/www.sime-tek.com\/de\/produkte\/verpackungsmaschinen\/"},{"@type":"ListItem","position":4,"name":"Minipack-stack+"}]},{"@type":"WebSite","@id":"https:\/\/www.sime-tek.com\/de\/#website","url":"https:\/\/www.sime-tek.com\/de\/","name":"Sime-tek","description":"","potentialAction":[{"@type":"SearchAction","target":{"@type":"EntryPoint","urlTemplate":"https:\/\/www.sime-tek.com\/de\/?s={search_term_string}"},"query-input":"required name=search_term_string"}],"inLanguage":"de-DE"}]}},"wps_subtitle":"BIS ZU 20.000 EIER\/STD","_links":{"self":[{"href":"https:\/\/www.sime-tek.com\/de\/wp-json\/wp\/v2\/pages\/2319"}],"collection":[{"href":"https:\/\/www.sime-tek.com\/de\/wp-json\/wp\/v2\/pages"}],"about":[{"href":"https:\/\/www.sime-tek.com\/de\/wp-json\/wp\/v2\/types\/page"}],"author":[{"embeddable":true,"href":"https:\/\/www.sime-tek.com\/de\/wp-json\/wp\/v2\/users\/1"}],"replies":[{"embeddable":true,"href":"https:\/\/www.sime-tek.com\/de\/wp-json\/wp\/v2\/comments?post=2319"}],"version-history":[{"count":4,"href":"https:\/\/www.sime-tek.com\/de\/wp-json\/wp\/v2\/pages\/2319\/revisions"}],"predecessor-version":[{"id":4259,"href":"https:\/\/www.sime-tek.com\/de\/wp-json\/wp\/v2\/pages\/2319\/revisions\/4259"}],"up":[{"embeddable":true,"href":"https:\/\/www.sime-tek.com\/de\/wp-json\/wp\/v2\/pages\/2307"}],"wp:featuredmedia":[{"embeddable":true,"href":"https:\/\/www.sime-tek.com\/de\/wp-json\/wp\/v2\/media\/2321"}],"wp:attachment":[{"href":"https:\/\/www.sime-tek.com\/de\/wp-json\/wp\/v2\/media?parent=2319"}],"curies":[{"name":"wp","href":"https:\/\/api.w.org\/{rel}","templated":true}]}}