{"id":2307,"date":"2020-10-20T10:17:53","date_gmt":"2020-10-20T08:17:53","guid":{"rendered":"https:\/\/www.sime-tek.com\/prodotti\/imballatrici\/"},"modified":"2022-10-11T14:52:31","modified_gmt":"2022-10-11T12:52:31","slug":"verpackungsmaschinen","status":"publish","type":"page","link":"https:\/\/www.sime-tek.com\/de\/produkte\/verpackungsmaschinen\/","title":{"rendered":"Verpackungsmaschinen"},"content":{"rendered":"<p>Sime-Tek Eiersortierer werden aus den hochwertigsten Materialien gebaut und um 4 Haupts\u00e4ulen herum entwickelt:<\/p>\n<ul>\n<li>Einfache <strong>mechanische Funktionsweise<\/strong> f\u00fcr schnelle und selbst\u00e4ndige Wartung<\/li>\n<li><strong>Kostenloser<\/strong> lebenslanger <strong>Fernsupport<\/strong><\/li>\n<li><strong>Standardteile<\/strong> f\u00fcr lokale Verf\u00fcgbarkeit<\/li>\n<li>Arbeitskonzepte, bei denen <strong>Effizienz<\/strong> und <strong>Non-Stop-Workflow<\/strong> im Vordergrund stehen<\/li>\n<\/ul>\n<p>So wird sichergestellt, dass alle unsere Eiersortierer unserem Anspruch gerecht werden, <strong>die zuverl\u00e4ssigsten Eiermaschinen der Branche<\/strong> zu liefern.<\/p>\n<p>Die Farmpacker von Sime-Tek sind kompakt, vielseitig und <strong>vollautomatisch<\/strong>: Sie k\u00f6nnen mobil sein, mit fester oder variabler Geschwindigkeit, und sie k\u00f6nnen gerade oder mit gebogenen Ausg\u00e4ngen sein.<\/p>\n<p>Dank ihrer <strong>modularen Bauweise<\/strong> werden die Sime-Tek Farm packer je nach den spezifischen Anforderungen des Kunden gebaut. Die <strong>hochwertigen Materialien<\/strong> (z.B. vorgespannter Edelstahl) sorgen f\u00fcr eine \u00e4u\u00dferst schonende Behandlung der Eier, und die Verpackungsarbeiten sind dank <strong>der minimalen Ablageh\u00f6he<\/strong> \u00e4u\u00dferst sicher und schonend.\t<\/p>\n","protected":false},"excerpt":{"rendered":"<p>Die Verpackungsmaschinen von Sime-Tek sind<br \/>\nkompakte, vielseitige und vollautomatische,<br \/>\nmobile oder feststehende Verpackungsmaschinen<br \/>\nmit konstanter oder variabler Geschwindigkeit<br \/>\nmit geraden oder gebogenen Ausl\u00e4ufen.<\/p>\n","protected":false},"author":1,"featured_media":2309,"parent":2201,"menu_order":2,"comment_status":"closed","ping_status":"closed","template":"page_CATEGORIA_PRODOTTO.php","meta":[],"acf":[],"yoast_head":"<!-- This site is optimized with the Yoast SEO plugin v20.7 - https:\/\/yoast.com\/wordpress\/plugins\/seo\/ -->\n<title>Eierverpackungsmaschine - Automatische Eierverpackungsmaschinen | Sime-Tek<\/title>\n<meta name=\"description\" content=\"Die Verpackungsmaschinen von Sime-Tek sind kompakt, vielseitig und vollautomatisch. Sie k\u00f6nnen mobil sein, mit fester oder variabler Geschwindigkeit, und k\u00f6nnen gerade oder gebogene Ausl\u00e4ufe haben.\" \/>\n<meta name=\"robots\" content=\"index, follow, max-snippet:-1, max-image-preview:large, max-video-preview:-1\" \/>\n<link rel=\"canonical\" href=\"https:\/\/www.sime-tek.com\/de\/produkte\/verpackungsmaschinen\/\" \/>\n<meta property=\"og:locale\" content=\"de_DE\" \/>\n<meta property=\"og:type\" content=\"article\" \/>\n<meta property=\"og:title\" content=\"Eierverpackungsmaschine - Automatische Eierverpackungsmaschinen | Sime-Tek\" \/>\n<meta property=\"og:description\" content=\"Die Verpackungsmaschinen von Sime-Tek sind kompakt, vielseitig und vollautomatisch. Sie k\u00f6nnen mobil sein, mit fester oder variabler Geschwindigkeit, und k\u00f6nnen gerade oder gebogene Ausl\u00e4ufe haben.\" \/>\n<meta property=\"og:url\" content=\"https:\/\/www.sime-tek.com\/de\/produkte\/verpackungsmaschinen\/\" \/>\n<meta property=\"og:site_name\" content=\"Sime-tek\" \/>\n<meta property=\"article:modified_time\" content=\"2022-10-11T12:52:31+00:00\" \/>\n<meta property=\"og:image\" content=\"https:\/\/www.sime-tek.com\/wp-content\/uploads\/2020\/10\/imballatrici-1.jpg\" \/>\n\t<meta property=\"og:image:width\" content=\"1244\" \/>\n\t<meta property=\"og:image:height\" content=\"440\" \/>\n\t<meta property=\"og:image:type\" content=\"image\/jpeg\" \/>\n<meta name=\"twitter:card\" content=\"summary_large_image\" \/>\n<meta name=\"twitter:label1\" content=\"Gesch\u00e4tzte Lesezeit\" \/>\n\t<meta name=\"twitter:data1\" content=\"1 Minute\" \/>\n<script type=\"application\/ld+json\" class=\"yoast-schema-graph\">{\"@context\":\"https:\/\/schema.org\",\"@graph\":[{\"@type\":\"WebPage\",\"@id\":\"https:\/\/www.sime-tek.com\/de\/produkte\/verpackungsmaschinen\/\",\"url\":\"https:\/\/www.sime-tek.com\/de\/produkte\/verpackungsmaschinen\/\",\"name\":\"Eierverpackungsmaschine - Automatische Eierverpackungsmaschinen | Sime-Tek\",\"isPartOf\":{\"@id\":\"https:\/\/www.sime-tek.com\/de\/#website\"},\"datePublished\":\"2020-10-20T08:17:53+00:00\",\"dateModified\":\"2022-10-11T12:52:31+00:00\",\"description\":\"Die Verpackungsmaschinen von Sime-Tek sind kompakt, vielseitig und vollautomatisch. Sie k\u00f6nnen mobil sein, mit fester oder variabler Geschwindigkeit, und k\u00f6nnen gerade oder gebogene Ausl\u00e4ufe haben.\",\"breadcrumb\":{\"@id\":\"https:\/\/www.sime-tek.com\/de\/produkte\/verpackungsmaschinen\/#breadcrumb\"},\"inLanguage\":\"de-DE\",\"potentialAction\":[{\"@type\":\"ReadAction\",\"target\":[\"https:\/\/www.sime-tek.com\/de\/produkte\/verpackungsmaschinen\/\"]}]},{\"@type\":\"BreadcrumbList\",\"@id\":\"https:\/\/www.sime-tek.com\/de\/produkte\/verpackungsmaschinen\/#breadcrumb\",\"itemListElement\":[{\"@type\":\"ListItem\",\"position\":1,\"name\":\"Home\",\"item\":\"https:\/\/www.sime-tek.com\/de\/home\/\"},{\"@type\":\"ListItem\",\"position\":2,\"name\":\"Produkte\",\"item\":\"https:\/\/www.sime-tek.com\/de\/produkte\/\"},{\"@type\":\"ListItem\",\"position\":3,\"name\":\"Verpackungsmaschinen\"}]},{\"@type\":\"WebSite\",\"@id\":\"https:\/\/www.sime-tek.com\/de\/#website\",\"url\":\"https:\/\/www.sime-tek.com\/de\/\",\"name\":\"Sime-tek\",\"description\":\"\",\"potentialAction\":[{\"@type\":\"SearchAction\",\"target\":{\"@type\":\"EntryPoint\",\"urlTemplate\":\"https:\/\/www.sime-tek.com\/de\/?s={search_term_string}\"},\"query-input\":\"required name=search_term_string\"}],\"inLanguage\":\"de-DE\"}]}<\/script>\n<!-- \/ Yoast SEO plugin. -->","yoast_head_json":{"title":"Eierverpackungsmaschine - Automatische Eierverpackungsmaschinen | Sime-Tek","description":"Die Verpackungsmaschinen von Sime-Tek sind kompakt, vielseitig und vollautomatisch. Sie k\u00f6nnen mobil sein, mit fester oder variabler Geschwindigkeit, und k\u00f6nnen gerade oder gebogene Ausl\u00e4ufe haben.","robots":{"index":"index","follow":"follow","max-snippet":"max-snippet:-1","max-image-preview":"max-image-preview:large","max-video-preview":"max-video-preview:-1"},"canonical":"https:\/\/www.sime-tek.com\/de\/produkte\/verpackungsmaschinen\/","og_locale":"de_DE","og_type":"article","og_title":"Eierverpackungsmaschine - Automatische Eierverpackungsmaschinen | Sime-Tek","og_description":"Die Verpackungsmaschinen von Sime-Tek sind kompakt, vielseitig und vollautomatisch. Sie k\u00f6nnen mobil sein, mit fester oder variabler Geschwindigkeit, und k\u00f6nnen gerade oder gebogene Ausl\u00e4ufe haben.","og_url":"https:\/\/www.sime-tek.com\/de\/produkte\/verpackungsmaschinen\/","og_site_name":"Sime-tek","article_modified_time":"2022-10-11T12:52:31+00:00","og_image":[{"width":1244,"height":440,"url":"https:\/\/www.sime-tek.com\/wp-content\/uploads\/2020\/10\/imballatrici-1.jpg","type":"image\/jpeg"}],"twitter_card":"summary_large_image","twitter_misc":{"Gesch\u00e4tzte Lesezeit":"1 Minute"},"schema":{"@context":"https:\/\/schema.org","@graph":[{"@type":"WebPage","@id":"https:\/\/www.sime-tek.com\/de\/produkte\/verpackungsmaschinen\/","url":"https:\/\/www.sime-tek.com\/de\/produkte\/verpackungsmaschinen\/","name":"Eierverpackungsmaschine - Automatische Eierverpackungsmaschinen | Sime-Tek","isPartOf":{"@id":"https:\/\/www.sime-tek.com\/de\/#website"},"datePublished":"2020-10-20T08:17:53+00:00","dateModified":"2022-10-11T12:52:31+00:00","description":"Die Verpackungsmaschinen von Sime-Tek sind kompakt, vielseitig und vollautomatisch. Sie k\u00f6nnen mobil sein, mit fester oder variabler Geschwindigkeit, und k\u00f6nnen gerade oder gebogene Ausl\u00e4ufe haben.","breadcrumb":{"@id":"https:\/\/www.sime-tek.com\/de\/produkte\/verpackungsmaschinen\/#breadcrumb"},"inLanguage":"de-DE","potentialAction":[{"@type":"ReadAction","target":["https:\/\/www.sime-tek.com\/de\/produkte\/verpackungsmaschinen\/"]}]},{"@type":"BreadcrumbList","@id":"https:\/\/www.sime-tek.com\/de\/produkte\/verpackungsmaschinen\/#breadcrumb","itemListElement":[{"@type":"ListItem","position":1,"name":"Home","item":"https:\/\/www.sime-tek.com\/de\/home\/"},{"@type":"ListItem","position":2,"name":"Produkte","item":"https:\/\/www.sime-tek.com\/de\/produkte\/"},{"@type":"ListItem","position":3,"name":"Verpackungsmaschinen"}]},{"@type":"WebSite","@id":"https:\/\/www.sime-tek.com\/de\/#website","url":"https:\/\/www.sime-tek.com\/de\/","name":"Sime-tek","description":"","potentialAction":[{"@type":"SearchAction","target":{"@type":"EntryPoint","urlTemplate":"https:\/\/www.sime-tek.com\/de\/?s={search_term_string}"},"query-input":"required name=search_term_string"}],"inLanguage":"de-DE"}]}},"wps_subtitle":"","_links":{"self":[{"href":"https:\/\/www.sime-tek.com\/de\/wp-json\/wp\/v2\/pages\/2307"}],"collection":[{"href":"https:\/\/www.sime-tek.com\/de\/wp-json\/wp\/v2\/pages"}],"about":[{"href":"https:\/\/www.sime-tek.com\/de\/wp-json\/wp\/v2\/types\/page"}],"author":[{"embeddable":true,"href":"https:\/\/www.sime-tek.com\/de\/wp-json\/wp\/v2\/users\/1"}],"replies":[{"embeddable":true,"href":"https:\/\/www.sime-tek.com\/de\/wp-json\/wp\/v2\/comments?post=2307"}],"version-history":[{"count":4,"href":"https:\/\/www.sime-tek.com\/de\/wp-json\/wp\/v2\/pages\/2307\/revisions"}],"predecessor-version":[{"id":3804,"href":"https:\/\/www.sime-tek.com\/de\/wp-json\/wp\/v2\/pages\/2307\/revisions\/3804"}],"up":[{"embeddable":true,"href":"https:\/\/www.sime-tek.com\/de\/wp-json\/wp\/v2\/pages\/2201"}],"wp:featuredmedia":[{"embeddable":true,"href":"https:\/\/www.sime-tek.com\/de\/wp-json\/wp\/v2\/media\/2309"}],"wp:attachment":[{"href":"https:\/\/www.sime-tek.com\/de\/wp-json\/wp\/v2\/media?parent=2307"}],"curies":[{"name":"wp","href":"https:\/\/api.w.org\/{rel}","templated":true}]}}