{"id":2290,"date":"2020-10-20T10:17:24","date_gmt":"2020-10-20T08:17:24","guid":{"rendered":"https:\/\/www.sime-tek.com\/prodotti\/caricatori-uova\/"},"modified":"2021-05-21T16:18:39","modified_gmt":"2021-05-21T14:18:39","slug":"eiderlader","status":"publish","type":"page","link":"https:\/\/www.sime-tek.com\/de\/produkte\/eiderlader\/","title":{"rendered":"Eiderlader"},"content":{"rendered":"<p class=\"p1\">Die Lader von Sime-Tek bestechen durch ihre vielseitigen Einsatzm\u00f6glichkeiten<br \/>\nund das beste Preis-Leistungs-Verh\u00e4ltnis am Markt.<\/p>\n<p class=\"p1\">Sie zeichnen sich durch ihre Anpassungsf\u00e4higkeit an den Platzbedarf dank der gro\u00dfen Auswahl<br \/>\nan Konfigurationen sowie an verschiedene Schaltypen<br \/>\n(Zellstoff und Kunststoff) aus und sind in verschiedenen Optionen<br \/>\n(halbautomatisch, automatisch, f\u00fcr Einzel-Tray, f\u00fcr 6er Stapel) erh\u00e4ltlich.<\/p>\n<p class=\"p1\">Sie erm\u00f6glichen kleinen, mittleren und gro\u00dfen Betrieben<br \/>\ndie Eierladung, sind zuverl\u00e4ssig und<br \/>\nwirtschaftlich automatisierbar.<\/p>\n","protected":false},"excerpt":{"rendered":"<p>Die Lader von Sime-Tek bestechen durch ihre<br \/>\nvielseitigen Einsatzm\u00f6glichkeiten\u2028und<br \/>\ndas beste Preis-Leistungs-Verh\u00e4ltnis am Markt.<\/p>\n","protected":false},"author":1,"featured_media":2208,"parent":2201,"menu_order":1,"comment_status":"closed","ping_status":"closed","template":"page_CATEGORIA_PRODOTTO.php","meta":[],"acf":[],"yoast_head":"<!-- This site is optimized with the Yoast SEO plugin v20.7 - https:\/\/yoast.com\/wordpress\/plugins\/seo\/ -->\n<title>Eierlader - Eierlademaschinen | Sime-Tek<\/title>\n<meta name=\"description\" content=\"Die Lader von Sime-Tek mit vielseitigen Einsatzm\u00f6glichkeiten. Anpassbar an jede Art von Schale, Masse und Kunststoff, und in verschiedenen Optionen, halbautomatisch oder automatisch, erh\u00e4ltlich.\" \/>\n<meta name=\"robots\" content=\"index, follow, max-snippet:-1, max-image-preview:large, max-video-preview:-1\" \/>\n<link rel=\"canonical\" href=\"https:\/\/www.sime-tek.com\/de\/produkte\/eiderlader\/\" \/>\n<meta property=\"og:locale\" content=\"de_DE\" \/>\n<meta property=\"og:type\" content=\"article\" \/>\n<meta property=\"og:title\" content=\"Eierlader - Eierlademaschinen | Sime-Tek\" \/>\n<meta property=\"og:description\" content=\"Die Lader von Sime-Tek mit vielseitigen Einsatzm\u00f6glichkeiten. Anpassbar an jede Art von Schale, Masse und Kunststoff, und in verschiedenen Optionen, halbautomatisch oder automatisch, erh\u00e4ltlich.\" \/>\n<meta property=\"og:url\" content=\"https:\/\/www.sime-tek.com\/de\/produkte\/eiderlader\/\" \/>\n<meta property=\"og:site_name\" content=\"Sime-tek\" \/>\n<meta property=\"article:modified_time\" content=\"2021-05-21T14:18:39+00:00\" \/>\n<meta property=\"og:image\" content=\"https:\/\/www.sime-tek.com\/wp-content\/uploads\/2020\/10\/caricatori-uova-1.jpg\" \/>\n\t<meta property=\"og:image:width\" content=\"1244\" \/>\n\t<meta property=\"og:image:height\" content=\"440\" \/>\n\t<meta property=\"og:image:type\" content=\"image\/jpeg\" \/>\n<meta name=\"twitter:card\" content=\"summary_large_image\" \/>\n<meta name=\"twitter:label1\" content=\"Gesch\u00e4tzte Lesezeit\" \/>\n\t<meta name=\"twitter:data1\" content=\"1 Minute\" \/>\n<script type=\"application\/ld+json\" class=\"yoast-schema-graph\">{\"@context\":\"https:\/\/schema.org\",\"@graph\":[{\"@type\":\"WebPage\",\"@id\":\"https:\/\/www.sime-tek.com\/de\/produkte\/eiderlader\/\",\"url\":\"https:\/\/www.sime-tek.com\/de\/produkte\/eiderlader\/\",\"name\":\"Eierlader - Eierlademaschinen | Sime-Tek\",\"isPartOf\":{\"@id\":\"https:\/\/www.sime-tek.com\/de\/#website\"},\"datePublished\":\"2020-10-20T08:17:24+00:00\",\"dateModified\":\"2021-05-21T14:18:39+00:00\",\"description\":\"Die Lader von Sime-Tek mit vielseitigen Einsatzm\u00f6glichkeiten. Anpassbar an jede Art von Schale, Masse und Kunststoff, und in verschiedenen Optionen, halbautomatisch oder automatisch, erh\u00e4ltlich.\",\"breadcrumb\":{\"@id\":\"https:\/\/www.sime-tek.com\/de\/produkte\/eiderlader\/#breadcrumb\"},\"inLanguage\":\"de-DE\",\"potentialAction\":[{\"@type\":\"ReadAction\",\"target\":[\"https:\/\/www.sime-tek.com\/de\/produkte\/eiderlader\/\"]}]},{\"@type\":\"BreadcrumbList\",\"@id\":\"https:\/\/www.sime-tek.com\/de\/produkte\/eiderlader\/#breadcrumb\",\"itemListElement\":[{\"@type\":\"ListItem\",\"position\":1,\"name\":\"Home\",\"item\":\"https:\/\/www.sime-tek.com\/de\/home\/\"},{\"@type\":\"ListItem\",\"position\":2,\"name\":\"Produkte\",\"item\":\"https:\/\/www.sime-tek.com\/de\/produkte\/\"},{\"@type\":\"ListItem\",\"position\":3,\"name\":\"Eiderlader\"}]},{\"@type\":\"WebSite\",\"@id\":\"https:\/\/www.sime-tek.com\/de\/#website\",\"url\":\"https:\/\/www.sime-tek.com\/de\/\",\"name\":\"Sime-tek\",\"description\":\"\",\"potentialAction\":[{\"@type\":\"SearchAction\",\"target\":{\"@type\":\"EntryPoint\",\"urlTemplate\":\"https:\/\/www.sime-tek.com\/de\/?s={search_term_string}\"},\"query-input\":\"required name=search_term_string\"}],\"inLanguage\":\"de-DE\"}]}<\/script>\n<!-- \/ Yoast SEO plugin. -->","yoast_head_json":{"title":"Eierlader - Eierlademaschinen | Sime-Tek","description":"Die Lader von Sime-Tek mit vielseitigen Einsatzm\u00f6glichkeiten. Anpassbar an jede Art von Schale, Masse und Kunststoff, und in verschiedenen Optionen, halbautomatisch oder automatisch, erh\u00e4ltlich.","robots":{"index":"index","follow":"follow","max-snippet":"max-snippet:-1","max-image-preview":"max-image-preview:large","max-video-preview":"max-video-preview:-1"},"canonical":"https:\/\/www.sime-tek.com\/de\/produkte\/eiderlader\/","og_locale":"de_DE","og_type":"article","og_title":"Eierlader - Eierlademaschinen | Sime-Tek","og_description":"Die Lader von Sime-Tek mit vielseitigen Einsatzm\u00f6glichkeiten. Anpassbar an jede Art von Schale, Masse und Kunststoff, und in verschiedenen Optionen, halbautomatisch oder automatisch, erh\u00e4ltlich.","og_url":"https:\/\/www.sime-tek.com\/de\/produkte\/eiderlader\/","og_site_name":"Sime-tek","article_modified_time":"2021-05-21T14:18:39+00:00","og_image":[{"width":1244,"height":440,"url":"https:\/\/www.sime-tek.com\/wp-content\/uploads\/2020\/10\/caricatori-uova-1.jpg","type":"image\/jpeg"}],"twitter_card":"summary_large_image","twitter_misc":{"Gesch\u00e4tzte Lesezeit":"1 Minute"},"schema":{"@context":"https:\/\/schema.org","@graph":[{"@type":"WebPage","@id":"https:\/\/www.sime-tek.com\/de\/produkte\/eiderlader\/","url":"https:\/\/www.sime-tek.com\/de\/produkte\/eiderlader\/","name":"Eierlader - Eierlademaschinen | Sime-Tek","isPartOf":{"@id":"https:\/\/www.sime-tek.com\/de\/#website"},"datePublished":"2020-10-20T08:17:24+00:00","dateModified":"2021-05-21T14:18:39+00:00","description":"Die Lader von Sime-Tek mit vielseitigen Einsatzm\u00f6glichkeiten. Anpassbar an jede Art von Schale, Masse und Kunststoff, und in verschiedenen Optionen, halbautomatisch oder automatisch, erh\u00e4ltlich.","breadcrumb":{"@id":"https:\/\/www.sime-tek.com\/de\/produkte\/eiderlader\/#breadcrumb"},"inLanguage":"de-DE","potentialAction":[{"@type":"ReadAction","target":["https:\/\/www.sime-tek.com\/de\/produkte\/eiderlader\/"]}]},{"@type":"BreadcrumbList","@id":"https:\/\/www.sime-tek.com\/de\/produkte\/eiderlader\/#breadcrumb","itemListElement":[{"@type":"ListItem","position":1,"name":"Home","item":"https:\/\/www.sime-tek.com\/de\/home\/"},{"@type":"ListItem","position":2,"name":"Produkte","item":"https:\/\/www.sime-tek.com\/de\/produkte\/"},{"@type":"ListItem","position":3,"name":"Eiderlader"}]},{"@type":"WebSite","@id":"https:\/\/www.sime-tek.com\/de\/#website","url":"https:\/\/www.sime-tek.com\/de\/","name":"Sime-tek","description":"","potentialAction":[{"@type":"SearchAction","target":{"@type":"EntryPoint","urlTemplate":"https:\/\/www.sime-tek.com\/de\/?s={search_term_string}"},"query-input":"required name=search_term_string"}],"inLanguage":"de-DE"}]}},"wps_subtitle":"","_links":{"self":[{"href":"https:\/\/www.sime-tek.com\/de\/wp-json\/wp\/v2\/pages\/2290"}],"collection":[{"href":"https:\/\/www.sime-tek.com\/de\/wp-json\/wp\/v2\/pages"}],"about":[{"href":"https:\/\/www.sime-tek.com\/de\/wp-json\/wp\/v2\/types\/page"}],"author":[{"embeddable":true,"href":"https:\/\/www.sime-tek.com\/de\/wp-json\/wp\/v2\/users\/1"}],"replies":[{"embeddable":true,"href":"https:\/\/www.sime-tek.com\/de\/wp-json\/wp\/v2\/comments?post=2290"}],"version-history":[{"count":2,"href":"https:\/\/www.sime-tek.com\/de\/wp-json\/wp\/v2\/pages\/2290\/revisions"}],"predecessor-version":[{"id":2893,"href":"https:\/\/www.sime-tek.com\/de\/wp-json\/wp\/v2\/pages\/2290\/revisions\/2893"}],"up":[{"embeddable":true,"href":"https:\/\/www.sime-tek.com\/de\/wp-json\/wp\/v2\/pages\/2201"}],"wp:featuredmedia":[{"embeddable":true,"href":"https:\/\/www.sime-tek.com\/de\/wp-json\/wp\/v2\/media\/2208"}],"wp:attachment":[{"href":"https:\/\/www.sime-tek.com\/de\/wp-json\/wp\/v2\/media?parent=2290"}],"curies":[{"name":"wp","href":"https:\/\/api.w.org\/{rel}","templated":true}]}}