{"id":2267,"date":"2020-11-12T17:18:07","date_gmt":"2020-11-12T16:18:07","guid":{"rendered":"https:\/\/www.sime-tek.com\/prodotti\/selezionatrici-per-uova\/orion\/"},"modified":"2026-02-25T10:29:57","modified_gmt":"2026-02-25T09:29:57","slug":"orion","status":"publish","type":"page","link":"https:\/\/www.sime-tek.com\/de\/produkte\/eiersortiermaschinen\/orion\/","title":{"rendered":"Orion"},"content":{"rendered":"<p class=\"p1\">Die vielseitigste Eiersortiermaschine ihrer <b>Klasse<\/b>. Dank ihres <b>modularen Konzepts<\/b><br \/>\nund ihrer gro\u00dfen Auswahl an Optionen und Zubeh\u00f6r hat das Modell Orion die perfekte Kapazit\u00e4t<br \/>\n(25-30.000 Eier pro Stunde), um eine breite Palette von Kunden zu bedienen und bereit zu sein, mit<br \/>\nihrer Produktion oder ihrem Markt zu wachsen.\u00a0Wie die anderen Modelle ist das Modell<br \/>\n<b>kundenspezifisch<\/b>, um alle Platz- oder Produktionsanforderungen zu erf\u00fcllen:<br \/>\nder Raum zwischen den Verpackungslinien kann zur besseren Reinigung vergr\u00f6\u00dfert werden<br \/>\noder zur Konfiguration des Raums. Dieses Modell hat die F\u00e4higkeit, <b>gleichzeitig<\/b><br \/>\nmit einem automatischen Laden und mit einem Akkumulator aus den Werken zu arbeiten&#8230;<br \/>\nund vieles mehr&#8230;<\/p>\n","protected":false},"excerpt":{"rendered":"<p>Vielseitige Eiersortiermaschine,<br \/>\nwartungsfreundlich, an jede<br \/>\nUmgebung anpassbar dank<br \/>\nmodularer Bauweise.<\/p>\n","protected":false},"author":1,"featured_media":2269,"parent":2207,"menu_order":4,"comment_status":"closed","ping_status":"closed","template":"page_SCHEDA_PRODOTTO.php","meta":[],"acf":[],"yoast_head":"<!-- This site is optimized with the Yoast SEO plugin v20.7 - https:\/\/yoast.com\/wordpress\/plugins\/seo\/ -->\n<title>Orion - Sortiermaschine - bis zu 30.000 Eier\/Stunde | Sime-Tek<\/title>\n<meta name=\"description\" content=\"Diese elektronische Sortiermaschine hat eine Kapazit\u00e4t von 25.000 - 30.000 Eiern\/Stunde und der komplette Prozess (von der Beladung bis zur Sortierung, Verteilung und Verpackung) ist vollautomatisch.\" \/>\n<meta name=\"robots\" content=\"index, follow, max-snippet:-1, max-image-preview:large, max-video-preview:-1\" \/>\n<link rel=\"canonical\" href=\"https:\/\/www.sime-tek.com\/de\/produkte\/eiersortiermaschinen\/orion\/\" \/>\n<meta property=\"og:locale\" content=\"de_DE\" \/>\n<meta property=\"og:type\" content=\"article\" \/>\n<meta property=\"og:title\" content=\"Orion - Sortiermaschine - bis zu 30.000 Eier\/Stunde | Sime-Tek\" \/>\n<meta property=\"og:description\" content=\"Diese elektronische Sortiermaschine hat eine Kapazit\u00e4t von 25.000 - 30.000 Eiern\/Stunde und der komplette Prozess (von der Beladung bis zur Sortierung, Verteilung und Verpackung) ist vollautomatisch.\" \/>\n<meta property=\"og:url\" content=\"https:\/\/www.sime-tek.com\/de\/produkte\/eiersortiermaschinen\/orion\/\" \/>\n<meta property=\"og:site_name\" content=\"Sime-tek\" \/>\n<meta property=\"article:modified_time\" content=\"2026-02-25T09:29:57+00:00\" \/>\n<meta property=\"og:image\" content=\"https:\/\/www.sime-tek.com\/wp-content\/uploads\/2021\/01\/orion.png\" \/>\n\t<meta property=\"og:image:width\" content=\"1200\" \/>\n\t<meta property=\"og:image:height\" content=\"771\" \/>\n\t<meta property=\"og:image:type\" content=\"image\/png\" \/>\n<meta name=\"twitter:card\" content=\"summary_large_image\" \/>\n<meta name=\"twitter:label1\" content=\"Gesch\u00e4tzte Lesezeit\" \/>\n\t<meta name=\"twitter:data1\" content=\"1 Minute\" \/>\n<script type=\"application\/ld+json\" class=\"yoast-schema-graph\">{\"@context\":\"https:\/\/schema.org\",\"@graph\":[{\"@type\":\"WebPage\",\"@id\":\"https:\/\/www.sime-tek.com\/de\/produkte\/eiersortiermaschinen\/orion\/\",\"url\":\"https:\/\/www.sime-tek.com\/de\/produkte\/eiersortiermaschinen\/orion\/\",\"name\":\"Orion - Sortiermaschine - bis zu 30.000 Eier\/Stunde | Sime-Tek\",\"isPartOf\":{\"@id\":\"https:\/\/www.sime-tek.com\/de\/#website\"},\"datePublished\":\"2020-11-12T16:18:07+00:00\",\"dateModified\":\"2026-02-25T09:29:57+00:00\",\"description\":\"Diese elektronische Sortiermaschine hat eine Kapazit\u00e4t von 25.000 - 30.000 Eiern\/Stunde und der komplette Prozess (von der Beladung bis zur Sortierung, Verteilung und Verpackung) ist vollautomatisch.\",\"breadcrumb\":{\"@id\":\"https:\/\/www.sime-tek.com\/de\/produkte\/eiersortiermaschinen\/orion\/#breadcrumb\"},\"inLanguage\":\"de-DE\",\"potentialAction\":[{\"@type\":\"ReadAction\",\"target\":[\"https:\/\/www.sime-tek.com\/de\/produkte\/eiersortiermaschinen\/orion\/\"]}]},{\"@type\":\"BreadcrumbList\",\"@id\":\"https:\/\/www.sime-tek.com\/de\/produkte\/eiersortiermaschinen\/orion\/#breadcrumb\",\"itemListElement\":[{\"@type\":\"ListItem\",\"position\":1,\"name\":\"Home\",\"item\":\"https:\/\/www.sime-tek.com\/de\/home\/\"},{\"@type\":\"ListItem\",\"position\":2,\"name\":\"Produkte\",\"item\":\"https:\/\/www.sime-tek.com\/de\/produkte\/\"},{\"@type\":\"ListItem\",\"position\":3,\"name\":\"Eiersortiermaschinen\",\"item\":\"https:\/\/www.sime-tek.com\/de\/produkte\/eiersortiermaschinen\/\"},{\"@type\":\"ListItem\",\"position\":4,\"name\":\"Orion\"}]},{\"@type\":\"WebSite\",\"@id\":\"https:\/\/www.sime-tek.com\/de\/#website\",\"url\":\"https:\/\/www.sime-tek.com\/de\/\",\"name\":\"Sime-tek\",\"description\":\"\",\"potentialAction\":[{\"@type\":\"SearchAction\",\"target\":{\"@type\":\"EntryPoint\",\"urlTemplate\":\"https:\/\/www.sime-tek.com\/de\/?s={search_term_string}\"},\"query-input\":\"required name=search_term_string\"}],\"inLanguage\":\"de-DE\"}]}<\/script>\n<!-- \/ Yoast SEO plugin. -->","yoast_head_json":{"title":"Orion - Sortiermaschine - bis zu 30.000 Eier\/Stunde | Sime-Tek","description":"Diese elektronische Sortiermaschine hat eine Kapazit\u00e4t von 25.000 - 30.000 Eiern\/Stunde und der komplette Prozess (von der Beladung bis zur Sortierung, Verteilung und Verpackung) ist vollautomatisch.","robots":{"index":"index","follow":"follow","max-snippet":"max-snippet:-1","max-image-preview":"max-image-preview:large","max-video-preview":"max-video-preview:-1"},"canonical":"https:\/\/www.sime-tek.com\/de\/produkte\/eiersortiermaschinen\/orion\/","og_locale":"de_DE","og_type":"article","og_title":"Orion - Sortiermaschine - bis zu 30.000 Eier\/Stunde | Sime-Tek","og_description":"Diese elektronische Sortiermaschine hat eine Kapazit\u00e4t von 25.000 - 30.000 Eiern\/Stunde und der komplette Prozess (von der Beladung bis zur Sortierung, Verteilung und Verpackung) ist vollautomatisch.","og_url":"https:\/\/www.sime-tek.com\/de\/produkte\/eiersortiermaschinen\/orion\/","og_site_name":"Sime-tek","article_modified_time":"2026-02-25T09:29:57+00:00","og_image":[{"width":1200,"height":771,"url":"https:\/\/www.sime-tek.com\/wp-content\/uploads\/2021\/01\/orion.png","type":"image\/png"}],"twitter_card":"summary_large_image","twitter_misc":{"Gesch\u00e4tzte Lesezeit":"1 Minute"},"schema":{"@context":"https:\/\/schema.org","@graph":[{"@type":"WebPage","@id":"https:\/\/www.sime-tek.com\/de\/produkte\/eiersortiermaschinen\/orion\/","url":"https:\/\/www.sime-tek.com\/de\/produkte\/eiersortiermaschinen\/orion\/","name":"Orion - Sortiermaschine - bis zu 30.000 Eier\/Stunde | Sime-Tek","isPartOf":{"@id":"https:\/\/www.sime-tek.com\/de\/#website"},"datePublished":"2020-11-12T16:18:07+00:00","dateModified":"2026-02-25T09:29:57+00:00","description":"Diese elektronische Sortiermaschine hat eine Kapazit\u00e4t von 25.000 - 30.000 Eiern\/Stunde und der komplette Prozess (von der Beladung bis zur Sortierung, Verteilung und Verpackung) ist vollautomatisch.","breadcrumb":{"@id":"https:\/\/www.sime-tek.com\/de\/produkte\/eiersortiermaschinen\/orion\/#breadcrumb"},"inLanguage":"de-DE","potentialAction":[{"@type":"ReadAction","target":["https:\/\/www.sime-tek.com\/de\/produkte\/eiersortiermaschinen\/orion\/"]}]},{"@type":"BreadcrumbList","@id":"https:\/\/www.sime-tek.com\/de\/produkte\/eiersortiermaschinen\/orion\/#breadcrumb","itemListElement":[{"@type":"ListItem","position":1,"name":"Home","item":"https:\/\/www.sime-tek.com\/de\/home\/"},{"@type":"ListItem","position":2,"name":"Produkte","item":"https:\/\/www.sime-tek.com\/de\/produkte\/"},{"@type":"ListItem","position":3,"name":"Eiersortiermaschinen","item":"https:\/\/www.sime-tek.com\/de\/produkte\/eiersortiermaschinen\/"},{"@type":"ListItem","position":4,"name":"Orion"}]},{"@type":"WebSite","@id":"https:\/\/www.sime-tek.com\/de\/#website","url":"https:\/\/www.sime-tek.com\/de\/","name":"Sime-tek","description":"","potentialAction":[{"@type":"SearchAction","target":{"@type":"EntryPoint","urlTemplate":"https:\/\/www.sime-tek.com\/de\/?s={search_term_string}"},"query-input":"required name=search_term_string"}],"inLanguage":"de-DE"}]}},"wps_subtitle":"VON 25 BIS 36.000 EIER\/STD","_links":{"self":[{"href":"https:\/\/www.sime-tek.com\/de\/wp-json\/wp\/v2\/pages\/2267"}],"collection":[{"href":"https:\/\/www.sime-tek.com\/de\/wp-json\/wp\/v2\/pages"}],"about":[{"href":"https:\/\/www.sime-tek.com\/de\/wp-json\/wp\/v2\/types\/page"}],"author":[{"embeddable":true,"href":"https:\/\/www.sime-tek.com\/de\/wp-json\/wp\/v2\/users\/1"}],"replies":[{"embeddable":true,"href":"https:\/\/www.sime-tek.com\/de\/wp-json\/wp\/v2\/comments?post=2267"}],"version-history":[{"count":7,"href":"https:\/\/www.sime-tek.com\/de\/wp-json\/wp\/v2\/pages\/2267\/revisions"}],"predecessor-version":[{"id":4224,"href":"https:\/\/www.sime-tek.com\/de\/wp-json\/wp\/v2\/pages\/2267\/revisions\/4224"}],"up":[{"embeddable":true,"href":"https:\/\/www.sime-tek.com\/de\/wp-json\/wp\/v2\/pages\/2207"}],"wp:featuredmedia":[{"embeddable":true,"href":"https:\/\/www.sime-tek.com\/de\/wp-json\/wp\/v2\/media\/2269"}],"wp:attachment":[{"href":"https:\/\/www.sime-tek.com\/de\/wp-json\/wp\/v2\/media?parent=2267"}],"curies":[{"name":"wp","href":"https:\/\/api.w.org\/{rel}","templated":true}]}}