{"id":2207,"date":"2020-10-20T10:17:02","date_gmt":"2020-10-20T08:17:02","guid":{"rendered":"https:\/\/www.sime-tek.com\/prodotti\/selezionatrici-per-uova\/"},"modified":"2022-10-11T14:55:13","modified_gmt":"2022-10-11T12:55:13","slug":"eiersortiermaschinen","status":"publish","type":"page","link":"https:\/\/www.sime-tek.com\/de\/produkte\/eiersortiermaschinen\/","title":{"rendered":"Eiersortiermaschinen"},"content":{"rendered":"<p>Sime-Tek Eiersortierer werden aus den hochwertigsten Materialien gebaut und um 4 Haupts\u00e4ulen herum entwickelt:<\/p>\n<ul>\n<li>Einfache <strong>mechanische Funktionsweise<\/strong> f\u00fcr schnelle und selbst\u00e4ndige Wartung<\/li>\n<li><strong>Kostenloser<\/strong> lebenslanger <strong>Fernsupport<\/strong><\/li>\n<li><strong>Standardteile<\/strong> f\u00fcr lokale Verf\u00fcgbarkeit<\/li>\n<li>Arbeitskonzepte, bei denen <strong>Effizienz<\/strong> und <strong>Non-Stop-Workflow<\/strong> im Vordergrund stehen<\/li>\n<\/ul>\n<p>So wird sichergestellt, dass alle unsere Eiersortierer unserem Anspruch gerecht werden, <strong>die zuverl\u00e4ssigsten Eiermaschinen der Branche<\/strong> zu liefern.<\/p>\n<p>Sortierer von Sime-Tek sind benutzerfreundlich, zuverl\u00e4ssig, vielseitig und modern und bieten eine <strong>vollst\u00e4ndige Automatisierung<\/strong> des Produktionsprozesses: vom Beladen \u00fcber das Durchleuchten, Wiegen (bis zu 8-12 Kategorien), Daten- und Statistikberichte und Verpacken in jeder Art von Verpackung und Tray.\u2028\u00a0<\/p>\n<p>Sie sind nach einem <strong>modularen Konzept<\/strong> aufgebaut und k\u00f6nnen individuell angepasst werden, um jedem Kunden eine ma\u00dfgeschneiderte L\u00f6sung zu bieten, die auf seine individuellen Bed\u00fcrfnisse und Situationen zugeschnitten ist.<\/p>\n","protected":false},"excerpt":{"rendered":"<p>Kompakt oder erweiterbar, Standard oder erweitert,<br \/>\nautomatisch oder manuell, mit Produktionskapazit\u00e4ten<br \/>\nvon bis zu 90.000 Eiern\/Stunde<\/p>\n","protected":false},"author":1,"featured_media":2209,"parent":2201,"menu_order":0,"comment_status":"closed","ping_status":"closed","template":"page_CATEGORIA_PRODOTTO.php","meta":[],"acf":[],"yoast_head":"<!-- This site is optimized with the Yoast SEO plugin v20.7 - https:\/\/yoast.com\/wordpress\/plugins\/seo\/ -->\n<title>Eiersortiermaschinen - Automatische Eiermaschinen | Sime-Tek<\/title>\n<meta name=\"description\" content=\"Sortiermaschinen von Sime-Tek sind einfach zu bedienen, zuverl\u00e4ssig, vielseitig und bieten eine vollst\u00e4ndige Automatisierung. Nach einem modularen Konzept gebaut, k\u00f6nnen sie f\u00fcr jeden Kunden individuell angepasst werden.\" \/>\n<meta name=\"robots\" content=\"index, follow, max-snippet:-1, max-image-preview:large, max-video-preview:-1\" \/>\n<link rel=\"canonical\" href=\"https:\/\/www.sime-tek.com\/de\/produkte\/eiersortiermaschinen\/\" \/>\n<meta property=\"og:locale\" content=\"de_DE\" \/>\n<meta property=\"og:type\" content=\"article\" \/>\n<meta property=\"og:title\" content=\"Eiersortiermaschinen - Automatische Eiermaschinen | Sime-Tek\" \/>\n<meta property=\"og:description\" content=\"Sortiermaschinen von Sime-Tek sind einfach zu bedienen, zuverl\u00e4ssig, vielseitig und bieten eine vollst\u00e4ndige Automatisierung. Nach einem modularen Konzept gebaut, k\u00f6nnen sie f\u00fcr jeden Kunden individuell angepasst werden.\" \/>\n<meta property=\"og:url\" content=\"https:\/\/www.sime-tek.com\/de\/produkte\/eiersortiermaschinen\/\" \/>\n<meta property=\"og:site_name\" content=\"Sime-tek\" \/>\n<meta property=\"article:modified_time\" content=\"2022-10-11T12:55:13+00:00\" \/>\n<meta property=\"og:image\" content=\"https:\/\/www.sime-tek.com\/wp-content\/uploads\/2020\/10\/selezionatrici-uova-1.jpg\" \/>\n\t<meta property=\"og:image:width\" content=\"1244\" \/>\n\t<meta property=\"og:image:height\" content=\"440\" \/>\n\t<meta property=\"og:image:type\" content=\"image\/jpeg\" \/>\n<meta name=\"twitter:card\" content=\"summary_large_image\" \/>\n<meta name=\"twitter:label1\" content=\"Gesch\u00e4tzte Lesezeit\" \/>\n\t<meta name=\"twitter:data1\" content=\"1 Minute\" \/>\n<script type=\"application\/ld+json\" class=\"yoast-schema-graph\">{\"@context\":\"https:\/\/schema.org\",\"@graph\":[{\"@type\":\"WebPage\",\"@id\":\"https:\/\/www.sime-tek.com\/de\/produkte\/eiersortiermaschinen\/\",\"url\":\"https:\/\/www.sime-tek.com\/de\/produkte\/eiersortiermaschinen\/\",\"name\":\"Eiersortiermaschinen - Automatische Eiermaschinen | Sime-Tek\",\"isPartOf\":{\"@id\":\"https:\/\/www.sime-tek.com\/de\/#website\"},\"datePublished\":\"2020-10-20T08:17:02+00:00\",\"dateModified\":\"2022-10-11T12:55:13+00:00\",\"description\":\"Sortiermaschinen von Sime-Tek sind einfach zu bedienen, zuverl\u00e4ssig, vielseitig und bieten eine vollst\u00e4ndige Automatisierung. Nach einem modularen Konzept gebaut, k\u00f6nnen sie f\u00fcr jeden Kunden individuell angepasst werden.\",\"breadcrumb\":{\"@id\":\"https:\/\/www.sime-tek.com\/de\/produkte\/eiersortiermaschinen\/#breadcrumb\"},\"inLanguage\":\"de-DE\",\"potentialAction\":[{\"@type\":\"ReadAction\",\"target\":[\"https:\/\/www.sime-tek.com\/de\/produkte\/eiersortiermaschinen\/\"]}]},{\"@type\":\"BreadcrumbList\",\"@id\":\"https:\/\/www.sime-tek.com\/de\/produkte\/eiersortiermaschinen\/#breadcrumb\",\"itemListElement\":[{\"@type\":\"ListItem\",\"position\":1,\"name\":\"Home\",\"item\":\"https:\/\/www.sime-tek.com\/de\/home\/\"},{\"@type\":\"ListItem\",\"position\":2,\"name\":\"Produkte\",\"item\":\"https:\/\/www.sime-tek.com\/de\/produkte\/\"},{\"@type\":\"ListItem\",\"position\":3,\"name\":\"Eiersortiermaschinen\"}]},{\"@type\":\"WebSite\",\"@id\":\"https:\/\/www.sime-tek.com\/de\/#website\",\"url\":\"https:\/\/www.sime-tek.com\/de\/\",\"name\":\"Sime-tek\",\"description\":\"\",\"potentialAction\":[{\"@type\":\"SearchAction\",\"target\":{\"@type\":\"EntryPoint\",\"urlTemplate\":\"https:\/\/www.sime-tek.com\/de\/?s={search_term_string}\"},\"query-input\":\"required name=search_term_string\"}],\"inLanguage\":\"de-DE\"}]}<\/script>\n<!-- \/ Yoast SEO plugin. -->","yoast_head_json":{"title":"Eiersortiermaschinen - Automatische Eiermaschinen | Sime-Tek","description":"Sortiermaschinen von Sime-Tek sind einfach zu bedienen, zuverl\u00e4ssig, vielseitig und bieten eine vollst\u00e4ndige Automatisierung. Nach einem modularen Konzept gebaut, k\u00f6nnen sie f\u00fcr jeden Kunden individuell angepasst werden.","robots":{"index":"index","follow":"follow","max-snippet":"max-snippet:-1","max-image-preview":"max-image-preview:large","max-video-preview":"max-video-preview:-1"},"canonical":"https:\/\/www.sime-tek.com\/de\/produkte\/eiersortiermaschinen\/","og_locale":"de_DE","og_type":"article","og_title":"Eiersortiermaschinen - Automatische Eiermaschinen | Sime-Tek","og_description":"Sortiermaschinen von Sime-Tek sind einfach zu bedienen, zuverl\u00e4ssig, vielseitig und bieten eine vollst\u00e4ndige Automatisierung. Nach einem modularen Konzept gebaut, k\u00f6nnen sie f\u00fcr jeden Kunden individuell angepasst werden.","og_url":"https:\/\/www.sime-tek.com\/de\/produkte\/eiersortiermaschinen\/","og_site_name":"Sime-tek","article_modified_time":"2022-10-11T12:55:13+00:00","og_image":[{"width":1244,"height":440,"url":"https:\/\/www.sime-tek.com\/wp-content\/uploads\/2020\/10\/selezionatrici-uova-1.jpg","type":"image\/jpeg"}],"twitter_card":"summary_large_image","twitter_misc":{"Gesch\u00e4tzte Lesezeit":"1 Minute"},"schema":{"@context":"https:\/\/schema.org","@graph":[{"@type":"WebPage","@id":"https:\/\/www.sime-tek.com\/de\/produkte\/eiersortiermaschinen\/","url":"https:\/\/www.sime-tek.com\/de\/produkte\/eiersortiermaschinen\/","name":"Eiersortiermaschinen - Automatische Eiermaschinen | Sime-Tek","isPartOf":{"@id":"https:\/\/www.sime-tek.com\/de\/#website"},"datePublished":"2020-10-20T08:17:02+00:00","dateModified":"2022-10-11T12:55:13+00:00","description":"Sortiermaschinen von Sime-Tek sind einfach zu bedienen, zuverl\u00e4ssig, vielseitig und bieten eine vollst\u00e4ndige Automatisierung. Nach einem modularen Konzept gebaut, k\u00f6nnen sie f\u00fcr jeden Kunden individuell angepasst werden.","breadcrumb":{"@id":"https:\/\/www.sime-tek.com\/de\/produkte\/eiersortiermaschinen\/#breadcrumb"},"inLanguage":"de-DE","potentialAction":[{"@type":"ReadAction","target":["https:\/\/www.sime-tek.com\/de\/produkte\/eiersortiermaschinen\/"]}]},{"@type":"BreadcrumbList","@id":"https:\/\/www.sime-tek.com\/de\/produkte\/eiersortiermaschinen\/#breadcrumb","itemListElement":[{"@type":"ListItem","position":1,"name":"Home","item":"https:\/\/www.sime-tek.com\/de\/home\/"},{"@type":"ListItem","position":2,"name":"Produkte","item":"https:\/\/www.sime-tek.com\/de\/produkte\/"},{"@type":"ListItem","position":3,"name":"Eiersortiermaschinen"}]},{"@type":"WebSite","@id":"https:\/\/www.sime-tek.com\/de\/#website","url":"https:\/\/www.sime-tek.com\/de\/","name":"Sime-tek","description":"","potentialAction":[{"@type":"SearchAction","target":{"@type":"EntryPoint","urlTemplate":"https:\/\/www.sime-tek.com\/de\/?s={search_term_string}"},"query-input":"required name=search_term_string"}],"inLanguage":"de-DE"}]}},"wps_subtitle":"Cerchi un altro tipo di selezionatrice?","_links":{"self":[{"href":"https:\/\/www.sime-tek.com\/de\/wp-json\/wp\/v2\/pages\/2207"}],"collection":[{"href":"https:\/\/www.sime-tek.com\/de\/wp-json\/wp\/v2\/pages"}],"about":[{"href":"https:\/\/www.sime-tek.com\/de\/wp-json\/wp\/v2\/types\/page"}],"author":[{"embeddable":true,"href":"https:\/\/www.sime-tek.com\/de\/wp-json\/wp\/v2\/users\/1"}],"replies":[{"embeddable":true,"href":"https:\/\/www.sime-tek.com\/de\/wp-json\/wp\/v2\/comments?post=2207"}],"version-history":[{"count":3,"href":"https:\/\/www.sime-tek.com\/de\/wp-json\/wp\/v2\/pages\/2207\/revisions"}],"predecessor-version":[{"id":3805,"href":"https:\/\/www.sime-tek.com\/de\/wp-json\/wp\/v2\/pages\/2207\/revisions\/3805"}],"up":[{"embeddable":true,"href":"https:\/\/www.sime-tek.com\/de\/wp-json\/wp\/v2\/pages\/2201"}],"wp:featuredmedia":[{"embeddable":true,"href":"https:\/\/www.sime-tek.com\/de\/wp-json\/wp\/v2\/media\/2209"}],"wp:attachment":[{"href":"https:\/\/www.sime-tek.com\/de\/wp-json\/wp\/v2\/media?parent=2207"}],"curies":[{"name":"wp","href":"https:\/\/api.w.org\/{rel}","templated":true}]}}